{"id":59,"date":"2015-08-26T16:52:43","date_gmt":"2015-08-26T16:52:43","guid":{"rendered":"https:\/\/rightstuff.eu\/?page_id=59"},"modified":"2024-08-09T11:03:08","modified_gmt":"2024-08-09T09:03:08","slug":"delivery","status":"publish","type":"page","link":"https:\/\/rightstuff.eu\/pl\/delivery\/","title":{"rendered":"Dostawa"},"content":{"rendered":"<p>Zam\u00f3wienia z\u0142o\u017cone na stronie internetowej s\u0105 wysy\u0142ane w ci\u0105gu 2 dni.<\/p>\n<p>Mamy 2 opcje wysy\u0142ki:<\/p>\n<ol>\n<li>\u201cStandard\u201d \u2013 Shipping by Registered Mail , EU ONLY, with Tracking number (free for the machines), delivery time 3-7 days (Poland) from 10 days and up to 15 days (Rest of EU).<\/li>\n<li>\u201cExpress\u201d \u2013 Sipping by FedEX or other express company, delivery time 1-3 days (Poland) from 3 days and up to 14 days (Rest of the world)..<\/li>\n<\/ol>\n<ul>\n<li><strong>UWAGA, CZAS DOSTAWY NIE UWZGL\u0118DNIA CZASU OCZEKIWANIA NA ODPRAW\u0118 CELN\u0104 W KRAJU PRZEZNACZENIA<\/strong><\/li>\n<\/ul>","protected":false},"excerpt":{"rendered":"<p>Orders placed on website ship up to 2 days. We\u00a0have 2 shipping options: &#8220;Standard&#8221; &#8211; Shipping by Registered Mail , EU ONLY, with Tracking number (free for the machines), delivery time 3-7 days (Poland) from 10 days and up to 15 days (Rest of EU). &#8220;Express&#8221; &#8211; Sipping by FedEX or other express company, delivery [&hellip;]<\/p>\n","protected":false},"author":1,"featured_media":0,"parent":0,"menu_order":0,"comment_status":"closed","ping_status":"closed","template":"","meta":{"site-sidebar-layout":"default","site-content-layout":"","ast-site-content-layout":"default","site-content-style":"default","site-sidebar-style":"default","ast-global-header-display":"","ast-banner-title-visibility":"","ast-main-header-display":"","ast-hfb-above-header-display":"","ast-hfb-below-header-display":"","ast-hfb-mobile-header-display":"","site-post-title":"","ast-breadcrumbs-content":"","ast-featured-img":"","footer-sml-layout":"","ast-disable-related-posts":"","theme-transparent-header-meta":"","adv-header-id-meta":"","stick-header-meta":"","header-above-stick-meta":"","header-main-stick-meta":"","header-below-stick-meta":"","astra-migrate-meta-layouts":"set","ast-page-background-enabled":"default","ast-page-background-meta":{"desktop":{"background-color":"var(--ast-global-color-4)","background-image":"","background-repeat":"repeat","background-position":"center center","background-size":"auto","background-attachment":"scroll","background-type":"","background-media":"","overlay-type":"","overlay-color":"","overlay-opacity":"","overlay-gradient":""},"tablet":{"background-color":"","background-image":"","background-repeat":"repeat","background-position":"center center","background-size":"auto","background-attachment":"scroll","background-type":"","background-media":"","overlay-type":"","overlay-color":"","overlay-opacity":"","overlay-gradient":""},"mobile":{"background-color":"","background-image":"","background-repeat":"repeat","background-position":"center center","background-size":"auto","background-attachment":"scroll","background-type":"","background-media":"","overlay-type":"","overlay-color":"","overlay-opacity":"","overlay-gradient":""}},"ast-content-background-meta":{"desktop":{"background-color":"var(--ast-global-color-5)","background-image":"","background-repeat":"repeat","background-position":"center center","background-size":"auto","background-attachment":"scroll","background-type":"","background-media":"","overlay-type":"","overlay-color":"","overlay-opacity":"","overlay-gradient":""},"tablet":{"background-color":"var(--ast-global-color-5)","background-image":"","background-repeat":"repeat","background-position":"center center","background-size":"auto","background-attachment":"scroll","background-type":"","background-media":"","overlay-type":"","overlay-color":"","overlay-opacity":"","overlay-gradient":""},"mobile":{"background-color":"var(--ast-global-color-5)","background-image":"","background-repeat":"repeat","background-position":"center center","background-size":"auto","background-attachment":"scroll","background-type":"","background-media":"","overlay-type":"","overlay-color":"","overlay-opacity":"","overlay-gradient":""}},"footnotes":""},"class_list":["post-59","page","type-page","status-publish","hentry"],"_links":{"self":[{"href":"https:\/\/rightstuff.eu\/pl\/wp-json\/wp\/v2\/pages\/59","targetHints":{"allow":["GET"]}}],"collection":[{"href":"https:\/\/rightstuff.eu\/pl\/wp-json\/wp\/v2\/pages"}],"about":[{"href":"https:\/\/rightstuff.eu\/pl\/wp-json\/wp\/v2\/types\/page"}],"author":[{"embeddable":true,"href":"https:\/\/rightstuff.eu\/pl\/wp-json\/wp\/v2\/users\/1"}],"replies":[{"embeddable":true,"href":"https:\/\/rightstuff.eu\/pl\/wp-json\/wp\/v2\/comments?post=59"}],"version-history":[{"count":0,"href":"https:\/\/rightstuff.eu\/pl\/wp-json\/wp\/v2\/pages\/59\/revisions"}],"wp:attachment":[{"href":"https:\/\/rightstuff.eu\/pl\/wp-json\/wp\/v2\/media?parent=59"}],"curies":[{"name":"wp","href":"https:\/\/api.w.org\/{rel}","templated":true}]}}