{"id":31051,"date":"2018-04-12T12:27:09","date_gmt":"2018-04-12T09:27:09","guid":{"rendered":"https:\/\/rightstuff.eu\/?page_id=31051"},"modified":"2018-06-26T10:09:58","modified_gmt":"2018-06-26T07:09:58","slug":"discounts","status":"publish","type":"page","link":"https:\/\/rightstuff.eu\/pl\/discounts\/","title":{"rendered":"Rabaty"},"content":{"rendered":"<p>Nadchodzi czas, kiedy ka\u017cdy zaczyna my\u015ble\u0107 o ratowaniu bud\u017cetu, a wszyscy rozumiemy, \u017ce przy stale rosn\u0105cych cenach ta kwestia jest szczeg\u00f3lnie istotna. Wtedy zaczynamy przegl\u0105da\u0107 cenniki w sklepach internetowych, szukaj\u0105c r\u00f3\u017cnego rodzaju wyprzeda\u017cy i promocji na interesuj\u0105ce nas towary.<\/p>\n<p>Na naszej stronie znajdziesz wiele przydatnych informacji o promocjach i wyprzeda\u017cach na maszynki do tatua\u017cu w\u0142asnej produkcji oraz materia\u0142y eksploatacyjne do tatua\u017cu! Jeste\u015bmy wdzi\u0119czni, \u017ce zosta\u0142e\u015b naszym klientem i postaramy si\u0119 zrobi\u0107 wszystko, co mo\u017cliwe i niemo\u017cliwe, aby Twoje zakupy by\u0142y op\u0142acalne.<\/p>\n<p>Ponadto opublikowali\u015bmy wiele pomocnych i poznawczych artyku\u0142\u00f3w na temat produktu i r\u00f3\u017cnych przedmiot\u00f3w na temat tatua\u017cu.<\/p>\n<p>Wszystkie rabaty i promocje s\u0105 stale aktualizowane, zajrzyj na stron\u0119 Rightstuff.eu i nie przegap swoich korzy\u015bci!<\/p>\n<p>Mo\u017cesz mie\u0107 absolutn\u0105 pewno\u015b\u0107, \u017ce nabywaj\u0105c profesjonalny sprz\u0119t do tatua\u017cu zapewniasz sobie maksymalny komfort pracy, a swoim klientom doskona\u0142e rezultaty zgodne z ich \u017cyczeniami.<\/p>","protected":false},"excerpt":{"rendered":"<p>There comes a time when everyone starts to think about saving the budget, and we all understand that at constantly rising prices this issue is especially relevant. Then we start looking at price lists in online stores, looking for all sorts of sales and promotions for the goods we are interested in. On our site [&hellip;]<\/p>\n","protected":false},"author":1,"featured_media":0,"parent":0,"menu_order":0,"comment_status":"closed","ping_status":"closed","template":"","meta":{"site-sidebar-layout":"default","site-content-layout":"","ast-site-content-layout":"default","site-content-style":"default","site-sidebar-style":"default","ast-global-header-display":"","ast-banner-title-visibility":"","ast-main-header-display":"","ast-hfb-above-header-display":"","ast-hfb-below-header-display":"","ast-hfb-mobile-header-display":"","site-post-title":"","ast-breadcrumbs-content":"","ast-featured-img":"","footer-sml-layout":"","ast-disable-related-posts":"","theme-transparent-header-meta":"","adv-header-id-meta":"","stick-header-meta":"","header-above-stick-meta":"","header-main-stick-meta":"","header-below-stick-meta":"","astra-migrate-meta-layouts":"default","ast-page-background-enabled":"default","ast-page-background-meta":{"desktop":{"background-color":"var(--ast-global-color-4)","background-image":"","background-repeat":"repeat","background-position":"center center","background-size":"auto","background-attachment":"scroll","background-type":"","background-media":"","overlay-type":"","overlay-color":"","overlay-opacity":"","overlay-gradient":""},"tablet":{"background-color":"","background-image":"","background-repeat":"repeat","background-position":"center center","background-size":"auto","background-attachment":"scroll","background-type":"","background-media":"","overlay-type":"","overlay-color":"","overlay-opacity":"","overlay-gradient":""},"mobile":{"background-color":"","background-image":"","background-repeat":"repeat","background-position":"center center","background-size":"auto","background-attachment":"scroll","background-type":"","background-media":"","overlay-type":"","overlay-color":"","overlay-opacity":"","overlay-gradient":""}},"ast-content-background-meta":{"desktop":{"background-color":"var(--ast-global-color-5)","background-image":"","background-repeat":"repeat","background-position":"center center","background-size":"auto","background-attachment":"scroll","background-type":"","background-media":"","overlay-type":"","overlay-color":"","overlay-opacity":"","overlay-gradient":""},"tablet":{"background-color":"var(--ast-global-color-5)","background-image":"","background-repeat":"repeat","background-position":"center center","background-size":"auto","background-attachment":"scroll","background-type":"","background-media":"","overlay-type":"","overlay-color":"","overlay-opacity":"","overlay-gradient":""},"mobile":{"background-color":"var(--ast-global-color-5)","background-image":"","background-repeat":"repeat","background-position":"center center","background-size":"auto","background-attachment":"scroll","background-type":"","background-media":"","overlay-type":"","overlay-color":"","overlay-opacity":"","overlay-gradient":""}},"footnotes":""},"class_list":["post-31051","page","type-page","status-publish","hentry"],"_links":{"self":[{"href":"https:\/\/rightstuff.eu\/pl\/wp-json\/wp\/v2\/pages\/31051","targetHints":{"allow":["GET"]}}],"collection":[{"href":"https:\/\/rightstuff.eu\/pl\/wp-json\/wp\/v2\/pages"}],"about":[{"href":"https:\/\/rightstuff.eu\/pl\/wp-json\/wp\/v2\/types\/page"}],"author":[{"embeddable":true,"href":"https:\/\/rightstuff.eu\/pl\/wp-json\/wp\/v2\/users\/1"}],"replies":[{"embeddable":true,"href":"https:\/\/rightstuff.eu\/pl\/wp-json\/wp\/v2\/comments?post=31051"}],"version-history":[{"count":0,"href":"https:\/\/rightstuff.eu\/pl\/wp-json\/wp\/v2\/pages\/31051\/revisions"}],"wp:attachment":[{"href":"https:\/\/rightstuff.eu\/pl\/wp-json\/wp\/v2\/media?parent=31051"}],"curies":[{"name":"wp","href":"https:\/\/api.w.org\/{rel}","templated":true}]}}