{"id":57677,"date":"2025-04-29T19:03:02","date_gmt":"2025-04-29T17:03:02","guid":{"rendered":"https:\/\/rightstuff.eu\/?post_type=product&#038;p=57677"},"modified":"2025-12-04T13:11:03","modified_gmt":"2025-12-04T12:11:03","slug":"tondaus-skin-marker-sterile","status":"publish","type":"product","link":"https:\/\/rightstuff.eu\/it\/prodotto\/tondaus-skin-marker-sterile\/","title":{"rendered":"Marcatore cutaneo sterile Tondaus"},"content":{"rendered":"<p><span class=\"\">I marcatori cutanei chirurgici TONDAUS\u2122 sono progettati per consentire al chirurgo di marcare facilmente aree selezionate prima o durante gli interventi. Questo risultato \u00e8 ottenuto grazie a una soluzione di genziana violetta, resistente allo sfregamento, non tossica e altamente visibile. Il righello incluso in ogni confezione consente di effettuare misurazioni precise (con indicazione metrica e in pollici). Allo stesso tempo, \u00e8 flessibile e si adatta a tutti i contorni del corpo.<\/span><\/p>\n<h3>Caratteristiche:<\/h3>\n<ul>\n<li>punta bifacciale: 0,5 mm e 1,0 mm,<\/li>\n<li>prodotto ad asciugatura rapida,<\/li>\n<li>resistente ai disinfettanti,<\/li>\n<li>viola,<\/li>\n<li>righello incluso,<\/li>\n<li>scala aggiuntiva stampata sul marcatore,<\/li>\n<li>sterile,<\/li>\n<li>imballaggio: carta-foglio.<\/li>\n<\/ul>\n<p>Il marcatore cutaneo chirurgico che offriamo \u00e8 un prodotto in grado di soddisfare anche le esigenze pi\u00f9 elevate. Rende molto pi\u00f9 semplice la marcatura della pelle, ad esempio durante gli interventi chirurgici. Pu\u00f2 essere utilizzato sia in chirurgia plastica che in chirurgia generale, cos\u00ec come in radiologia, dermatologia o nei laboratori di radiografia.<\/p>\n<p>Il prodotto \u00e8 destinato esclusivamente all'uso professionale.<\/p>","protected":false},"excerpt":{"rendered":"<ul>\n<li>punta bifacciale: 0,5 mm e 1,0 mm,<\/li>\n<li>prodotto ad asciugatura rapida,<\/li>\n<li>resistente ai disinfettanti,<\/li>\n<li>viola,<\/li>\n<li>righello incluso,<\/li>\n<li>scala aggiuntiva stampata sul marcatore,<\/li>\n<li>sterile,<\/li>\n<li>imballaggio: carta-foglio.<\/li>\n<\/ul>","protected":false},"featured_media":57474,"comment_status":"open","ping_status":"closed","template":"","meta":{"site-sidebar-layout":"default","site-content-layout":"","ast-site-content-layout":"default","site-content-style":"default","site-sidebar-style":"default","ast-global-header-display":"","ast-banner-title-visibility":"","ast-main-header-display":"","ast-hfb-above-header-display":"","ast-hfb-below-header-display":"","ast-hfb-mobile-header-display":"","site-post-title":"","ast-breadcrumbs-content":"","ast-featured-img":"","footer-sml-layout":"","ast-disable-related-posts":"","theme-transparent-header-meta":"default","adv-header-id-meta":"","stick-header-meta":"default","header-above-stick-meta":"","header-main-stick-meta":"","header-below-stick-meta":"","astra-migrate-meta-layouts":"set","ast-page-background-enabled":"default","ast-page-background-meta":{"desktop":{"background-color":"var(--ast-global-color-4)","background-image":"","background-repeat":"repeat","background-position":"center center","background-size":"auto","background-attachment":"scroll","background-type":"","background-media":"","overlay-type":"","overlay-color":"","overlay-opacity":"","overlay-gradient":""},"tablet":{"background-color":"","background-image":"","background-repeat":"repeat","background-position":"center center","background-size":"auto","background-attachment":"scroll","background-type":"","background-media":"","overlay-type":"","overlay-color":"","overlay-opacity":"","overlay-gradient":""},"mobile":{"background-color":"","background-image":"","background-repeat":"repeat","background-position":"center center","background-size":"auto","background-attachment":"scroll","background-type":"","background-media":"","overlay-type":"","overlay-color":"","overlay-opacity":"","overlay-gradient":""}},"ast-content-background-meta":{"desktop":{"background-color":"var(--ast-global-color-5)","background-image":"","background-repeat":"repeat","background-position":"center center","background-size":"auto","background-attachment":"scroll","background-type":"","background-media":"","overlay-type":"","overlay-color":"","overlay-opacity":"","overlay-gradient":""},"tablet":{"background-color":"var(--ast-global-color-5)","background-image":"","background-repeat":"repeat","background-position":"center center","background-size":"auto","background-attachment":"scroll","background-type":"","background-media":"","overlay-type":"","overlay-color":"","overlay-opacity":"","overlay-gradient":""},"mobile":{"background-color":"var(--ast-global-color-5)","background-image":"","background-repeat":"repeat","background-position":"center center","background-size":"auto","background-attachment":"scroll","background-type":"","background-media":"","overlay-type":"","overlay-color":"","overlay-opacity":"","overlay-gradient":""}}},"product_brand":[],"product_cat":[1986,2003],"product_tag":[],"class_list":{"0":"post-57677","1":"product","2":"type-product","3":"status-publish","4":"has-post-thumbnail","6":"product_cat-transfer","7":"product_cat-studio-supplies","8":"desktop-align-center","9":"tablet-align-left","10":"mobile-align-left","11":"ast-product-gallery-layout-horizontal-slider","12":"ast-product-tabs-layout-horizontal","14":"first","15":"outofstock","16":"taxable","17":"shipping-taxable","18":"purchasable","19":"product-type-simple"},"_links":{"self":[{"href":"https:\/\/rightstuff.eu\/it\/wp-json\/wp\/v2\/product\/57677","targetHints":{"allow":["GET"]}}],"collection":[{"href":"https:\/\/rightstuff.eu\/it\/wp-json\/wp\/v2\/product"}],"about":[{"href":"https:\/\/rightstuff.eu\/it\/wp-json\/wp\/v2\/types\/product"}],"replies":[{"embeddable":true,"href":"https:\/\/rightstuff.eu\/it\/wp-json\/wp\/v2\/comments?post=57677"}],"version-history":[{"count":0,"href":"https:\/\/rightstuff.eu\/it\/wp-json\/wp\/v2\/product\/57677\/revisions"}],"wp:featuredmedia":[{"embeddable":true,"href":"https:\/\/rightstuff.eu\/it\/wp-json\/wp\/v2\/media\/57474"}],"wp:attachment":[{"href":"https:\/\/rightstuff.eu\/it\/wp-json\/wp\/v2\/media?parent=57677"}],"wp:term":[{"taxonomy":"product_brand","embeddable":true,"href":"https:\/\/rightstuff.eu\/it\/wp-json\/wp\/v2\/product_brand?post=57677"},{"taxonomy":"product_cat","embeddable":true,"href":"https:\/\/rightstuff.eu\/it\/wp-json\/wp\/v2\/product_cat?post=57677"},{"taxonomy":"product_tag","embeddable":true,"href":"https:\/\/rightstuff.eu\/it\/wp-json\/wp\/v2\/product_tag?post=57677"}],"curies":[{"name":"wp","href":"https:\/\/api.w.org\/{rel}","templated":true}]}}