{"id":57615,"date":"2025-04-27T22:21:28","date_gmt":"2025-04-27T20:21:28","guid":{"rendered":"https:\/\/rightstuff.eu\/?post_type=product&#038;p=57615"},"modified":"2025-04-28T12:29:28","modified_gmt":"2025-04-28T10:29:28","slug":"rotary-tattoo-machine-keg-variable-pearl-green","status":"publish","type":"product","link":"https:\/\/rightstuff.eu\/it\/prodotto\/rotary-tattoo-machine-keg-variable-pearl-green\/","title":{"rendered":"Macchina per tatuaggi rotativa -KEG Variabile (Verde Perla)"},"content":{"rendered":"<p>Per creare un tatuaggio, un maestro utilizza una macchina rotante o a induzione. L'esempio pi\u00f9 semplice di unit\u00e0 rotante \u00e8 un dispositivo autocostruito per i dipinti sulla pelle, realizzato con una penna e un piccolo motore. Right Stuff offre ai professionisti che possiedono i loro saloni di tatuaggi o agli artisti, che hanno alcuni pensieri su un'attivit\u00e0 di tatuaggio redditizia, questa perla verde <a href=\"https:\/\/rightstuff.eu\/blog\/best-rotary-tattoo-machines\/\">macchina per tatuaggi rotante<\/a> - Variabile KEG.<\/p>\n<p>Si tratta di un dispositivo di lavoro semplicissimo: questa macchina \u00e8 un'unit\u00e0 efficace per disegnare il contorno di un tatuaggio. Utilizzandola, un maestro potr\u00e0 facilmente ottenere un'elevata precisione nel disegno delle linee del tatuaggio! La macchina rotante migliora le caratteristiche qualitative delle immagini applicate. Grazie alla velocit\u00e0 del movimento dell'ago, il livello di sensazioni dolorose diminuisce e il cliente si sente rilassato. Questo modello non vibra durante il lavoro: l'artista non si sente stanco quando crea un dipinto sulla pelle.<\/p>\n<p>Questo modello in alluminio verde perla pesa solo 140 grammi. La corsa della macchina varia da 1 a 5 millimetri. Il dispositivo funziona a una velocit\u00e0 di 8000 giri al minuto e a una tensione di 6 -13 V.<\/p>","protected":false},"excerpt":{"rendered":"<p>Macchina per tatuaggi rotante<\/p>\n<p>Azionamento diretto<\/p>\n<p>Corsa variabile da 1 mm a 5 mm<br \/>\n8000 GIRI AL MINUTO<br \/>\nTensione preferita 6-13 volt<\/p>\n<p>Aghi consigliati: Fino a 18 Liner, fino a 39 Mag<\/p>\n<p>Cavo a clip + connessione RCA<br \/>\nCorpo in alluminio<br \/>\nPeso 140 gr.<\/p>","protected":false},"featured_media":57618,"comment_status":"open","ping_status":"closed","template":"","meta":{"site-sidebar-layout":"default","site-content-layout":"","ast-site-content-layout":"default","site-content-style":"default","site-sidebar-style":"default","ast-global-header-display":"","ast-banner-title-visibility":"","ast-main-header-display":"","ast-hfb-above-header-display":"","ast-hfb-below-header-display":"","ast-hfb-mobile-header-display":"","site-post-title":"","ast-breadcrumbs-content":"","ast-featured-img":"","footer-sml-layout":"","ast-disable-related-posts":"","theme-transparent-header-meta":"default","adv-header-id-meta":"","stick-header-meta":"default","header-above-stick-meta":"","header-main-stick-meta":"","header-below-stick-meta":"","astra-migrate-meta-layouts":"set","ast-page-background-enabled":"default","ast-page-background-meta":{"desktop":{"background-color":"var(--ast-global-color-4)","background-image":"","background-repeat":"repeat","background-position":"center center","background-size":"auto","background-attachment":"scroll","background-type":"","background-media":"","overlay-type":"","overlay-color":"","overlay-opacity":"","overlay-gradient":""},"tablet":{"background-color":"","background-image":"","background-repeat":"repeat","background-position":"center center","background-size":"auto","background-attachment":"scroll","background-type":"","background-media":"","overlay-type":"","overlay-color":"","overlay-opacity":"","overlay-gradient":""},"mobile":{"background-color":"","background-image":"","background-repeat":"repeat","background-position":"center center","background-size":"auto","background-attachment":"scroll","background-type":"","background-media":"","overlay-type":"","overlay-color":"","overlay-opacity":"","overlay-gradient":""}},"ast-content-background-meta":{"desktop":{"background-color":"var(--ast-global-color-5)","background-image":"","background-repeat":"repeat","background-position":"center center","background-size":"auto","background-attachment":"scroll","background-type":"","background-media":"","overlay-type":"","overlay-color":"","overlay-opacity":"","overlay-gradient":""},"tablet":{"background-color":"var(--ast-global-color-5)","background-image":"","background-repeat":"repeat","background-position":"center center","background-size":"auto","background-attachment":"scroll","background-type":"","background-media":"","overlay-type":"","overlay-color":"","overlay-opacity":"","overlay-gradient":""},"mobile":{"background-color":"var(--ast-global-color-5)","background-image":"","background-repeat":"repeat","background-position":"center center","background-size":"auto","background-attachment":"scroll","background-type":"","background-media":"","overlay-type":"","overlay-color":"","overlay-opacity":"","overlay-gradient":""}}},"product_brand":[],"product_cat":[1995],"product_tag":[101,93,83,74,100,99,87,98,48,97,1792,91,95,23,72],"class_list":{"0":"post-57615","1":"product","2":"type-product","3":"status-publish","4":"has-post-thumbnail","6":"product_cat-variable","7":"product_tag-custom-rotary-machines","8":"product_tag-custom-tattoo-guns","9":"product_tag-custom-tattoo-machines","10":"product_tag-direct-drive-tattoo-machine","11":"product_tag-handmade-rotary-tattoo-machines","12":"product_tag-handmade-tattoo-machines","13":"product_tag-professional-tattoo-machines","14":"product_tag-rotary-tattoo-guns","15":"product_tag-rotary-tattoo-machine","16":"product_tag-rotary-tattoo-pen","17":"product_tag-rotary-tattoomaschinen","18":"product_tag-tattoo-equipment","19":"product_tag-tattoo-guns","20":"product_tag-tattoo-machine","21":"product_tag-tattoo-machine-coils","22":"pa_brand-rightstuff","23":"desktop-align-center","24":"tablet-align-left","25":"mobile-align-left","26":"ast-product-gallery-layout-horizontal-slider","27":"ast-product-tabs-layout-horizontal","29":"first","30":"instock","31":"taxable","32":"shipping-taxable","33":"purchasable","34":"product-type-simple"},"_links":{"self":[{"href":"https:\/\/rightstuff.eu\/it\/wp-json\/wp\/v2\/product\/57615","targetHints":{"allow":["GET"]}}],"collection":[{"href":"https:\/\/rightstuff.eu\/it\/wp-json\/wp\/v2\/product"}],"about":[{"href":"https:\/\/rightstuff.eu\/it\/wp-json\/wp\/v2\/types\/product"}],"replies":[{"embeddable":true,"href":"https:\/\/rightstuff.eu\/it\/wp-json\/wp\/v2\/comments?post=57615"}],"version-history":[{"count":0,"href":"https:\/\/rightstuff.eu\/it\/wp-json\/wp\/v2\/product\/57615\/revisions"}],"wp:featuredmedia":[{"embeddable":true,"href":"https:\/\/rightstuff.eu\/it\/wp-json\/wp\/v2\/media\/57618"}],"wp:attachment":[{"href":"https:\/\/rightstuff.eu\/it\/wp-json\/wp\/v2\/media?parent=57615"}],"wp:term":[{"taxonomy":"product_brand","embeddable":true,"href":"https:\/\/rightstuff.eu\/it\/wp-json\/wp\/v2\/product_brand?post=57615"},{"taxonomy":"product_cat","embeddable":true,"href":"https:\/\/rightstuff.eu\/it\/wp-json\/wp\/v2\/product_cat?post=57615"},{"taxonomy":"product_tag","embeddable":true,"href":"https:\/\/rightstuff.eu\/it\/wp-json\/wp\/v2\/product_tag?post=57615"}],"curies":[{"name":"wp","href":"https:\/\/api.w.org\/{rel}","templated":true}]}}