{"id":56932,"date":"2024-12-24T19:22:02","date_gmt":"2024-12-24T18:22:02","guid":{"rendered":"https:\/\/rightstuff.eu\/?post_type=product&#038;p=56932"},"modified":"2025-01-22T01:27:05","modified_gmt":"2025-01-22T00:27:05","slug":"pen-tattoo-machine-hornet-smoke","status":"publish","type":"product","link":"https:\/\/rightstuff.eu\/it\/prodotto\/pen-tattoo-machine-hornet-smoke\/","title":{"rendered":"Macchina per tatuaggi a penna Hornet (Smoke)"},"content":{"rendered":"<p>Vi presentiamo la macchina per tatuaggi a penna fumogena Hornet: la vostra compagna d'arte del tatuaggio per eccellenza!<\/p>\n<p>Sei pronto a portare il tuo gioco di tatuaggi a un livello superiore? Non cercare oltre la Hornet Grey 32mm Grip Pen Tattoo Machine, uno strumento all'avanguardia progettato per trasformare la tua visione artistica in disegni intricati e sorprendenti.<\/p>\n<p>**Libera la tua creativit\u00e0<br \/>\nRealizzata con precisione e innovazione, la macchina per tatuaggi a penna Hornet Grey ti permette di dare vita alla tua immaginazione artistica. Che tu sia un tatuatore esperto o un appassionato in erba, questa macchinetta garantisce un controllo perfetto e linee impeccabili, permettendoti di creare tatuaggi che sono vere e proprie opere d'arte.<\/p>\n<p>**Il comfort incontra le prestazioni.<br \/>\nCon un'impugnatura ergonomica da 32 mm, la Hornet Pen Tattoo Machine garantisce ore di utilizzo confortevole, permettendoti di concentrarti sul tuo lavoro senza alcun disagio. Il suo design leggero, unito a un motore potente, garantisce prestazioni costanti, per un tatuaggio fluido e dettagliato.<\/p>\n<p>**Igiene e qualit\u00e0 garantite:**<br \/>\nSiamo consapevoli dell'importanza di mantenere elevati standard di igiene e qualit\u00e0 nel processo di tatuaggio. La Hornet Pen Tattoo Machine \u00e8 stata meticolosamente progettata per soddisfare questi standard, garantendo la sicurezza sia dell'artista che del cliente. Il suo innovativo sistema di cartucce non solo \u00e8 facile da sostituire, ma \u00e8 anche compatibile con un'ampia gamma di cartucce, offrendoti la flessibilit\u00e0 di cui hai bisogno.<\/p>\n<p>**Versatilit\u00e0 ridefinita:**<br \/>\nChe tu stia lavorando su dettagli intricati o su contorni decisi, la macchina per tatuaggi a penna Hornet Grey offre una versatilit\u00e0 senza pari. Con una profondit\u00e0 dell'ago regolabile da 1 mm a 3,5 mm, hai la libert\u00e0 di sperimentare diversi stili e tecniche, ottenendo risultati superiori alle aspettative.<\/p>\n<p>**Eccellenza tecnica<br \/>\nLa Hornet Pen Tattoo Machine opera a un'impressionante velocit\u00e0 di 8000 giri al minuto, offrendoti la velocit\u00e0 e la precisione necessarie per realizzare disegni intricati. Con un range di tensione compreso tra 4,5 e 13 V, questa macchinetta si adatta alle tue preferenze, garantendo prestazioni costanti.<\/p>\n<p>Eleva la tua esperienza di tatuaggio con la macchinetta Hornet Grey 32mm Grip Pen Tattoo. Immergiti in un mondo di creativit\u00e0 senza limiti, qualit\u00e0 senza compromessi e precisione senza pari. Che tu sia un tatuatore alla ricerca della perfezione o un creativo che si sta avventurando nel mondo del tatuaggio, questa macchinetta \u00e8 la tua porta d'accesso a un'arte straordinaria.<\/p>\n<p>Sfrutta il potenziale della Hornet Grey Pen Tattoo Machine oggi stesso e lascia il tuo segno nel mondo dei tatuaggi come mai prima d'ora.<\/p>","protected":false},"excerpt":{"rendered":"<p>Macchina per tatuaggi a penna Hornet<br \/>\nImpugnatura 28 mm<\/p>\n<p>Maschera per tatuaggi Stift Hornet<\/p>\n<p>Compatibile con tutte le cartucce standard<\/p>\n<p>Corsa 3,2 mm<br \/>\nProfondit\u00e0 dell'ago variabile fino a 4 mm<br \/>\n8000 GIRI AL MINUTO<br \/>\nTensione preferita 4,5-13 volt<\/p>\n<p>Connessione RCA<br \/>\nCorpo in alluminio<br \/>\nPeso 145 gr.<\/p>","protected":false},"featured_media":56868,"comment_status":"open","ping_status":"closed","template":"","meta":{"site-sidebar-layout":"default","site-content-layout":"default","ast-site-content-layout":"default","site-content-style":"default","site-sidebar-style":"default","ast-global-header-display":"","ast-banner-title-visibility":"","ast-main-header-display":"","ast-hfb-above-header-display":"","ast-hfb-below-header-display":"","ast-hfb-mobile-header-display":"","site-post-title":"","ast-breadcrumbs-content":"","ast-featured-img":"","footer-sml-layout":"","ast-disable-related-posts":"","theme-transparent-header-meta":"default","adv-header-id-meta":"","stick-header-meta":"default","header-above-stick-meta":"","header-main-stick-meta":"","header-below-stick-meta":"","astra-migrate-meta-layouts":"set","ast-page-background-enabled":"default","ast-page-background-meta":{"desktop":{"background-color":"var(--ast-global-color-4)","background-image":"","background-repeat":"repeat","background-position":"center center","background-size":"auto","background-attachment":"scroll","background-type":"","background-media":"","overlay-type":"","overlay-color":"","overlay-opacity":"","overlay-gradient":""},"tablet":{"background-color":"","background-image":"","background-repeat":"repeat","background-position":"center center","background-size":"auto","background-attachment":"scroll","background-type":"","background-media":"","overlay-type":"","overlay-color":"","overlay-opacity":"","overlay-gradient":""},"mobile":{"background-color":"","background-image":"","background-repeat":"repeat","background-position":"center center","background-size":"auto","background-attachment":"scroll","background-type":"","background-media":"","overlay-type":"","overlay-color":"","overlay-opacity":"","overlay-gradient":""}},"ast-content-background-meta":{"desktop":{"background-color":"var(--ast-global-color-5)","background-image":"","background-repeat":"repeat","background-position":"center center","background-size":"auto","background-attachment":"scroll","background-type":"","background-media":"","overlay-type":"","overlay-color":"","overlay-opacity":"","overlay-gradient":""},"tablet":{"background-color":"var(--ast-global-color-5)","background-image":"","background-repeat":"repeat","background-position":"center center","background-size":"auto","background-attachment":"scroll","background-type":"","background-media":"","overlay-type":"","overlay-color":"","overlay-opacity":"","overlay-gradient":""},"mobile":{"background-color":"var(--ast-global-color-5)","background-image":"","background-repeat":"repeat","background-position":"center center","background-size":"auto","background-attachment":"scroll","background-type":"","background-media":"","overlay-type":"","overlay-color":"","overlay-opacity":"","overlay-gradient":""}}},"product_brand":[],"product_cat":[1803],"product_tag":[101,93,100,99,53,1798,50,87,98,48,97,1792,71,91,95,52,41,51],"class_list":{"0":"post-56932","1":"product","2":"type-product","3":"status-publish","4":"has-post-thumbnail","6":"product_cat-pen-tattoo-machines","7":"product_tag-custom-rotary-machines","8":"product_tag-custom-tattoo-guns","9":"product_tag-handmade-rotary-tattoo-machines","10":"product_tag-handmade-tattoo-machines","11":"product_tag-hornet-tattoo-machine","12":"product_tag-maquinas-rotativas-de-tatuaje","13":"product_tag-pen-tattoo-machine","14":"product_tag-professional-tattoo-machines","15":"product_tag-rotary-tattoo-guns","16":"product_tag-rotary-tattoo-machine","17":"product_tag-rotary-tattoo-pen","18":"product_tag-rotary-tattoomaschinen","19":"product_tag-tattoo-cartridges","20":"product_tag-tattoo-equipment","21":"product_tag-tattoo-guns","22":"product_tag-tattoo-machine-pen","23":"product_tag-tattoo-machines","24":"product_tag-tattoo-pen","25":"desktop-align-center","26":"tablet-align-left","27":"mobile-align-left","28":"ast-product-gallery-layout-horizontal-slider","29":"ast-product-tabs-layout-horizontal","31":"first","32":"instock","33":"taxable","34":"shipping-taxable","35":"purchasable","36":"product-type-simple"},"_links":{"self":[{"href":"https:\/\/rightstuff.eu\/it\/wp-json\/wp\/v2\/product\/56932","targetHints":{"allow":["GET"]}}],"collection":[{"href":"https:\/\/rightstuff.eu\/it\/wp-json\/wp\/v2\/product"}],"about":[{"href":"https:\/\/rightstuff.eu\/it\/wp-json\/wp\/v2\/types\/product"}],"replies":[{"embeddable":true,"href":"https:\/\/rightstuff.eu\/it\/wp-json\/wp\/v2\/comments?post=56932"}],"version-history":[{"count":0,"href":"https:\/\/rightstuff.eu\/it\/wp-json\/wp\/v2\/product\/56932\/revisions"}],"wp:featuredmedia":[{"embeddable":true,"href":"https:\/\/rightstuff.eu\/it\/wp-json\/wp\/v2\/media\/56868"}],"wp:attachment":[{"href":"https:\/\/rightstuff.eu\/it\/wp-json\/wp\/v2\/media?parent=56932"}],"wp:term":[{"taxonomy":"product_brand","embeddable":true,"href":"https:\/\/rightstuff.eu\/it\/wp-json\/wp\/v2\/product_brand?post=56932"},{"taxonomy":"product_cat","embeddable":true,"href":"https:\/\/rightstuff.eu\/it\/wp-json\/wp\/v2\/product_cat?post=56932"},{"taxonomy":"product_tag","embeddable":true,"href":"https:\/\/rightstuff.eu\/it\/wp-json\/wp\/v2\/product_tag?post=56932"}],"curies":[{"name":"wp","href":"https:\/\/api.w.org\/{rel}","templated":true}]}}