{"id":56551,"date":"2024-12-21T16:19:43","date_gmt":"2024-12-21T15:19:43","guid":{"rendered":"https:\/\/rightstuff.eu\/?post_type=product&#038;p=56551"},"modified":"2026-02-09T02:32:43","modified_gmt":"2026-02-09T01:32:43","slug":"rotary-tattoo-machine-cross-prl-grn","status":"publish","type":"product","link":"https:\/\/rightstuff.eu\/it\/prodotto\/rotary-tattoo-machine-cross-prl-grn\/","title":{"rendered":"Macchina per tatuaggi a rotazione - edizione CROSS x Kilian D'Angelo"},"content":{"rendered":"<p>Macchina per tatuaggi ibrida Cross con connessione RCA. La macchinetta rotante CROSS x Kilian D'Angelo edition realizzata in collaborazione con il tatuatore Kilian D'Angelo. La macchina \u00e8 realizzata in alluminio e ha un peso di 70 grammi. La macchinetta CROSS Hybrid lavora con una velocit\u00e0 fino a 10000 giri al minuto e la tensione ottimale \u00e8 di 4,5-5 volt. La corsa della macchina \u00e8 di 4,5 mm. La macchinetta rotativa CROSS x Kilian D'Angelo edition \u00e8 una delle migliori macchine per professionisti. La macchina \u00e8 dotata di una molla di alta qualit\u00e0 e di un cuscinetto di alta qualit\u00e0 per una maggiore durata.  La macchinetta rotante CROSS x Kilian D'Angelo edition \u00e8 una macchina per tatuaggi di alta qualit\u00e0 ed \u00e8 stata progettata pensando ai tatuatori professionisti.<\/p>","protected":false},"excerpt":{"rendered":"<p>Edizione CROSS x Kilian D'Angelo<\/p>\n<p>Impostazione soft-realistica.<\/p>\n<p>Corsa di 4,5 mm<br \/>\n10 000 RPM<br \/>\nTensione preferita 4,5-7 volt.<\/p>\n<p>Aghi consigliati: Fino a 14 Liner, fino a 48 Mag<\/p>\n<p>Preferibile lavorare con le cartucce,<\/p>\n<p>NOTA: per avviare la macchina con la cartuccia, l'alimentatore deve avere la funzione \u201cjump start\u201d.<\/p>\n<p>Connessione RCA<br \/>\nCorpo in alluminio<br \/>\nPeso 70 gr.<\/p>","protected":false},"featured_media":58435,"comment_status":"open","ping_status":"closed","template":"","meta":{"site-sidebar-layout":"default","site-content-layout":"","ast-site-content-layout":"default","site-content-style":"default","site-sidebar-style":"default","ast-global-header-display":"","ast-banner-title-visibility":"","ast-main-header-display":"","ast-hfb-above-header-display":"","ast-hfb-below-header-display":"","ast-hfb-mobile-header-display":"","site-post-title":"","ast-breadcrumbs-content":"","ast-featured-img":"","footer-sml-layout":"","ast-disable-related-posts":"","theme-transparent-header-meta":"default","adv-header-id-meta":"","stick-header-meta":"default","header-above-stick-meta":"","header-main-stick-meta":"","header-below-stick-meta":"","astra-migrate-meta-layouts":"set","ast-page-background-enabled":"default","ast-page-background-meta":{"desktop":{"background-color":"var(--ast-global-color-4)","background-image":"","background-repeat":"repeat","background-position":"center center","background-size":"auto","background-attachment":"scroll","background-type":"","background-media":"","overlay-type":"","overlay-color":"","overlay-opacity":"","overlay-gradient":""},"tablet":{"background-color":"","background-image":"","background-repeat":"repeat","background-position":"center center","background-size":"auto","background-attachment":"scroll","background-type":"","background-media":"","overlay-type":"","overlay-color":"","overlay-opacity":"","overlay-gradient":""},"mobile":{"background-color":"","background-image":"","background-repeat":"repeat","background-position":"center center","background-size":"auto","background-attachment":"scroll","background-type":"","background-media":"","overlay-type":"","overlay-color":"","overlay-opacity":"","overlay-gradient":""}},"ast-content-background-meta":{"desktop":{"background-color":"var(--ast-global-color-5)","background-image":"","background-repeat":"repeat","background-position":"center center","background-size":"auto","background-attachment":"scroll","background-type":"","background-media":"","overlay-type":"","overlay-color":"","overlay-opacity":"","overlay-gradient":""},"tablet":{"background-color":"var(--ast-global-color-5)","background-image":"","background-repeat":"repeat","background-position":"center center","background-size":"auto","background-attachment":"scroll","background-type":"","background-media":"","overlay-type":"","overlay-color":"","overlay-opacity":"","overlay-gradient":""},"mobile":{"background-color":"var(--ast-global-color-5)","background-image":"","background-repeat":"repeat","background-position":"center center","background-size":"auto","background-attachment":"scroll","background-type":"","background-media":"","overlay-type":"","overlay-color":"","overlay-opacity":"","overlay-gradient":""}}},"product_brand":[],"product_cat":[1993],"product_tag":[101,93,83,100,99,1798,87,98,48,1806,97,1792,91,95,23],"class_list":{"0":"post-56551","1":"product","2":"type-product","3":"status-publish","4":"has-post-thumbnail","6":"product_cat-cross","7":"product_tag-custom-rotary-machines","8":"product_tag-custom-tattoo-guns","9":"product_tag-custom-tattoo-machines","10":"product_tag-handmade-rotary-tattoo-machines","11":"product_tag-handmade-tattoo-machines","12":"product_tag-maquinas-rotativas-de-tatuaje","13":"product_tag-professional-tattoo-machines","14":"product_tag-rotary-tattoo-guns","15":"product_tag-rotary-tattoo-machine","16":"product_tag-rotary-tattoo-machines","17":"product_tag-rotary-tattoo-pen","18":"product_tag-rotary-tattoomaschinen","19":"product_tag-tattoo-equipment","20":"product_tag-tattoo-guns","21":"product_tag-tattoo-machine","22":"desktop-align-center","23":"tablet-align-left","24":"mobile-align-left","25":"ast-product-gallery-layout-horizontal-slider","26":"ast-product-tabs-layout-horizontal","28":"first","29":"instock","30":"taxable","31":"shipping-taxable","32":"purchasable","33":"product-type-simple"},"_links":{"self":[{"href":"https:\/\/rightstuff.eu\/it\/wp-json\/wp\/v2\/product\/56551","targetHints":{"allow":["GET"]}}],"collection":[{"href":"https:\/\/rightstuff.eu\/it\/wp-json\/wp\/v2\/product"}],"about":[{"href":"https:\/\/rightstuff.eu\/it\/wp-json\/wp\/v2\/types\/product"}],"replies":[{"embeddable":true,"href":"https:\/\/rightstuff.eu\/it\/wp-json\/wp\/v2\/comments?post=56551"}],"version-history":[{"count":0,"href":"https:\/\/rightstuff.eu\/it\/wp-json\/wp\/v2\/product\/56551\/revisions"}],"wp:featuredmedia":[{"embeddable":true,"href":"https:\/\/rightstuff.eu\/it\/wp-json\/wp\/v2\/media\/58435"}],"wp:attachment":[{"href":"https:\/\/rightstuff.eu\/it\/wp-json\/wp\/v2\/media?parent=56551"}],"wp:term":[{"taxonomy":"product_brand","embeddable":true,"href":"https:\/\/rightstuff.eu\/it\/wp-json\/wp\/v2\/product_brand?post=56551"},{"taxonomy":"product_cat","embeddable":true,"href":"https:\/\/rightstuff.eu\/it\/wp-json\/wp\/v2\/product_cat?post=56551"},{"taxonomy":"product_tag","embeddable":true,"href":"https:\/\/rightstuff.eu\/it\/wp-json\/wp\/v2\/product_tag?post=56551"}],"curies":[{"name":"wp","href":"https:\/\/api.w.org\/{rel}","templated":true}]}}