{"id":56489,"date":"2024-12-12T18:02:27","date_gmt":"2024-12-12T17:02:27","guid":{"rendered":"https:\/\/rightstuff.eu\/?post_type=product&#038;p=56489"},"modified":"2025-05-03T18:19:23","modified_gmt":"2025-05-03T16:19:23","slug":"shim-rotary-tattoo-machine-pink","status":"publish","type":"product","link":"https:\/\/rightstuff.eu\/it\/prodotto\/shim-rotary-tattoo-machine-pink\/","title":{"rendered":"Shim - Macchina per tatuaggi rotativi Rosa"},"content":{"rendered":"<p>Se state cercando una macchinetta rotante per tatuaggi personalizzata, non cercate oltre. La nostra macchina Shim \u00e8 realizzata a mano con la massima cura e precisione. \u00c8 progettata per tatuatori esperti che esigono le migliori prestazioni e qualit\u00e0. Questa \u00e8 una delle migliori <a href=\"https:\/\/rightstuff.eu\/cartridges\/magnum-cartridges\/magnum-cartridge-19m-030\/\">tatuaggio a cartuccia<\/a> La macchina funziona in modo fluido e impeccabile, rendendola ideale per qualsiasi applicazione di tatuaggio.<\/p>","protected":false},"excerpt":{"rendered":"<p><a href=\"https:\/\/rightstuff.eu\/blog\/review-shim-rotary-tattoo-machine-by-rightstuff\/\">Macchina per tatuaggi rotante<\/a><\/p>\n<p>3.0 \/ 3.5 \/ 3.8 \/ 4,5 mm di corsa<br \/>\n10000 RPM<br \/>\nTensione preferita 5-10 volt<br \/>\nIncluse 4 barre di pistoni di diversa rigidit\u00e0<\/p>\n<p>Aghi consigliati: Fino a 15 Liner, fino a 23 Mag<br \/>\nCorpo in alluminio<br \/>\nMotore tedesco di alta qualit\u00e0<br \/>\nPeso 53 gr.<br \/>\nSolo RCA<\/p>","protected":false},"featured_media":56580,"comment_status":"open","ping_status":"closed","template":"","meta":{"site-sidebar-layout":"default","site-content-layout":"default","ast-site-content-layout":"default","site-content-style":"default","site-sidebar-style":"default","ast-global-header-display":"","ast-banner-title-visibility":"","ast-main-header-display":"","ast-hfb-above-header-display":"","ast-hfb-below-header-display":"","ast-hfb-mobile-header-display":"","site-post-title":"","ast-breadcrumbs-content":"","ast-featured-img":"","footer-sml-layout":"","ast-disable-related-posts":"","theme-transparent-header-meta":"default","adv-header-id-meta":"","stick-header-meta":"default","header-above-stick-meta":"","header-main-stick-meta":"","header-below-stick-meta":"","astra-migrate-meta-layouts":"set","ast-page-background-enabled":"default","ast-page-background-meta":{"desktop":{"background-color":"var(--ast-global-color-4)","background-image":"","background-repeat":"repeat","background-position":"center center","background-size":"auto","background-attachment":"scroll","background-type":"","background-media":"","overlay-type":"","overlay-color":"","overlay-opacity":"","overlay-gradient":""},"tablet":{"background-color":"","background-image":"","background-repeat":"repeat","background-position":"center center","background-size":"auto","background-attachment":"scroll","background-type":"","background-media":"","overlay-type":"","overlay-color":"","overlay-opacity":"","overlay-gradient":""},"mobile":{"background-color":"","background-image":"","background-repeat":"repeat","background-position":"center center","background-size":"auto","background-attachment":"scroll","background-type":"","background-media":"","overlay-type":"","overlay-color":"","overlay-opacity":"","overlay-gradient":""}},"ast-content-background-meta":{"desktop":{"background-color":"var(--ast-global-color-5)","background-image":"","background-repeat":"repeat","background-position":"center center","background-size":"auto","background-attachment":"scroll","background-type":"","background-media":"","overlay-type":"","overlay-color":"","overlay-opacity":"","overlay-gradient":""},"tablet":{"background-color":"var(--ast-global-color-5)","background-image":"","background-repeat":"repeat","background-position":"center center","background-size":"auto","background-attachment":"scroll","background-type":"","background-media":"","overlay-type":"","overlay-color":"","overlay-opacity":"","overlay-gradient":""},"mobile":{"background-color":"var(--ast-global-color-5)","background-image":"","background-repeat":"repeat","background-position":"center center","background-size":"auto","background-attachment":"scroll","background-type":"","background-media":"","overlay-type":"","overlay-color":"","overlay-opacity":"","overlay-gradient":""}}},"product_brand":[],"product_cat":[31],"product_tag":[1804,101,93,83,100,99,87,98,48,1806,97,1792,91,95,72,41],"class_list":{"0":"post-56489","1":"product","2":"type-product","3":"status-publish","4":"has-post-thumbnail","6":"product_cat-shim","7":"product_tag-beginner-tattoo-kits","8":"product_tag-custom-rotary-machines","9":"product_tag-custom-tattoo-guns","10":"product_tag-custom-tattoo-machines","11":"product_tag-handmade-rotary-tattoo-machines","12":"product_tag-handmade-tattoo-machines","13":"product_tag-professional-tattoo-machines","14":"product_tag-rotary-tattoo-guns","15":"product_tag-rotary-tattoo-machine","16":"product_tag-rotary-tattoo-machines","17":"product_tag-rotary-tattoo-pen","18":"product_tag-rotary-tattoomaschinen","19":"product_tag-tattoo-equipment","20":"product_tag-tattoo-guns","21":"product_tag-tattoo-machine-coils","22":"product_tag-tattoo-machines","23":"desktop-align-center","24":"tablet-align-left","25":"mobile-align-left","26":"ast-product-gallery-layout-horizontal-slider","27":"ast-product-single-variable","28":"ast-product-tabs-layout-horizontal","30":"first","31":"instock","32":"taxable","33":"shipping-taxable","34":"purchasable","35":"product-type-variable"},"_links":{"self":[{"href":"https:\/\/rightstuff.eu\/it\/wp-json\/wp\/v2\/product\/56489","targetHints":{"allow":["GET"]}}],"collection":[{"href":"https:\/\/rightstuff.eu\/it\/wp-json\/wp\/v2\/product"}],"about":[{"href":"https:\/\/rightstuff.eu\/it\/wp-json\/wp\/v2\/types\/product"}],"replies":[{"embeddable":true,"href":"https:\/\/rightstuff.eu\/it\/wp-json\/wp\/v2\/comments?post=56489"}],"version-history":[{"count":0,"href":"https:\/\/rightstuff.eu\/it\/wp-json\/wp\/v2\/product\/56489\/revisions"}],"wp:featuredmedia":[{"embeddable":true,"href":"https:\/\/rightstuff.eu\/it\/wp-json\/wp\/v2\/media\/56580"}],"wp:attachment":[{"href":"https:\/\/rightstuff.eu\/it\/wp-json\/wp\/v2\/media?parent=56489"}],"wp:term":[{"taxonomy":"product_brand","embeddable":true,"href":"https:\/\/rightstuff.eu\/it\/wp-json\/wp\/v2\/product_brand?post=56489"},{"taxonomy":"product_cat","embeddable":true,"href":"https:\/\/rightstuff.eu\/it\/wp-json\/wp\/v2\/product_cat?post=56489"},{"taxonomy":"product_tag","embeddable":true,"href":"https:\/\/rightstuff.eu\/it\/wp-json\/wp\/v2\/product_tag?post=56489"}],"curies":[{"name":"wp","href":"https:\/\/api.w.org\/{rel}","templated":true}]}}