{"id":56285,"date":"2024-11-22T17:09:55","date_gmt":"2024-11-22T16:09:55","guid":{"rendered":"https:\/\/rightstuff.eu\/?post_type=product&#038;p=56285"},"modified":"2024-11-22T17:12:03","modified_gmt":"2024-11-22T16:12:03","slug":"eternal-ink-avocado","status":"publish","type":"product","link":"https:\/\/rightstuff.eu\/it\/prodotto\/eternal-ink-avocado\/","title":{"rendered":"Inchiostro eterno - Avocado (30 ml)"},"content":{"rendered":"<p>Quando si cerca una tonalit\u00e0 di verde neutro, l'avocado pu\u00f2 essere la scelta ideale; il colore si sposa bene con altri verdi e marroni, essendo un verde molto pi\u00f9 caldo e morbido rispetto ad altre alternative. Pu\u00f2 essere una buona opzione per grandi blocchi di colore o per dettagli e sfumature pi\u00f9 sottili. L'inchiostro stesso \u00e8 molto delicato sulla pelle, il che significa che \u00e8 improbabile che causi reazioni o irritazioni ai vostri clienti grazie ai materiali naturali coinvolti nella produzione dell'inchiostro, che lo rendono un'opzione organica e non tossica. Come per tutti i nostri inchiostri, ci assicuriamo che non venga mai congelato, in modo da garantirne la freschezza, e lo sterilizziamo per aiutarvi a prevenire eventuali irritazioni o infezioni.<\/p>","protected":false},"excerpt":{"rendered":"<p>Quando si cerca una tonalit\u00e0 di verde neutro, Eternal Ink Avocado pu\u00f2 essere la scelta ideale; il colore si combina bene con altri verdi e marroni, essendo un verde molto pi\u00f9 caldo e morbido rispetto ad altre alternative.<\/p>","protected":false},"featured_media":56265,"comment_status":"closed","ping_status":"closed","template":"","meta":{"site-sidebar-layout":"default","site-content-layout":"","ast-site-content-layout":"default","site-content-style":"default","site-sidebar-style":"default","ast-global-header-display":"","ast-banner-title-visibility":"","ast-main-header-display":"","ast-hfb-above-header-display":"","ast-hfb-below-header-display":"","ast-hfb-mobile-header-display":"","site-post-title":"","ast-breadcrumbs-content":"","ast-featured-img":"","footer-sml-layout":"","ast-disable-related-posts":"","theme-transparent-header-meta":"default","adv-header-id-meta":"","stick-header-meta":"default","header-above-stick-meta":"","header-main-stick-meta":"","header-below-stick-meta":"","astra-migrate-meta-layouts":"set","ast-page-background-enabled":"default","ast-page-background-meta":{"desktop":{"background-color":"var(--ast-global-color-4)","background-image":"","background-repeat":"repeat","background-position":"center center","background-size":"auto","background-attachment":"scroll","background-type":"","background-media":"","overlay-type":"","overlay-color":"","overlay-opacity":"","overlay-gradient":""},"tablet":{"background-color":"","background-image":"","background-repeat":"repeat","background-position":"center center","background-size":"auto","background-attachment":"scroll","background-type":"","background-media":"","overlay-type":"","overlay-color":"","overlay-opacity":"","overlay-gradient":""},"mobile":{"background-color":"","background-image":"","background-repeat":"repeat","background-position":"center center","background-size":"auto","background-attachment":"scroll","background-type":"","background-media":"","overlay-type":"","overlay-color":"","overlay-opacity":"","overlay-gradient":""}},"ast-content-background-meta":{"desktop":{"background-color":"var(--ast-global-color-5)","background-image":"","background-repeat":"repeat","background-position":"center center","background-size":"auto","background-attachment":"scroll","background-type":"","background-media":"","overlay-type":"","overlay-color":"","overlay-opacity":"","overlay-gradient":""},"tablet":{"background-color":"var(--ast-global-color-5)","background-image":"","background-repeat":"repeat","background-position":"center center","background-size":"auto","background-attachment":"scroll","background-type":"","background-media":"","overlay-type":"","overlay-color":"","overlay-opacity":"","overlay-gradient":""},"mobile":{"background-color":"var(--ast-global-color-5)","background-image":"","background-repeat":"repeat","background-position":"center center","background-size":"auto","background-attachment":"scroll","background-type":"","background-media":"","overlay-type":"","overlay-color":"","overlay-opacity":"","overlay-gradient":""}}},"product_brand":[],"product_cat":[1956,1965],"product_tag":[1962,1970,1954],"class_list":{"0":"post-56285","1":"product","2":"type-product","3":"status-publish","4":"has-post-thumbnail","6":"product_cat-inks","7":"product_cat-eternal-ink","8":"product_tag-eternal","9":"product_tag-green-ink","10":"product_tag-ink","11":"desktop-align-center","12":"tablet-align-left","13":"mobile-align-left","14":"ast-product-gallery-layout-horizontal-slider","15":"ast-product-gallery-with-no-image","16":"ast-product-tabs-layout-horizontal","18":"first","19":"instock","20":"taxable","21":"shipping-taxable","22":"purchasable","23":"product-type-simple"},"_links":{"self":[{"href":"https:\/\/rightstuff.eu\/it\/wp-json\/wp\/v2\/product\/56285","targetHints":{"allow":["GET"]}}],"collection":[{"href":"https:\/\/rightstuff.eu\/it\/wp-json\/wp\/v2\/product"}],"about":[{"href":"https:\/\/rightstuff.eu\/it\/wp-json\/wp\/v2\/types\/product"}],"replies":[{"embeddable":true,"href":"https:\/\/rightstuff.eu\/it\/wp-json\/wp\/v2\/comments?post=56285"}],"version-history":[{"count":0,"href":"https:\/\/rightstuff.eu\/it\/wp-json\/wp\/v2\/product\/56285\/revisions"}],"wp:featuredmedia":[{"embeddable":true,"href":"https:\/\/rightstuff.eu\/it\/wp-json\/wp\/v2\/media\/56265"}],"wp:attachment":[{"href":"https:\/\/rightstuff.eu\/it\/wp-json\/wp\/v2\/media?parent=56285"}],"wp:term":[{"taxonomy":"product_brand","embeddable":true,"href":"https:\/\/rightstuff.eu\/it\/wp-json\/wp\/v2\/product_brand?post=56285"},{"taxonomy":"product_cat","embeddable":true,"href":"https:\/\/rightstuff.eu\/it\/wp-json\/wp\/v2\/product_cat?post=56285"},{"taxonomy":"product_tag","embeddable":true,"href":"https:\/\/rightstuff.eu\/it\/wp-json\/wp\/v2\/product_tag?post=56285"}],"curies":[{"name":"wp","href":"https:\/\/api.w.org\/{rel}","templated":true}]}}