{"id":56277,"date":"2024-11-22T17:02:17","date_gmt":"2024-11-22T16:02:17","guid":{"rendered":"https:\/\/rightstuff.eu\/?post_type=product&#038;p=56277"},"modified":"2026-04-07T11:56:13","modified_gmt":"2026-04-07T09:56:13","slug":"eternal-ink-true-blue","status":"publish","type":"product","link":"https:\/\/rightstuff.eu\/it\/prodotto\/eternal-ink-true-blue\/","title":{"rendered":"Inchiostro eterno - Blu vero (30 ml)"},"content":{"rendered":"<p>Eternal true blue \u00e8 una tonalit\u00e0 audace e vivace di blu, disponibile come parte della gamma di colori primari classici di eternal inks, che comprende un'ampia variet\u00e0 di altre tonalit\u00e0 audaci e vivaci di vari colori primari. L'inchiostro \u00e8 ovviamente di alta qualit\u00e0, non \u00e8 tossico e biologico ed \u00e8 disponibile in una variet\u00e0 di formati per garantire che abbiate tutto ci\u00f2 che vi serve, indipendentemente dalle dimensioni o dalla quantit\u00e0 di tatuaggi che intendete realizzare con l'inchiostro. Tutti i nostri inchiostri, compreso questo, sono sterilizzati per garantire che siano un'opzione pulita e sicura, e non congeliamo mai i nostri inchiostri, in modo che possiate essere certi che siano freschi al punto giusto.<\/p>","protected":false},"excerpt":{"rendered":"<p>Eternal True Blue \u00e8 una tonalit\u00e0 di blu audace e vivace, disponibile come parte della gamma di colori primari classici di eternal inks, che comprende un'ampia gamma di altre tonalit\u00e0 audaci e vivaci di vari colori primari.<\/p>","protected":false},"featured_media":56261,"comment_status":"closed","ping_status":"closed","template":"","meta":{"site-sidebar-layout":"default","site-content-layout":"","ast-site-content-layout":"default","site-content-style":"default","site-sidebar-style":"default","ast-global-header-display":"","ast-banner-title-visibility":"","ast-main-header-display":"","ast-hfb-above-header-display":"","ast-hfb-below-header-display":"","ast-hfb-mobile-header-display":"","site-post-title":"","ast-breadcrumbs-content":"","ast-featured-img":"","footer-sml-layout":"","ast-disable-related-posts":"","theme-transparent-header-meta":"default","adv-header-id-meta":"","stick-header-meta":"default","header-above-stick-meta":"","header-main-stick-meta":"","header-below-stick-meta":"","astra-migrate-meta-layouts":"set","ast-page-background-enabled":"default","ast-page-background-meta":{"desktop":{"background-color":"var(--ast-global-color-4)","background-image":"","background-repeat":"repeat","background-position":"center center","background-size":"auto","background-attachment":"scroll","background-type":"","background-media":"","overlay-type":"","overlay-color":"","overlay-opacity":"","overlay-gradient":""},"tablet":{"background-color":"","background-image":"","background-repeat":"repeat","background-position":"center center","background-size":"auto","background-attachment":"scroll","background-type":"","background-media":"","overlay-type":"","overlay-color":"","overlay-opacity":"","overlay-gradient":""},"mobile":{"background-color":"","background-image":"","background-repeat":"repeat","background-position":"center center","background-size":"auto","background-attachment":"scroll","background-type":"","background-media":"","overlay-type":"","overlay-color":"","overlay-opacity":"","overlay-gradient":""}},"ast-content-background-meta":{"desktop":{"background-color":"var(--ast-global-color-5)","background-image":"","background-repeat":"repeat","background-position":"center center","background-size":"auto","background-attachment":"scroll","background-type":"","background-media":"","overlay-type":"","overlay-color":"","overlay-opacity":"","overlay-gradient":""},"tablet":{"background-color":"var(--ast-global-color-5)","background-image":"","background-repeat":"repeat","background-position":"center center","background-size":"auto","background-attachment":"scroll","background-type":"","background-media":"","overlay-type":"","overlay-color":"","overlay-opacity":"","overlay-gradient":""},"mobile":{"background-color":"var(--ast-global-color-5)","background-image":"","background-repeat":"repeat","background-position":"center center","background-size":"auto","background-attachment":"scroll","background-type":"","background-media":"","overlay-type":"","overlay-color":"","overlay-opacity":"","overlay-gradient":""}}},"product_brand":[],"product_cat":[1956,1965],"product_tag":[1968,1962,1954],"class_list":{"0":"post-56277","1":"product","2":"type-product","3":"status-publish","4":"has-post-thumbnail","6":"product_cat-inks","7":"product_cat-eternal-ink","8":"product_tag-blue-ink","9":"product_tag-eternal","10":"product_tag-ink","11":"desktop-align-center","12":"tablet-align-left","13":"mobile-align-left","14":"ast-product-gallery-layout-horizontal-slider","15":"ast-product-gallery-with-no-image","16":"ast-product-tabs-layout-horizontal","18":"first","19":"outofstock","20":"taxable","21":"shipping-taxable","22":"purchasable","23":"product-type-simple"},"_links":{"self":[{"href":"https:\/\/rightstuff.eu\/it\/wp-json\/wp\/v2\/product\/56277","targetHints":{"allow":["GET"]}}],"collection":[{"href":"https:\/\/rightstuff.eu\/it\/wp-json\/wp\/v2\/product"}],"about":[{"href":"https:\/\/rightstuff.eu\/it\/wp-json\/wp\/v2\/types\/product"}],"replies":[{"embeddable":true,"href":"https:\/\/rightstuff.eu\/it\/wp-json\/wp\/v2\/comments?post=56277"}],"version-history":[{"count":0,"href":"https:\/\/rightstuff.eu\/it\/wp-json\/wp\/v2\/product\/56277\/revisions"}],"wp:featuredmedia":[{"embeddable":true,"href":"https:\/\/rightstuff.eu\/it\/wp-json\/wp\/v2\/media\/56261"}],"wp:attachment":[{"href":"https:\/\/rightstuff.eu\/it\/wp-json\/wp\/v2\/media?parent=56277"}],"wp:term":[{"taxonomy":"product_brand","embeddable":true,"href":"https:\/\/rightstuff.eu\/it\/wp-json\/wp\/v2\/product_brand?post=56277"},{"taxonomy":"product_cat","embeddable":true,"href":"https:\/\/rightstuff.eu\/it\/wp-json\/wp\/v2\/product_cat?post=56277"},{"taxonomy":"product_tag","embeddable":true,"href":"https:\/\/rightstuff.eu\/it\/wp-json\/wp\/v2\/product_tag?post=56277"}],"curies":[{"name":"wp","href":"https:\/\/api.w.org\/{rel}","templated":true}]}}