{"id":55516,"date":"2023-11-14T15:44:29","date_gmt":"2023-11-14T14:44:29","guid":{"rendered":"https:\/\/rightstuff.eu\/?post_type=product&#038;p=55516"},"modified":"2026-02-09T02:34:15","modified_gmt":"2026-02-09T01:34:15","slug":"rotary-tattoo-machine-cross-pink-candy","status":"publish","type":"product","link":"https:\/\/rightstuff.eu\/it\/prodotto\/rotary-tattoo-machine-cross-pink-candy\/","title":{"rendered":"Macchina per tatuaggi rotativi - CROSS Pink Candy"},"content":{"rendered":"<p>Macchina per tatuaggi rotativa Cross con connessione RCA. La macchina per tatuaggi CROSS 4.5 PINK \u00e8 una macchina affidabile con una finitura superba. La macchina \u00e8 realizzata in alluminio e ha un peso di 70gr. La macchinetta ibrida CROSS 4.5 PINK lavora a una velocit\u00e0 di 8500 giri al minuto e il voltaggio ottimale \u00e8 di 5-8 volt. La corsa della macchina \u00e8 di 4,5 mm. La macchina per tatuaggi ibrida CROSS 4.5 PINK \u00e8 una delle migliori macchine per professionisti. La macchina \u00e8 dotata di una molla di alta qualit\u00e0 e di un cuscinetto di alta qualit\u00e0 per una maggiore durata.  La macchinetta ibrida CROSS 4.5 PINK \u00e8 una macchina per tatuaggi di alta qualit\u00e0 ed \u00e8 stata progettata pensando ai tatuatori professionisti.<\/p>","protected":false},"excerpt":{"rendered":"<h3>Macchina per tatuaggi ibrida CROSS<\/h3>\n<p>Corsa di 3,8 mm<br \/>\n10 000 RPM<br \/>\nPreferred voltage 4.5-7 volts, works up to 9 volts<\/p>\n<p>Consigliato <a href=\"http:\/\/rs-tattoo.by\">Aghi<\/a>: Fino a 14 Liner, fino a 48 Mag<\/p>\n<p>Preferibile lavorare con le cartucce<\/p>\n<p>NOTA: per avviare la macchina con la cartuccia, l'alimentatore deve avere la funzione \u201cjump start\u201d.<\/p>\n<p><a href=\"https:\/\/rightstuff.eu\/tattoo-machines\/power-supply\/rca-clip-cord-blk\/\">Connessione RCA<\/a><br \/>\nCorpo in alluminio<br \/>\nPeso 70 gr.<\/p>","protected":false},"featured_media":57209,"comment_status":"open","ping_status":"closed","template":"","meta":{"site-sidebar-layout":"default","site-content-layout":"default","ast-site-content-layout":"default","site-content-style":"default","site-sidebar-style":"default","ast-global-header-display":"","ast-banner-title-visibility":"","ast-main-header-display":"","ast-hfb-above-header-display":"","ast-hfb-below-header-display":"","ast-hfb-mobile-header-display":"","site-post-title":"","ast-breadcrumbs-content":"","ast-featured-img":"","footer-sml-layout":"","ast-disable-related-posts":"","theme-transparent-header-meta":"default","adv-header-id-meta":"","stick-header-meta":"default","header-above-stick-meta":"","header-main-stick-meta":"","header-below-stick-meta":"","astra-migrate-meta-layouts":"set","ast-page-background-enabled":"default","ast-page-background-meta":{"desktop":{"background-color":"var(--ast-global-color-4)","background-image":"","background-repeat":"repeat","background-position":"center center","background-size":"auto","background-attachment":"scroll","background-type":"","background-media":"","overlay-type":"","overlay-color":"","overlay-opacity":"","overlay-gradient":""},"tablet":{"background-color":"","background-image":"","background-repeat":"repeat","background-position":"center center","background-size":"auto","background-attachment":"scroll","background-type":"","background-media":"","overlay-type":"","overlay-color":"","overlay-opacity":"","overlay-gradient":""},"mobile":{"background-color":"","background-image":"","background-repeat":"repeat","background-position":"center center","background-size":"auto","background-attachment":"scroll","background-type":"","background-media":"","overlay-type":"","overlay-color":"","overlay-opacity":"","overlay-gradient":""}},"ast-content-background-meta":{"desktop":{"background-color":"var(--ast-global-color-5)","background-image":"","background-repeat":"repeat","background-position":"center center","background-size":"auto","background-attachment":"scroll","background-type":"","background-media":"","overlay-type":"","overlay-color":"","overlay-opacity":"","overlay-gradient":""},"tablet":{"background-color":"var(--ast-global-color-5)","background-image":"","background-repeat":"repeat","background-position":"center center","background-size":"auto","background-attachment":"scroll","background-type":"","background-media":"","overlay-type":"","overlay-color":"","overlay-opacity":"","overlay-gradient":""},"mobile":{"background-color":"var(--ast-global-color-5)","background-image":"","background-repeat":"repeat","background-position":"center center","background-size":"auto","background-attachment":"scroll","background-type":"","background-media":"","overlay-type":"","overlay-color":"","overlay-opacity":"","overlay-gradient":""}}},"product_brand":[],"product_cat":[1993],"product_tag":[101,93,83,100,99,1798,87,98,48,1806,97,1792,91,95,23],"class_list":{"0":"post-55516","1":"product","2":"type-product","3":"status-publish","4":"has-post-thumbnail","6":"product_cat-cross","7":"product_tag-custom-rotary-machines","8":"product_tag-custom-tattoo-guns","9":"product_tag-custom-tattoo-machines","10":"product_tag-handmade-rotary-tattoo-machines","11":"product_tag-handmade-tattoo-machines","12":"product_tag-maquinas-rotativas-de-tatuaje","13":"product_tag-professional-tattoo-machines","14":"product_tag-rotary-tattoo-guns","15":"product_tag-rotary-tattoo-machine","16":"product_tag-rotary-tattoo-machines","17":"product_tag-rotary-tattoo-pen","18":"product_tag-rotary-tattoomaschinen","19":"product_tag-tattoo-equipment","20":"product_tag-tattoo-guns","21":"product_tag-tattoo-machine","22":"desktop-align-center","23":"tablet-align-left","24":"mobile-align-left","25":"ast-product-gallery-layout-horizontal-slider","26":"ast-product-single-variable","27":"ast-product-tabs-layout-horizontal","29":"first","30":"instock","31":"taxable","32":"shipping-taxable","33":"purchasable","34":"product-type-variable"},"_links":{"self":[{"href":"https:\/\/rightstuff.eu\/it\/wp-json\/wp\/v2\/product\/55516","targetHints":{"allow":["GET"]}}],"collection":[{"href":"https:\/\/rightstuff.eu\/it\/wp-json\/wp\/v2\/product"}],"about":[{"href":"https:\/\/rightstuff.eu\/it\/wp-json\/wp\/v2\/types\/product"}],"replies":[{"embeddable":true,"href":"https:\/\/rightstuff.eu\/it\/wp-json\/wp\/v2\/comments?post=55516"}],"version-history":[{"count":0,"href":"https:\/\/rightstuff.eu\/it\/wp-json\/wp\/v2\/product\/55516\/revisions"}],"wp:featuredmedia":[{"embeddable":true,"href":"https:\/\/rightstuff.eu\/it\/wp-json\/wp\/v2\/media\/57209"}],"wp:attachment":[{"href":"https:\/\/rightstuff.eu\/it\/wp-json\/wp\/v2\/media?parent=55516"}],"wp:term":[{"taxonomy":"product_brand","embeddable":true,"href":"https:\/\/rightstuff.eu\/it\/wp-json\/wp\/v2\/product_brand?post=55516"},{"taxonomy":"product_cat","embeddable":true,"href":"https:\/\/rightstuff.eu\/it\/wp-json\/wp\/v2\/product_cat?post=55516"},{"taxonomy":"product_tag","embeddable":true,"href":"https:\/\/rightstuff.eu\/it\/wp-json\/wp\/v2\/product_tag?post=55516"}],"curies":[{"name":"wp","href":"https:\/\/api.w.org\/{rel}","templated":true}]}}