{"id":554,"date":"2013-12-06T03:48:00","date_gmt":"2013-12-06T00:48:00","guid":{"rendered":"https:\/\/rightstuff.eu\/shop\/uncategorized\/bone-blck-shader\/"},"modified":"2025-01-22T01:37:14","modified_gmt":"2025-01-22T00:37:14","slug":"bone-blck-shader","status":"publish","type":"product","link":"https:\/\/rightstuff.eu\/it\/prodotto\/bone-blck-shader\/","title":{"rendered":"Macchina per tatuaggi BONE BLCK Shader"},"content":{"rendered":"<p>Right Stuff offre ai tatuatori che ordinano una macchina per tatuaggi professionale BONE BLCK Shader a basso costo. A differenza della<a href=\"https:\/\/rightstuff.eu\/product-tag\/liner-tattoo-machine\/\"> macchina per fodere<\/a>, lo shader si basa sulla penetrazione relativamente dolce di un elemento del tatuaggio nell'epidermide. Gli esperti sostengono che contribuisce a fornire una qualit\u00e0 superiore del tatuaggio. Nel frattempo, quando un maestro lavora con questa unit\u00e0, deve sapere che l'inchiostro sotto la pelle pu\u00f2 sfocarsi.<\/p>\n<p>Questo speciale sfumino per tatuaggi viene utilizzato soprattutto per iniettare un pigmento (inchiostro speciale per tatuaggi) nell'epidermide. \u00c8 molto efficace quando si realizzano grandi dipinti color pelle. Se un liner per tatuaggi \u00e8 necessario soprattutto per disegnare i contorni dei tatuaggi, la macchina per tatuaggi BONE BLCK Shader serve per dipingerli.<\/p>\n<p>La struttura dell'unit\u00e0 rende lo shader un dispositivo molto pratico. \u00c8 dotato di una molla morbida e di bobine da 10 avvolgimenti da 25 millimetri. Lo shader ha un peso e delle dimensioni maggiori rispetto a un liner (questo dispositivo pesa 180 grammi). L'articolo funziona a 105 Hz e il suo voltaggio \u00e8 di 6,6 V.<\/p>","protected":false},"excerpt":{"rendered":"<p>Il telaio \u00e8 ricavato da un unico pezzo di acciaio.<\/p>\n<p>Bobine di alta qualit\u00e0 - 25 mm * 10 avvolgimenti<\/p>\n<p>Ferramenta in acciaio annerito<\/p>\n<p>Aghi preferiti 7-15m<\/p>\n<p>Colpo morbido, colpo medio<\/p>\n<p>Funziona a 105hz a 6,6 volt a vuoto<\/p>\n<p>Peso della macchina per tatuaggi 180gr.<\/p>\n<p>&nbsp;<\/p>","protected":false},"featured_media":49298,"comment_status":"open","ping_status":"closed","template":"","meta":{"site-sidebar-layout":"","site-content-layout":"","ast-site-content-layout":"default","site-content-style":"default","site-sidebar-style":"default","ast-global-header-display":"","ast-banner-title-visibility":"","ast-main-header-display":"","ast-hfb-above-header-display":"","ast-hfb-below-header-display":"","ast-hfb-mobile-header-display":"","site-post-title":"","ast-breadcrumbs-content":"","ast-featured-img":"","footer-sml-layout":"","ast-disable-related-posts":"","theme-transparent-header-meta":"","adv-header-id-meta":"","stick-header-meta":"","header-above-stick-meta":"","header-main-stick-meta":"","header-below-stick-meta":"","astra-migrate-meta-layouts":"default","ast-page-background-enabled":"default","ast-page-background-meta":{"desktop":{"background-color":"var(--ast-global-color-4)","background-image":"","background-repeat":"repeat","background-position":"center center","background-size":"auto","background-attachment":"scroll","background-type":"","background-media":"","overlay-type":"","overlay-color":"","overlay-opacity":"","overlay-gradient":""},"tablet":{"background-color":"","background-image":"","background-repeat":"repeat","background-position":"center center","background-size":"auto","background-attachment":"scroll","background-type":"","background-media":"","overlay-type":"","overlay-color":"","overlay-opacity":"","overlay-gradient":""},"mobile":{"background-color":"","background-image":"","background-repeat":"repeat","background-position":"center center","background-size":"auto","background-attachment":"scroll","background-type":"","background-media":"","overlay-type":"","overlay-color":"","overlay-opacity":"","overlay-gradient":""}},"ast-content-background-meta":{"desktop":{"background-color":"var(--ast-global-color-5)","background-image":"","background-repeat":"repeat","background-position":"center center","background-size":"auto","background-attachment":"scroll","background-type":"","background-media":"","overlay-type":"","overlay-color":"","overlay-opacity":"","overlay-gradient":""},"tablet":{"background-color":"var(--ast-global-color-5)","background-image":"","background-repeat":"repeat","background-position":"center center","background-size":"auto","background-attachment":"scroll","background-type":"","background-media":"","overlay-type":"","overlay-color":"","overlay-opacity":"","overlay-gradient":""},"mobile":{"background-color":"var(--ast-global-color-5)","background-image":"","background-repeat":"repeat","background-position":"center center","background-size":"auto","background-attachment":"scroll","background-type":"","background-media":"","overlay-type":"","overlay-color":"","overlay-opacity":"","overlay-gradient":""}}},"product_brand":[],"product_cat":[21],"product_tag":[82,93,83,99,1800,87,89,1791,91,95,72,96],"class_list":{"0":"post-554","1":"product","2":"type-product","3":"status-publish","4":"has-post-thumbnail","6":"product_cat-bone","7":"product_tag-coil-tattoo-machines","8":"product_tag-custom-tattoo-guns","9":"product_tag-custom-tattoo-machines","10":"product_tag-handmade-tattoo-machines","11":"product_tag-macchinetta-per-tatuaggio-a-bobina","12":"product_tag-professional-tattoo-machines","13":"product_tag-shader-tattoo-machines","14":"product_tag-spulen-tattoomaschinen","15":"product_tag-tattoo-equipment","16":"product_tag-tattoo-guns","17":"product_tag-tattoo-machine-coils","18":"product_tag-tattoo-shading-guns","19":"pa_brand-rightstuff","20":"desktop-align-center","21":"tablet-align-left","22":"mobile-align-left","23":"ast-product-gallery-layout-horizontal-slider","24":"ast-product-tabs-layout-horizontal","26":"first","27":"outofstock","28":"sale","29":"taxable","30":"shipping-taxable","31":"purchasable","32":"product-type-simple"},"_links":{"self":[{"href":"https:\/\/rightstuff.eu\/it\/wp-json\/wp\/v2\/product\/554","targetHints":{"allow":["GET"]}}],"collection":[{"href":"https:\/\/rightstuff.eu\/it\/wp-json\/wp\/v2\/product"}],"about":[{"href":"https:\/\/rightstuff.eu\/it\/wp-json\/wp\/v2\/types\/product"}],"replies":[{"embeddable":true,"href":"https:\/\/rightstuff.eu\/it\/wp-json\/wp\/v2\/comments?post=554"}],"version-history":[{"count":0,"href":"https:\/\/rightstuff.eu\/it\/wp-json\/wp\/v2\/product\/554\/revisions"}],"wp:featuredmedia":[{"embeddable":true,"href":"https:\/\/rightstuff.eu\/it\/wp-json\/wp\/v2\/media\/49298"}],"wp:attachment":[{"href":"https:\/\/rightstuff.eu\/it\/wp-json\/wp\/v2\/media?parent=554"}],"wp:term":[{"taxonomy":"product_brand","embeddable":true,"href":"https:\/\/rightstuff.eu\/it\/wp-json\/wp\/v2\/product_brand?post=554"},{"taxonomy":"product_cat","embeddable":true,"href":"https:\/\/rightstuff.eu\/it\/wp-json\/wp\/v2\/product_cat?post=554"},{"taxonomy":"product_tag","embeddable":true,"href":"https:\/\/rightstuff.eu\/it\/wp-json\/wp\/v2\/product_tag?post=554"}],"curies":[{"name":"wp","href":"https:\/\/api.w.org\/{rel}","templated":true}]}}