{"id":553,"date":"2013-12-06T03:00:00","date_gmt":"2013-12-06T00:00:00","guid":{"rendered":"https:\/\/rightstuff.eu\/shop\/uncategorized\/bone-blck-liner\/"},"modified":"2025-01-22T01:37:14","modified_gmt":"2025-01-22T00:37:14","slug":"bone-blck-liner","status":"publish","type":"product","link":"https:\/\/rightstuff.eu\/it\/prodotto\/bone-blck-liner\/","title":{"rendered":"Macchina per tatuaggi BONE BLCK Liner"},"content":{"rendered":"<p>Procurarsi un'attrezzatura di alta qualit\u00e0 per i tatuaggi \u00e8 il modo migliore per iniziare a creare tatuaggi alla moda e guadagnare in questo settore. Nessun artista pu\u00f2 lavorare senza un liner professionale. La vite di contatto di questo dispositivo con un'angolazione di 30 gradi \u00e8 notevolmente arretrata sulla macchinetta: un tatuatore esperto la riconoscer\u00e0 facilmente tra le due parti. <a href=\"https:\/\/rightstuff.eu\/product-tag\/tattoo-supplies\/\">altre attrezzature per tatuaggi<\/a>. Lo spazio che si vede tra la vite di contatto e la molla anteriore dell'articolo \u00e8 inferiore a quello di uno shader classico. Utilizzando la BONE BLCK Liner Tattoo Machine, un maestro crea facilmente linee precise e disegna il contorno del tatuaggio.<\/p>\n<p>Il telaio di questo apparecchio in acciaio, il suo \"scheletro\", contiene perfettamente tutti i dettagli che permettono alla macchina di funzionare senza difficolt\u00e0. Inoltre, il telaio conduce rapidamente la corrente elettrica prodotta dall'alimentazione del dispositivo. Questa linea da 160 Hz funziona con una tensione di 6,6 V. Ha bobine da 26 millimetri a 8 avvolgimenti e utilizza aghi da 3 - 7 Rl. Il peso totale di questo dispositivo professionale \u00e8 di 180 grammi.<\/p>","protected":false},"excerpt":{"rendered":"<p>Il telaio \u00e8 ricavato da un unico pezzo di acciaio.<\/p>\n<p>Bobine di alta qualit\u00e0 - 26 mm * 8 avvolgimenti<\/p>\n<p>Ferramenta in acciaio annerito<\/p>\n<p>Aghi preferiti 3-7RL<\/p>\n<p>Corsa media<\/p>\n<p>Funziona a 160hz a 6,6 volt a vuoto<\/p>\n<p>Peso della macchina per tatuaggi 180gr.<\/p>","protected":false},"featured_media":49291,"comment_status":"open","ping_status":"closed","template":"","meta":{"site-sidebar-layout":"default","site-content-layout":"","ast-site-content-layout":"default","site-content-style":"default","site-sidebar-style":"default","ast-global-header-display":"","ast-banner-title-visibility":"","ast-main-header-display":"","ast-hfb-above-header-display":"","ast-hfb-below-header-display":"","ast-hfb-mobile-header-display":"","site-post-title":"","ast-breadcrumbs-content":"","ast-featured-img":"","footer-sml-layout":"","ast-disable-related-posts":"","theme-transparent-header-meta":"default","adv-header-id-meta":"","stick-header-meta":"default","header-above-stick-meta":"","header-main-stick-meta":"","header-below-stick-meta":"","astra-migrate-meta-layouts":"set","ast-page-background-enabled":"default","ast-page-background-meta":{"desktop":{"background-color":"var(--ast-global-color-4)","background-image":"","background-repeat":"repeat","background-position":"center center","background-size":"auto","background-attachment":"scroll","background-type":"","background-media":"","overlay-type":"","overlay-color":"","overlay-opacity":"","overlay-gradient":""},"tablet":{"background-color":"","background-image":"","background-repeat":"repeat","background-position":"center center","background-size":"auto","background-attachment":"scroll","background-type":"","background-media":"","overlay-type":"","overlay-color":"","overlay-opacity":"","overlay-gradient":""},"mobile":{"background-color":"","background-image":"","background-repeat":"repeat","background-position":"center center","background-size":"auto","background-attachment":"scroll","background-type":"","background-media":"","overlay-type":"","overlay-color":"","overlay-opacity":"","overlay-gradient":""}},"ast-content-background-meta":{"desktop":{"background-color":"var(--ast-global-color-5)","background-image":"","background-repeat":"repeat","background-position":"center center","background-size":"auto","background-attachment":"scroll","background-type":"","background-media":"","overlay-type":"","overlay-color":"","overlay-opacity":"","overlay-gradient":""},"tablet":{"background-color":"var(--ast-global-color-5)","background-image":"","background-repeat":"repeat","background-position":"center center","background-size":"auto","background-attachment":"scroll","background-type":"","background-media":"","overlay-type":"","overlay-color":"","overlay-opacity":"","overlay-gradient":""},"mobile":{"background-color":"var(--ast-global-color-5)","background-image":"","background-repeat":"repeat","background-position":"center center","background-size":"auto","background-attachment":"scroll","background-type":"","background-media":"","overlay-type":"","overlay-color":"","overlay-opacity":"","overlay-gradient":""}}},"product_brand":[],"product_cat":[21],"product_tag":[82,93,83,99,43,1800,87,1791,91,95,23,72,41],"class_list":{"0":"post-553","1":"product","2":"type-product","3":"status-publish","4":"has-post-thumbnail","6":"product_cat-bone","7":"product_tag-coil-tattoo-machines","8":"product_tag-custom-tattoo-guns","9":"product_tag-custom-tattoo-machines","10":"product_tag-handmade-tattoo-machines","11":"product_tag-liner-tattoo-machine","12":"product_tag-macchinetta-per-tatuaggio-a-bobina","13":"product_tag-professional-tattoo-machines","14":"product_tag-spulen-tattoomaschinen","15":"product_tag-tattoo-equipment","16":"product_tag-tattoo-guns","17":"product_tag-tattoo-machine","18":"product_tag-tattoo-machine-coils","19":"product_tag-tattoo-machines","20":"pa_brand-rightstuff","21":"desktop-align-center","22":"tablet-align-left","23":"mobile-align-left","24":"ast-product-gallery-layout-horizontal-slider","25":"ast-product-tabs-layout-horizontal","27":"first","28":"outofstock","29":"sale","30":"taxable","31":"shipping-taxable","32":"purchasable","33":"product-type-simple"},"_links":{"self":[{"href":"https:\/\/rightstuff.eu\/it\/wp-json\/wp\/v2\/product\/553","targetHints":{"allow":["GET"]}}],"collection":[{"href":"https:\/\/rightstuff.eu\/it\/wp-json\/wp\/v2\/product"}],"about":[{"href":"https:\/\/rightstuff.eu\/it\/wp-json\/wp\/v2\/types\/product"}],"replies":[{"embeddable":true,"href":"https:\/\/rightstuff.eu\/it\/wp-json\/wp\/v2\/comments?post=553"}],"version-history":[{"count":0,"href":"https:\/\/rightstuff.eu\/it\/wp-json\/wp\/v2\/product\/553\/revisions"}],"wp:featuredmedia":[{"embeddable":true,"href":"https:\/\/rightstuff.eu\/it\/wp-json\/wp\/v2\/media\/49291"}],"wp:attachment":[{"href":"https:\/\/rightstuff.eu\/it\/wp-json\/wp\/v2\/media?parent=553"}],"wp:term":[{"taxonomy":"product_brand","embeddable":true,"href":"https:\/\/rightstuff.eu\/it\/wp-json\/wp\/v2\/product_brand?post=553"},{"taxonomy":"product_cat","embeddable":true,"href":"https:\/\/rightstuff.eu\/it\/wp-json\/wp\/v2\/product_cat?post=553"},{"taxonomy":"product_tag","embeddable":true,"href":"https:\/\/rightstuff.eu\/it\/wp-json\/wp\/v2\/product_tag?post=553"}],"curies":[{"name":"wp","href":"https:\/\/api.w.org\/{rel}","templated":true}]}}