{"id":55146,"date":"2023-06-21T01:20:10","date_gmt":"2023-06-20T23:20:10","guid":{"rendered":"https:\/\/rightstuff.eu\/?post_type=product&#038;p=55146"},"modified":"2025-03-21T15:42:51","modified_gmt":"2025-03-21T14:42:51","slug":"rotary-tattoo-machine-keg-variable-blk-yllw","status":"publish","type":"product","link":"https:\/\/rightstuff.eu\/it\/prodotto\/rotary-tattoo-machine-keg-variable-blk-yllw\/","title":{"rendered":"Macchina per tatuaggi rotativa - KEG Variable (Nero\/Giallo)"},"content":{"rendered":"<p>Un'usanza davvero bella <a href=\"https:\/\/rightstuff.eu\/blog\/tattoo-machine-is-another-story\/\">macchina per tatuaggi rotante a trasmissione diretta<\/a> da un famoso designer underground. Al momento della sua uscita, questo dispositivo \u00e8 diventato immediatamente una leggenda nella comunit\u00e0 dei tatuatori. La macchina \u00e8 stata progettata da professionisti per professionisti, il che significa che richiede una grande sensibilit\u00e0 da parte dell'utente per lavorare con tatuaggi molto dettagliati.<\/p>\n<p>Il suo telaio \u00e8 realizzato con un pezzo di alluminio di alta qualit\u00e0, che lo rende molto pi\u00f9 leggero rispetto ai tipi realizzati con un singolo pezzo di acciaio, e pesa solo 140 grammi, il che lo rende perfetto per lavorare a lungo.<\/p>\n<p>Supporta una corsa variabile da 1 mm a 5 mm che la rende facile da usare come Liner, Shader o Color Packer. Il dispositivo ha un motore personalizzato, esclusivo per la sua serie, che funziona a 6-13 Volt con 8000 RPM e azionamento diretto, il che lo rende una bestia tra i motori delle altre macchinette per tatuaggi.<\/p>\n<p>Inventata dall'inventore tedesco Manfred Kohrs nel 1978, la macchinetta rotante \u00e8 uno strumento avanzato utilizzato da molti tatuatori. Anche se fino a qualche anno fa era meno popolare nel settore mainstream, di recente la sua richiesta \u00e8 andata oltre le aspettative. Il motivo \u00e8 la convenienza e la facilit\u00e0 d'uso.<\/p>\n<p>Una macchina rotativa \u00e8 alimentata da un motore che ruota in senso verticale. La barra dell'ago \u00e8 collegata al motore che muove l'ago sia verso l'alto che verso il basso. Le macchinette rotanti sono pi\u00f9 costanti rispetto a quelle a bobina. Questo perch\u00e9 non richiede una messa a punto, una procedura in cui l'artista deve regolare la forma e la profondit\u00e0 dell'ago e la tensione di alimentazione.<\/p>\n<p>Una macchina rotativa \u00e8 meno personalizzabile e gli artisti professionisti spesso se ne lamentano. Inoltre, richiede conoscenze e abilit\u00e0 adeguate. Le macchinette rotanti sono inoltre sterilizzate in autoclave e hanno un alto livello di disinfettanti. Infatti, gli artisti preferiscono utilizzare le macchinette rotative per tatuaggi proprio per questo motivo.<\/p>\n<p>Una macchinetta rotante \u00e8 meno popolare di una macchinetta per tatuaggi tradizionale e presenta un numero molto inferiore di personalizzazioni e opzioni. Questa pu\u00f2 essere considerata una caratteristica negativa dai professionisti. Tuttavia, \u00e8 un ottimo strumento per i principianti.<\/p>\n<p>Uno degli aspetti migliori di una macchinetta rotante per tatuaggi \u00e8 che non emette alcun suono. Questa \u00e8 davvero una caratteristica positiva della <a href=\"https:\/\/facebook.com\/rghtstuff\" target=\"_blank\" rel=\"noopener\">macchina per tatuaggi<\/a>. Il ronzio proveniente dalla macchinetta \u00e8 piuttosto forte e irritante per molti artisti e clienti. Poich\u00e9 il tatuaggio richiede molto tempo, il rumore della macchinetta \u00e8 piuttosto fastidioso, soprattutto per i clienti che non sono abituati a suoni cos\u00ec lunghi e monotoni.<\/p>\n<p>Mentre una macchina a bobina vibra durante il lavoro, una macchina rotante non si muove troppo. Queste macchine sono molto comode da tenere in mano e da usare perch\u00e9 non vibrano. Troppe vibrazioni spesso causano problemi alle mani e ai polsi degli artisti. Alcuni artisti lamentano di aver perso la sensibilit\u00e0 e di provare irritazione ai polsi e alle mani. Tuttavia, questa lamentela \u00e8 pi\u00f9 appropriata per le macchinette per tatuaggi a bobina, ma non per quelle a rotazione.<\/p>\n<p>La macchina per tatuaggi rotativa a trasmissione diretta \u00e8 molto pi\u00f9 leggera rispetto a una pesante macchina per tatuaggi a bobina. Tuttavia, alcuni ritengono che il peso della macchinetta a bobina offra agli artisti un maggiore controllo sulla macchina e permetta loro di lavorare in modo pi\u00f9 preciso.<\/p>\n<p>Si tratta di una parte importante della macchina rotativa. \u00c8 necessario avere una grande esperienza e conoscenza nell'utilizzo di una macchina rotativa. Poich\u00e9 \u00e8 leggera, devi fare attenzione che non ti scivoli di mano.<\/p>\n<p>La velocit\u00e0 \u00e8 un aspetto importante quando si tratta di una macchina rotativa. Trattandosi di una macchina leggera, dovrai fare molta attenzione durante il lavoro. Ricorda che il tatuaggio \u00e8 un'opera d'arte precisa. Un piccolo errore potrebbe rovinare l'intero aspetto e i clienti potrebbero rimanere insoddisfatti.<\/p>\n<p>Soprattutto in questo mercato competitivo in cui il tatuaggio \u00e8 diventato una mania tra i giovani, non puoi aspettarti di attirare clienti e guadagni con recensioni negative e valutazioni negative. Anche se ci sono alcuni rimuovi-tatuaggi disponibili sul mercato che puoi usare per cancellare gli errori, non puoi cancellare l'esperienza negativa dei clienti.<\/p>","protected":false},"excerpt":{"rendered":"<h3>Macchina per tatuaggi rotante a trasmissione diretta<\/h3>\n<p>Corsa variabile da 1 mm a 5 mm<br \/>\n8000 GIRI AL MINUTO<br \/>\nTensione preferita 6-13 volt<\/p>\n<p>Aghi consigliati: Fino a 18 Liner, fino a 39 Mag<\/p>\n<p>Cavo a clip + connessione RCA<br \/>\nCorpo in alluminio<br \/>\nPeso 140 gr.<\/p>","protected":false},"featured_media":56871,"comment_status":"open","ping_status":"closed","template":"","meta":{"site-sidebar-layout":"default","site-content-layout":"default","ast-site-content-layout":"default","site-content-style":"default","site-sidebar-style":"default","ast-global-header-display":"","ast-banner-title-visibility":"","ast-main-header-display":"","ast-hfb-above-header-display":"","ast-hfb-below-header-display":"","ast-hfb-mobile-header-display":"","site-post-title":"","ast-breadcrumbs-content":"","ast-featured-img":"","footer-sml-layout":"","ast-disable-related-posts":"","theme-transparent-header-meta":"default","adv-header-id-meta":"","stick-header-meta":"default","header-above-stick-meta":"","header-main-stick-meta":"","header-below-stick-meta":"","astra-migrate-meta-layouts":"set","ast-page-background-enabled":"default","ast-page-background-meta":{"desktop":{"background-color":"var(--ast-global-color-4)","background-image":"","background-repeat":"repeat","background-position":"center center","background-size":"auto","background-attachment":"scroll","background-type":"","background-media":"","overlay-type":"","overlay-color":"","overlay-opacity":"","overlay-gradient":""},"tablet":{"background-color":"","background-image":"","background-repeat":"repeat","background-position":"center center","background-size":"auto","background-attachment":"scroll","background-type":"","background-media":"","overlay-type":"","overlay-color":"","overlay-opacity":"","overlay-gradient":""},"mobile":{"background-color":"","background-image":"","background-repeat":"repeat","background-position":"center center","background-size":"auto","background-attachment":"scroll","background-type":"","background-media":"","overlay-type":"","overlay-color":"","overlay-opacity":"","overlay-gradient":""}},"ast-content-background-meta":{"desktop":{"background-color":"var(--ast-global-color-5)","background-image":"","background-repeat":"repeat","background-position":"center center","background-size":"auto","background-attachment":"scroll","background-type":"","background-media":"","overlay-type":"","overlay-color":"","overlay-opacity":"","overlay-gradient":""},"tablet":{"background-color":"var(--ast-global-color-5)","background-image":"","background-repeat":"repeat","background-position":"center center","background-size":"auto","background-attachment":"scroll","background-type":"","background-media":"","overlay-type":"","overlay-color":"","overlay-opacity":"","overlay-gradient":""},"mobile":{"background-color":"var(--ast-global-color-5)","background-image":"","background-repeat":"repeat","background-position":"center center","background-size":"auto","background-attachment":"scroll","background-type":"","background-media":"","overlay-type":"","overlay-color":"","overlay-opacity":"","overlay-gradient":""}}},"product_brand":[],"product_cat":[1995],"product_tag":[101,93,83,74,100,99,87,98,48,1806,97,1792,91,95,23,72],"class_list":{"0":"post-55146","1":"product","2":"type-product","3":"status-publish","4":"has-post-thumbnail","6":"product_cat-variable","7":"product_tag-custom-rotary-machines","8":"product_tag-custom-tattoo-guns","9":"product_tag-custom-tattoo-machines","10":"product_tag-direct-drive-tattoo-machine","11":"product_tag-handmade-rotary-tattoo-machines","12":"product_tag-handmade-tattoo-machines","13":"product_tag-professional-tattoo-machines","14":"product_tag-rotary-tattoo-guns","15":"product_tag-rotary-tattoo-machine","16":"product_tag-rotary-tattoo-machines","17":"product_tag-rotary-tattoo-pen","18":"product_tag-rotary-tattoomaschinen","19":"product_tag-tattoo-equipment","20":"product_tag-tattoo-guns","21":"product_tag-tattoo-machine","22":"product_tag-tattoo-machine-coils","23":"pa_brand-rightstuff","24":"desktop-align-center","25":"tablet-align-left","26":"mobile-align-left","27":"ast-product-gallery-layout-horizontal-slider","28":"ast-product-tabs-layout-horizontal","30":"first","31":"outofstock","32":"taxable","33":"shipping-taxable","34":"purchasable","35":"product-type-simple"},"_links":{"self":[{"href":"https:\/\/rightstuff.eu\/it\/wp-json\/wp\/v2\/product\/55146","targetHints":{"allow":["GET"]}}],"collection":[{"href":"https:\/\/rightstuff.eu\/it\/wp-json\/wp\/v2\/product"}],"about":[{"href":"https:\/\/rightstuff.eu\/it\/wp-json\/wp\/v2\/types\/product"}],"replies":[{"embeddable":true,"href":"https:\/\/rightstuff.eu\/it\/wp-json\/wp\/v2\/comments?post=55146"}],"version-history":[{"count":0,"href":"https:\/\/rightstuff.eu\/it\/wp-json\/wp\/v2\/product\/55146\/revisions"}],"wp:featuredmedia":[{"embeddable":true,"href":"https:\/\/rightstuff.eu\/it\/wp-json\/wp\/v2\/media\/56871"}],"wp:attachment":[{"href":"https:\/\/rightstuff.eu\/it\/wp-json\/wp\/v2\/media?parent=55146"}],"wp:term":[{"taxonomy":"product_brand","embeddable":true,"href":"https:\/\/rightstuff.eu\/it\/wp-json\/wp\/v2\/product_brand?post=55146"},{"taxonomy":"product_cat","embeddable":true,"href":"https:\/\/rightstuff.eu\/it\/wp-json\/wp\/v2\/product_cat?post=55146"},{"taxonomy":"product_tag","embeddable":true,"href":"https:\/\/rightstuff.eu\/it\/wp-json\/wp\/v2\/product_tag?post=55146"}],"curies":[{"name":"wp","href":"https:\/\/api.w.org\/{rel}","templated":true}]}}