{"id":55128,"date":"2023-06-19T01:38:05","date_gmt":"2023-06-18T23:38:05","guid":{"rendered":"https:\/\/rightstuff.eu\/?post_type=product&#038;p=55128"},"modified":"2023-11-08T15:20:53","modified_gmt":"2023-11-08T14:20:53","slug":"pen-tattoo-machine-hornet-wht-32mm-grip","status":"publish","type":"product","link":"https:\/\/rightstuff.eu\/it\/prodotto\/pen-tattoo-machine-hornet-wht-32mm-grip\/","title":{"rendered":"Penna tatuatrice Hornet WHT -32mm Grip"},"content":{"rendered":"<p>Il tatuaggio \u00e8 un'arte antica. Secoli fa le pitture sulla pelle avevano uno scopo speciale: le persone credevano che un tatuaggio potesse proteggerle dalle malattie o da una morte improvvisa, aiutarle a spaventare i nemici e ad attirare le persone amate. Per realizzare un tatuaggio, gli antichi maestri incidevano la pelle e vi iniettavano delle vernici speciali. L'intero processo era molto doloroso.<\/p>\n<p>Oggi un professionista pu\u00f2 persino realizzare un tatuaggio a trucco costante: il cliente non avr\u00e0 mai sensazioni spiacevoli. Utilizzando la speciale maschera per tatuaggi Hornet (Gold) in alluminio, \u00e8 possibile realizzare facilmente linee uniformi e piccoli tatuaggi. Questo dispositivo professionale per il trucco e il tatuaggio soddisfa tutti i requisiti di igiene e qualit\u00e0. Permette a un maestro di produrre linee precise: la penna funzioner\u00e0 perfettamente per pi\u00f9 di quattro-cinque anni.<\/p>\n<p>La sostituzione della cartuccia dell'unit\u00e0 \u00e8 un processo semplice, poich\u00e9 quasi tutte le cartucce sono compatibili con questo dispositivo. L'apparecchio, che pesa 145 grammi, funziona a una velocit\u00e0 di 8000 giri al minuto con un voltaggio di 4,5-13 V. La profondit\u00e0 dell'ago varia da 1 a 3,5 mm.<\/p>","protected":false},"excerpt":{"rendered":"<p>Macchina per tatuaggi a penna Hornet<br \/>\nImpugnatura 32*50 mm<\/p>\n<p>Maschera per tatuaggi Stift Hornet<\/p>\n<p>Compatibile con tutte le cartucce standard<\/p>\n<p>Corsa 3,2 mm<br \/>\nProfondit\u00e0 dell'ago variabile fino a 4 mm<br \/>\n8000 GIRI AL MINUTO<br \/>\nTensione preferita 4,5-13 volt<\/p>\n<p>Connessione RCA<br \/>\nCorpo in alluminio<br \/>\nPeso 145 gr.<\/p>","protected":false},"featured_media":55131,"comment_status":"open","ping_status":"closed","template":"","meta":{"site-sidebar-layout":"default","site-content-layout":"default","ast-site-content-layout":"default","site-content-style":"default","site-sidebar-style":"default","ast-global-header-display":"","ast-banner-title-visibility":"","ast-main-header-display":"","ast-hfb-above-header-display":"","ast-hfb-below-header-display":"","ast-hfb-mobile-header-display":"","site-post-title":"","ast-breadcrumbs-content":"","ast-featured-img":"","footer-sml-layout":"","ast-disable-related-posts":"","theme-transparent-header-meta":"default","adv-header-id-meta":"","stick-header-meta":"default","header-above-stick-meta":"","header-main-stick-meta":"","header-below-stick-meta":"","astra-migrate-meta-layouts":"set","ast-page-background-enabled":"default","ast-page-background-meta":{"desktop":{"background-color":"var(--ast-global-color-4)","background-image":"","background-repeat":"repeat","background-position":"center center","background-size":"auto","background-attachment":"scroll","background-type":"","background-media":"","overlay-type":"","overlay-color":"","overlay-opacity":"","overlay-gradient":""},"tablet":{"background-color":"","background-image":"","background-repeat":"repeat","background-position":"center center","background-size":"auto","background-attachment":"scroll","background-type":"","background-media":"","overlay-type":"","overlay-color":"","overlay-opacity":"","overlay-gradient":""},"mobile":{"background-color":"","background-image":"","background-repeat":"repeat","background-position":"center center","background-size":"auto","background-attachment":"scroll","background-type":"","background-media":"","overlay-type":"","overlay-color":"","overlay-opacity":"","overlay-gradient":""}},"ast-content-background-meta":{"desktop":{"background-color":"var(--ast-global-color-5)","background-image":"","background-repeat":"repeat","background-position":"center center","background-size":"auto","background-attachment":"scroll","background-type":"","background-media":"","overlay-type":"","overlay-color":"","overlay-opacity":"","overlay-gradient":""},"tablet":{"background-color":"var(--ast-global-color-5)","background-image":"","background-repeat":"repeat","background-position":"center center","background-size":"auto","background-attachment":"scroll","background-type":"","background-media":"","overlay-type":"","overlay-color":"","overlay-opacity":"","overlay-gradient":""},"mobile":{"background-color":"var(--ast-global-color-5)","background-image":"","background-repeat":"repeat","background-position":"center center","background-size":"auto","background-attachment":"scroll","background-type":"","background-media":"","overlay-type":"","overlay-color":"","overlay-opacity":"","overlay-gradient":""}}},"product_brand":[],"product_cat":[1803],"product_tag":[101,93,100,99,53,1798,50,87,98,48,97,1792,71,91,95,52,41,51],"class_list":{"0":"post-55128","1":"product","2":"type-product","3":"status-publish","4":"has-post-thumbnail","6":"product_cat-pen-tattoo-machines","7":"product_tag-custom-rotary-machines","8":"product_tag-custom-tattoo-guns","9":"product_tag-handmade-rotary-tattoo-machines","10":"product_tag-handmade-tattoo-machines","11":"product_tag-hornet-tattoo-machine","12":"product_tag-maquinas-rotativas-de-tatuaje","13":"product_tag-pen-tattoo-machine","14":"product_tag-professional-tattoo-machines","15":"product_tag-rotary-tattoo-guns","16":"product_tag-rotary-tattoo-machine","17":"product_tag-rotary-tattoo-pen","18":"product_tag-rotary-tattoomaschinen","19":"product_tag-tattoo-cartridges","20":"product_tag-tattoo-equipment","21":"product_tag-tattoo-guns","22":"product_tag-tattoo-machine-pen","23":"product_tag-tattoo-machines","24":"product_tag-tattoo-pen","25":"pa_brand-rightstuff","26":"desktop-align-center","27":"tablet-align-left","28":"mobile-align-left","29":"ast-product-gallery-layout-horizontal-slider","30":"ast-product-gallery-with-no-image","31":"ast-product-tabs-layout-horizontal","33":"first","34":"instock","35":"taxable","36":"shipping-taxable","37":"purchasable","38":"product-type-simple"},"_links":{"self":[{"href":"https:\/\/rightstuff.eu\/it\/wp-json\/wp\/v2\/product\/55128","targetHints":{"allow":["GET"]}}],"collection":[{"href":"https:\/\/rightstuff.eu\/it\/wp-json\/wp\/v2\/product"}],"about":[{"href":"https:\/\/rightstuff.eu\/it\/wp-json\/wp\/v2\/types\/product"}],"replies":[{"embeddable":true,"href":"https:\/\/rightstuff.eu\/it\/wp-json\/wp\/v2\/comments?post=55128"}],"version-history":[{"count":0,"href":"https:\/\/rightstuff.eu\/it\/wp-json\/wp\/v2\/product\/55128\/revisions"}],"wp:featuredmedia":[{"embeddable":true,"href":"https:\/\/rightstuff.eu\/it\/wp-json\/wp\/v2\/media\/55131"}],"wp:attachment":[{"href":"https:\/\/rightstuff.eu\/it\/wp-json\/wp\/v2\/media?parent=55128"}],"wp:term":[{"taxonomy":"product_brand","embeddable":true,"href":"https:\/\/rightstuff.eu\/it\/wp-json\/wp\/v2\/product_brand?post=55128"},{"taxonomy":"product_cat","embeddable":true,"href":"https:\/\/rightstuff.eu\/it\/wp-json\/wp\/v2\/product_cat?post=55128"},{"taxonomy":"product_tag","embeddable":true,"href":"https:\/\/rightstuff.eu\/it\/wp-json\/wp\/v2\/product_tag?post=55128"}],"curies":[{"name":"wp","href":"https:\/\/api.w.org\/{rel}","templated":true}]}}