{"id":50624,"date":"2022-04-07T14:54:50","date_gmt":"2022-04-07T12:54:50","guid":{"rendered":"https:\/\/rightstuff.eu\/?post_type=product&#038;p=50624"},"modified":"2025-04-26T16:33:51","modified_gmt":"2025-04-26T14:33:51","slug":"hornet-grip-19mm-black","status":"publish","type":"product","link":"https:\/\/rightstuff.eu\/it\/prodotto\/hornet-grip-19mm-black\/","title":{"rendered":"Impugnatura Hornet 19 mm - Nero"},"content":{"rendered":"<p>Il diametro di questa impugnatura per tatuaggi Hornet, salda e confortevole, \u00e8 di 32 mm. Quindi, se sei un tatuatore alto e hai una presa grande e forte, questo prodotto \u00e8 perfetto per te. Comunque, nonostante le dimensioni dell'impugnatura nera da 32 mm, \u00e8 davvero comoda da tenere in mano. Assomiglia alla sensazione di disegnare con una vera matita. L'impugnatura nera Hornet da 32 mm \u00e8 di alta qualit\u00e0 e durevole, per durare negli anni.<\/p>","protected":false},"excerpt":{"rendered":"<p>Grip per macchinette per tatuaggi Hornet 19mm*35mm - Nero<\/p>","protected":false},"featured_media":50998,"comment_status":"open","ping_status":"closed","template":"","meta":{"site-sidebar-layout":"default","site-content-layout":"default","ast-site-content-layout":"default","site-content-style":"default","site-sidebar-style":"default","ast-global-header-display":"","ast-banner-title-visibility":"","ast-main-header-display":"","ast-hfb-above-header-display":"","ast-hfb-below-header-display":"","ast-hfb-mobile-header-display":"","site-post-title":"","ast-breadcrumbs-content":"","ast-featured-img":"","footer-sml-layout":"","ast-disable-related-posts":"","theme-transparent-header-meta":"default","adv-header-id-meta":"","stick-header-meta":"default","header-above-stick-meta":"","header-main-stick-meta":"","header-below-stick-meta":"","astra-migrate-meta-layouts":"set","ast-page-background-enabled":"default","ast-page-background-meta":{"desktop":{"background-color":"var(--ast-global-color-4)","background-image":"","background-repeat":"repeat","background-position":"center center","background-size":"auto","background-attachment":"scroll","background-type":"","background-media":"","overlay-type":"","overlay-color":"","overlay-opacity":"","overlay-gradient":""},"tablet":{"background-color":"","background-image":"","background-repeat":"repeat","background-position":"center center","background-size":"auto","background-attachment":"scroll","background-type":"","background-media":"","overlay-type":"","overlay-color":"","overlay-opacity":"","overlay-gradient":""},"mobile":{"background-color":"","background-image":"","background-repeat":"repeat","background-position":"center center","background-size":"auto","background-attachment":"scroll","background-type":"","background-media":"","overlay-type":"","overlay-color":"","overlay-opacity":"","overlay-gradient":""}},"ast-content-background-meta":{"desktop":{"background-color":"var(--ast-global-color-5)","background-image":"","background-repeat":"repeat","background-position":"center center","background-size":"auto","background-attachment":"scroll","background-type":"","background-media":"","overlay-type":"","overlay-color":"","overlay-opacity":"","overlay-gradient":""},"tablet":{"background-color":"var(--ast-global-color-5)","background-image":"","background-repeat":"repeat","background-position":"center center","background-size":"auto","background-attachment":"scroll","background-type":"","background-media":"","overlay-type":"","overlay-color":"","overlay-opacity":"","overlay-gradient":""},"mobile":{"background-color":"var(--ast-global-color-5)","background-image":"","background-repeat":"repeat","background-position":"center center","background-size":"auto","background-attachment":"scroll","background-type":"","background-media":"","overlay-type":"","overlay-color":"","overlay-opacity":"","overlay-gradient":""}}},"product_brand":[],"product_cat":[1803],"product_tag":[101,100,98,48,97,1792,90,91,92,86],"class_list":{"0":"post-50624","1":"product","2":"type-product","3":"status-publish","4":"has-post-thumbnail","6":"product_cat-pen-tattoo-machines","7":"product_tag-custom-rotary-machines","8":"product_tag-handmade-rotary-tattoo-machines","9":"product_tag-rotary-tattoo-guns","10":"product_tag-rotary-tattoo-machine","11":"product_tag-rotary-tattoo-pen","12":"product_tag-rotary-tattoomaschinen","13":"product_tag-tattoo-accessories","14":"product_tag-tattoo-equipment","15":"product_tag-tattoo-machines-parts","16":"product_tag-tattoo-needle-supply","17":"pa_brand-rightstuff","18":"desktop-align-center","19":"tablet-align-left","20":"mobile-align-left","21":"ast-product-gallery-layout-horizontal-slider","22":"ast-product-tabs-layout-horizontal","24":"first","25":"instock","26":"taxable","27":"shipping-taxable","28":"purchasable","29":"product-type-simple"},"_links":{"self":[{"href":"https:\/\/rightstuff.eu\/it\/wp-json\/wp\/v2\/product\/50624","targetHints":{"allow":["GET"]}}],"collection":[{"href":"https:\/\/rightstuff.eu\/it\/wp-json\/wp\/v2\/product"}],"about":[{"href":"https:\/\/rightstuff.eu\/it\/wp-json\/wp\/v2\/types\/product"}],"replies":[{"embeddable":true,"href":"https:\/\/rightstuff.eu\/it\/wp-json\/wp\/v2\/comments?post=50624"}],"version-history":[{"count":0,"href":"https:\/\/rightstuff.eu\/it\/wp-json\/wp\/v2\/product\/50624\/revisions"}],"wp:featuredmedia":[{"embeddable":true,"href":"https:\/\/rightstuff.eu\/it\/wp-json\/wp\/v2\/media\/50998"}],"wp:attachment":[{"href":"https:\/\/rightstuff.eu\/it\/wp-json\/wp\/v2\/media?parent=50624"}],"wp:term":[{"taxonomy":"product_brand","embeddable":true,"href":"https:\/\/rightstuff.eu\/it\/wp-json\/wp\/v2\/product_brand?post=50624"},{"taxonomy":"product_cat","embeddable":true,"href":"https:\/\/rightstuff.eu\/it\/wp-json\/wp\/v2\/product_cat?post=50624"},{"taxonomy":"product_tag","embeddable":true,"href":"https:\/\/rightstuff.eu\/it\/wp-json\/wp\/v2\/product_tag?post=50624"}],"curies":[{"name":"wp","href":"https:\/\/api.w.org\/{rel}","templated":true}]}}