{"id":50614,"date":"2022-04-04T13:24:38","date_gmt":"2022-04-04T11:24:38","guid":{"rendered":"https:\/\/rightstuff.eu\/?post_type=product&#038;p=50614"},"modified":"2026-03-12T13:54:21","modified_gmt":"2026-03-12T12:54:21","slug":"cartridge-click-grip-40","status":"publish","type":"product","link":"https:\/\/rightstuff.eu\/it\/prodotto\/cartridge-click-grip-40\/","title":{"rendered":"Cartuccia Click Grip 40 mm"},"content":{"rendered":"<p>Il Cartridge Click Grip \u00e8 un'impugnatura per cartucce per tatuaggi adatta a tutte le macchinette per tatuaggi con barra ago standard. L'impugnatura offre un design di alta qualit\u00e0, resistente e flessibile, che durer\u00e0 per tutta la vita con la giusta cura. \u00c8 dotata di una profondit\u00e0 regolabile dell'ago della cartuccia, che ti permette di cambiare rapidamente la profondit\u00e0 degli aghi semplicemente girando la vite. L'impugnatura ha anche un design autoclavabile che ti permette di sterilizzarla.<\/p>","protected":false},"excerpt":{"rendered":"<p>Impugnatura a scatto per cartucce RightStuff.<br \/>\nRealizzato in acciaio e alluminio.<br \/>\nProfondit\u00e0 dell'ago della cartuccia regolabile.<br \/>\nDiametro -40 mm<br \/>\nPeso - 110 grammi<\/p>\n<p>Autoclavabile fino a t-138 Celsium<\/p>\n<p>Barra di trasmissione da 90 mm inclusa<\/p>","protected":false},"featured_media":50988,"comment_status":"open","ping_status":"closed","template":"","meta":{"site-sidebar-layout":"default","site-content-layout":"default","ast-site-content-layout":"default","site-content-style":"default","site-sidebar-style":"default","ast-global-header-display":"","ast-banner-title-visibility":"","ast-main-header-display":"","ast-hfb-above-header-display":"","ast-hfb-below-header-display":"","ast-hfb-mobile-header-display":"","site-post-title":"","ast-breadcrumbs-content":"","ast-featured-img":"","footer-sml-layout":"","ast-disable-related-posts":"","theme-transparent-header-meta":"default","adv-header-id-meta":"","stick-header-meta":"default","header-above-stick-meta":"","header-main-stick-meta":"","header-below-stick-meta":"","astra-migrate-meta-layouts":"set","ast-page-background-enabled":"default","ast-page-background-meta":{"desktop":{"background-color":"var(--ast-global-color-4)","background-image":"","background-repeat":"repeat","background-position":"center center","background-size":"auto","background-attachment":"scroll","background-type":"","background-media":"","overlay-type":"","overlay-color":"","overlay-opacity":"","overlay-gradient":""},"tablet":{"background-color":"","background-image":"","background-repeat":"repeat","background-position":"center center","background-size":"auto","background-attachment":"scroll","background-type":"","background-media":"","overlay-type":"","overlay-color":"","overlay-opacity":"","overlay-gradient":""},"mobile":{"background-color":"","background-image":"","background-repeat":"repeat","background-position":"center center","background-size":"auto","background-attachment":"scroll","background-type":"","background-media":"","overlay-type":"","overlay-color":"","overlay-opacity":"","overlay-gradient":""}},"ast-content-background-meta":{"desktop":{"background-color":"var(--ast-global-color-5)","background-image":"","background-repeat":"repeat","background-position":"center center","background-size":"auto","background-attachment":"scroll","background-type":"","background-media":"","overlay-type":"","overlay-color":"","overlay-opacity":"","overlay-gradient":""},"tablet":{"background-color":"var(--ast-global-color-5)","background-image":"","background-repeat":"repeat","background-position":"center center","background-size":"auto","background-attachment":"scroll","background-type":"","background-media":"","overlay-type":"","overlay-color":"","overlay-opacity":"","overlay-gradient":""},"mobile":{"background-color":"var(--ast-global-color-5)","background-image":"","background-repeat":"repeat","background-position":"center center","background-size":"auto","background-attachment":"scroll","background-type":"","background-media":"","overlay-type":"","overlay-color":"","overlay-opacity":"","overlay-gradient":""}}},"product_brand":[],"product_cat":[106,2011],"product_tag":[109,107,110,108],"class_list":{"0":"post-50614","1":"product","2":"type-product","3":"status-publish","4":"has-post-thumbnail","6":"product_cat-cartridge-grips","7":"product_cat-cartridge-grips-cartridges","8":"product_tag-cartridge-grip","9":"product_tag-grip","10":"product_tag-tattoo-cartridge-grip","11":"product_tag-tattoo-grip","12":"pa_brand-rightstuff","13":"desktop-align-center","14":"tablet-align-left","15":"mobile-align-left","16":"ast-product-gallery-layout-horizontal-slider","17":"ast-product-gallery-with-no-image","18":"ast-product-tabs-layout-horizontal","20":"first","21":"instock","22":"taxable","23":"shipping-taxable","24":"purchasable","25":"product-type-simple"},"_links":{"self":[{"href":"https:\/\/rightstuff.eu\/it\/wp-json\/wp\/v2\/product\/50614","targetHints":{"allow":["GET"]}}],"collection":[{"href":"https:\/\/rightstuff.eu\/it\/wp-json\/wp\/v2\/product"}],"about":[{"href":"https:\/\/rightstuff.eu\/it\/wp-json\/wp\/v2\/types\/product"}],"replies":[{"embeddable":true,"href":"https:\/\/rightstuff.eu\/it\/wp-json\/wp\/v2\/comments?post=50614"}],"version-history":[{"count":0,"href":"https:\/\/rightstuff.eu\/it\/wp-json\/wp\/v2\/product\/50614\/revisions"}],"wp:featuredmedia":[{"embeddable":true,"href":"https:\/\/rightstuff.eu\/it\/wp-json\/wp\/v2\/media\/50988"}],"wp:attachment":[{"href":"https:\/\/rightstuff.eu\/it\/wp-json\/wp\/v2\/media?parent=50614"}],"wp:term":[{"taxonomy":"product_brand","embeddable":true,"href":"https:\/\/rightstuff.eu\/it\/wp-json\/wp\/v2\/product_brand?post=50614"},{"taxonomy":"product_cat","embeddable":true,"href":"https:\/\/rightstuff.eu\/it\/wp-json\/wp\/v2\/product_cat?post=50614"},{"taxonomy":"product_tag","embeddable":true,"href":"https:\/\/rightstuff.eu\/it\/wp-json\/wp\/v2\/product_tag?post=50614"}],"curies":[{"name":"wp","href":"https:\/\/api.w.org\/{rel}","templated":true}]}}