{"id":49427,"date":"2020-05-25T19:37:35","date_gmt":"2020-05-25T16:37:35","guid":{"rendered":"https:\/\/rightstuff.eu\/?post_type=product&#038;p=49427"},"modified":"2025-01-22T01:32:15","modified_gmt":"2025-01-22T00:32:15","slug":"pen-tattoo-machine-finer-28mm-grip-gold","status":"publish","type":"product","link":"https:\/\/rightstuff.eu\/it\/prodotto\/pen-tattoo-machine-finer-28mm-grip-gold\/","title":{"rendered":"Penna tatuatrice Finer - presa 28mm (Oro)"},"content":{"rendered":"<p dir=\"auto\" data-pm-slice=\"1 1 []\">Finer \u00e8 la macchina per tatuaggi a penna perfetta per chi pratica il trucco permanente -PMU. \u00c8 una macchinetta per tatuaggi elegante e raffinata che ha le dimensioni e il peso ideali per ogni utente. \u00c8 dotata di un'impugnatura per una presa confortevole e di otto watt di potenza per un rapido movimento dell'ago. La lunghezza del tratto di 3,2 mm ti aiuter\u00e0 a ottenere risultati ottimali con le tue creazioni di trucco. La profondit\u00e0 dell'ago pu\u00f2 essere regolata fino a 4 mm.<\/p>","protected":false},"excerpt":{"rendered":"<p>Macchina per tatuaggi a penna Finer Gold<\/p>\n<p>Macchina PMU<\/p>\n<p>Lunghezza 120 mm, diametro 21 mm<br \/>\nImpugnatura 28 mm<\/p>\n<p>Compatibile con tutte le cartucce standard<\/p>\n<p>ti consigliamo di utilizzare il nostro <a href=\"https:\/\/rightstuff.eu\/tattoo-cartridges\/\">Cartucce RightStripes<\/a><\/p>\n<p>Corsa 3,2 mm<\/p>\n<p>Motore coreless da 8w ad alta efficienza<br \/>\nFino a 4 mm di profondit\u00e0 dell'ago<br \/>\n10000 RPM<br \/>\nTensione preferita 4,5-12 volt<\/p>\n<p>Connessione RCA<br \/>\nCorpo in alluminio<br \/>\nPeso 86 gr.<\/p>","protected":false},"featured_media":0,"comment_status":"open","ping_status":"closed","template":"","meta":{"site-sidebar-layout":"default","site-content-layout":"default","ast-site-content-layout":"default","site-content-style":"default","site-sidebar-style":"default","ast-global-header-display":"","ast-banner-title-visibility":"","ast-main-header-display":"","ast-hfb-above-header-display":"","ast-hfb-below-header-display":"","ast-hfb-mobile-header-display":"","site-post-title":"","ast-breadcrumbs-content":"","ast-featured-img":"","footer-sml-layout":"","ast-disable-related-posts":"","theme-transparent-header-meta":"default","adv-header-id-meta":"","stick-header-meta":"default","header-above-stick-meta":"","header-main-stick-meta":"","header-below-stick-meta":"","astra-migrate-meta-layouts":"set","ast-page-background-enabled":"default","ast-page-background-meta":{"desktop":{"background-color":"var(--ast-global-color-4)","background-image":"","background-repeat":"repeat","background-position":"center center","background-size":"auto","background-attachment":"scroll","background-type":"","background-media":"","overlay-type":"","overlay-color":"","overlay-opacity":"","overlay-gradient":""},"tablet":{"background-color":"","background-image":"","background-repeat":"repeat","background-position":"center center","background-size":"auto","background-attachment":"scroll","background-type":"","background-media":"","overlay-type":"","overlay-color":"","overlay-opacity":"","overlay-gradient":""},"mobile":{"background-color":"","background-image":"","background-repeat":"repeat","background-position":"center center","background-size":"auto","background-attachment":"scroll","background-type":"","background-media":"","overlay-type":"","overlay-color":"","overlay-opacity":"","overlay-gradient":""}},"ast-content-background-meta":{"desktop":{"background-color":"var(--ast-global-color-5)","background-image":"","background-repeat":"repeat","background-position":"center center","background-size":"auto","background-attachment":"scroll","background-type":"","background-media":"","overlay-type":"","overlay-color":"","overlay-opacity":"","overlay-gradient":""},"tablet":{"background-color":"var(--ast-global-color-5)","background-image":"","background-repeat":"repeat","background-position":"center center","background-size":"auto","background-attachment":"scroll","background-type":"","background-media":"","overlay-type":"","overlay-color":"","overlay-opacity":"","overlay-gradient":""},"mobile":{"background-color":"var(--ast-global-color-5)","background-image":"","background-repeat":"repeat","background-position":"center center","background-size":"auto","background-attachment":"scroll","background-type":"","background-media":"","overlay-type":"","overlay-color":"","overlay-opacity":"","overlay-gradient":""}}},"product_brand":[],"product_cat":[1803],"product_tag":[101,93,100,99,53,1799,50,87,98,48,97,1792,71,91,95,52,41,51],"class_list":{"0":"post-49427","1":"product","2":"type-product","3":"status-publish","5":"product_cat-pen-tattoo-machines","6":"product_tag-custom-rotary-machines","7":"product_tag-custom-tattoo-guns","8":"product_tag-handmade-rotary-tattoo-machines","9":"product_tag-handmade-tattoo-machines","10":"product_tag-hornet-tattoo-machine","11":"product_tag-macchinette-rotative-per-tatuaggi","12":"product_tag-pen-tattoo-machine","13":"product_tag-professional-tattoo-machines","14":"product_tag-rotary-tattoo-guns","15":"product_tag-rotary-tattoo-machine","16":"product_tag-rotary-tattoo-pen","17":"product_tag-rotary-tattoomaschinen","18":"product_tag-tattoo-cartridges","19":"product_tag-tattoo-equipment","20":"product_tag-tattoo-guns","21":"product_tag-tattoo-machine-pen","22":"product_tag-tattoo-machines","23":"product_tag-tattoo-pen","24":"pa_brand-rightstuff","25":"desktop-align-center","26":"tablet-align-left","27":"mobile-align-left","28":"ast-product-gallery-layout-horizontal-slider","29":"ast-product-gallery-with-no-image","30":"ast-product-tabs-layout-horizontal","32":"first","33":"outofstock","34":"purchasable","35":"product-type-simple"},"_links":{"self":[{"href":"https:\/\/rightstuff.eu\/it\/wp-json\/wp\/v2\/product\/49427","targetHints":{"allow":["GET"]}}],"collection":[{"href":"https:\/\/rightstuff.eu\/it\/wp-json\/wp\/v2\/product"}],"about":[{"href":"https:\/\/rightstuff.eu\/it\/wp-json\/wp\/v2\/types\/product"}],"replies":[{"embeddable":true,"href":"https:\/\/rightstuff.eu\/it\/wp-json\/wp\/v2\/comments?post=49427"}],"version-history":[{"count":0,"href":"https:\/\/rightstuff.eu\/it\/wp-json\/wp\/v2\/product\/49427\/revisions"}],"wp:attachment":[{"href":"https:\/\/rightstuff.eu\/it\/wp-json\/wp\/v2\/media?parent=49427"}],"wp:term":[{"taxonomy":"product_brand","embeddable":true,"href":"https:\/\/rightstuff.eu\/it\/wp-json\/wp\/v2\/product_brand?post=49427"},{"taxonomy":"product_cat","embeddable":true,"href":"https:\/\/rightstuff.eu\/it\/wp-json\/wp\/v2\/product_cat?post=49427"},{"taxonomy":"product_tag","embeddable":true,"href":"https:\/\/rightstuff.eu\/it\/wp-json\/wp\/v2\/product_tag?post=49427"}],"curies":[{"name":"wp","href":"https:\/\/api.w.org\/{rel}","templated":true}]}}