{"id":49424,"date":"2020-05-25T19:12:24","date_gmt":"2020-05-25T16:12:24","guid":{"rendered":"https:\/\/rightstuff.eu\/?post_type=product&#038;p=49424"},"modified":"2025-01-22T01:32:15","modified_gmt":"2025-01-22T00:32:15","slug":"pen-tattoo-machine-finer-pink","status":"publish","type":"product","link":"https:\/\/rightstuff.eu\/it\/prodotto\/pen-tattoo-machine-finer-pink\/","title":{"rendered":"Macchina per tatuaggi a penna Finer (Rosa)"},"content":{"rendered":"<p dir=\"auto\" data-pm-slice=\"1 1 []\">Fai il tuo tatuaggio. La Pen Tattoo Machine Finer \u00e8 la migliore macchinetta per tatuaggi sul mercato. Offre un'esperienza fluida, di alta qualit\u00e0 e facile da usare per chi \u00e8 alla ricerca di un nuovo modo di esprimersi. La Pen Tattoo Machine Finer ha un design semplice e raffinato ed \u00e8 perfetta come regalo per chiunque voglia farsi tatuare!<\/p>","protected":false},"excerpt":{"rendered":"<h4>Macchina per tatuaggi a penna Finer Pink<\/h4>\n<p>Lunghezza 120 mm, diametro 21 mm<br \/>\nImpugnatura 18 mm<\/p>\n<p>Compatibile con tutte le cartucce standard<\/p>\n<p>ti consigliamo di utilizzare il nostro <a href=\"https:\/\/rightstuff.eu\/tattoo-cartridges\/\">Cartucce RightStripes<\/a><\/p>\n<p>Corsa 3,2 mm<\/p>\n<p>Motore coreless da 8w ad alta efficienza<br \/>\nFino a 4 mm di profondit\u00e0 dell'ago<br \/>\n10000 RPM<br \/>\nTensione preferita 4,5-12 volt<\/p>\n<p>Connessione RCA<br \/>\nCorpo in alluminio<br \/>\nPeso 86 gr.<\/p>","protected":false},"featured_media":49418,"comment_status":"open","ping_status":"closed","template":"","meta":{"site-sidebar-layout":"default","site-content-layout":"default","ast-site-content-layout":"default","site-content-style":"default","site-sidebar-style":"default","ast-global-header-display":"","ast-banner-title-visibility":"","ast-main-header-display":"","ast-hfb-above-header-display":"","ast-hfb-below-header-display":"","ast-hfb-mobile-header-display":"","site-post-title":"","ast-breadcrumbs-content":"","ast-featured-img":"","footer-sml-layout":"","ast-disable-related-posts":"","theme-transparent-header-meta":"default","adv-header-id-meta":"","stick-header-meta":"default","header-above-stick-meta":"","header-main-stick-meta":"","header-below-stick-meta":"","astra-migrate-meta-layouts":"set","ast-page-background-enabled":"default","ast-page-background-meta":{"desktop":{"background-color":"var(--ast-global-color-4)","background-image":"","background-repeat":"repeat","background-position":"center center","background-size":"auto","background-attachment":"scroll","background-type":"","background-media":"","overlay-type":"","overlay-color":"","overlay-opacity":"","overlay-gradient":""},"tablet":{"background-color":"","background-image":"","background-repeat":"repeat","background-position":"center center","background-size":"auto","background-attachment":"scroll","background-type":"","background-media":"","overlay-type":"","overlay-color":"","overlay-opacity":"","overlay-gradient":""},"mobile":{"background-color":"","background-image":"","background-repeat":"repeat","background-position":"center center","background-size":"auto","background-attachment":"scroll","background-type":"","background-media":"","overlay-type":"","overlay-color":"","overlay-opacity":"","overlay-gradient":""}},"ast-content-background-meta":{"desktop":{"background-color":"var(--ast-global-color-5)","background-image":"","background-repeat":"repeat","background-position":"center center","background-size":"auto","background-attachment":"scroll","background-type":"","background-media":"","overlay-type":"","overlay-color":"","overlay-opacity":"","overlay-gradient":""},"tablet":{"background-color":"var(--ast-global-color-5)","background-image":"","background-repeat":"repeat","background-position":"center center","background-size":"auto","background-attachment":"scroll","background-type":"","background-media":"","overlay-type":"","overlay-color":"","overlay-opacity":"","overlay-gradient":""},"mobile":{"background-color":"var(--ast-global-color-5)","background-image":"","background-repeat":"repeat","background-position":"center center","background-size":"auto","background-attachment":"scroll","background-type":"","background-media":"","overlay-type":"","overlay-color":"","overlay-opacity":"","overlay-gradient":""}}},"product_brand":[],"product_cat":[1803],"product_tag":[101,93,100,99,53,50,87,98,48,97,1792,1797,1807,71,91,95,52,41,51],"class_list":{"0":"post-49424","1":"product","2":"type-product","3":"status-publish","4":"has-post-thumbnail","6":"product_cat-pen-tattoo-machines","7":"product_tag-custom-rotary-machines","8":"product_tag-custom-tattoo-guns","9":"product_tag-handmade-rotary-tattoo-machines","10":"product_tag-handmade-tattoo-machines","11":"product_tag-hornet-tattoo-machine","12":"product_tag-pen-tattoo-machine","13":"product_tag-professional-tattoo-machines","14":"product_tag-rotary-tattoo-guns","15":"product_tag-rotary-tattoo-machine","16":"product_tag-rotary-tattoo-pen","17":"product_tag-rotary-tattoomaschinen","18":"product_tag-rotative-machines-a-tatouer","19":"product_tag-tattoo-beginner-box","20":"product_tag-tattoo-cartridges","21":"product_tag-tattoo-equipment","22":"product_tag-tattoo-guns","23":"product_tag-tattoo-machine-pen","24":"product_tag-tattoo-machines","25":"product_tag-tattoo-pen","26":"pa_brand-rightstuff","27":"desktop-align-center","28":"tablet-align-left","29":"mobile-align-left","30":"ast-product-gallery-layout-horizontal-slider","31":"ast-product-tabs-layout-horizontal","33":"first","34":"instock","35":"purchasable","36":"product-type-simple"},"_links":{"self":[{"href":"https:\/\/rightstuff.eu\/it\/wp-json\/wp\/v2\/product\/49424","targetHints":{"allow":["GET"]}}],"collection":[{"href":"https:\/\/rightstuff.eu\/it\/wp-json\/wp\/v2\/product"}],"about":[{"href":"https:\/\/rightstuff.eu\/it\/wp-json\/wp\/v2\/types\/product"}],"replies":[{"embeddable":true,"href":"https:\/\/rightstuff.eu\/it\/wp-json\/wp\/v2\/comments?post=49424"}],"version-history":[{"count":0,"href":"https:\/\/rightstuff.eu\/it\/wp-json\/wp\/v2\/product\/49424\/revisions"}],"wp:featuredmedia":[{"embeddable":true,"href":"https:\/\/rightstuff.eu\/it\/wp-json\/wp\/v2\/media\/49418"}],"wp:attachment":[{"href":"https:\/\/rightstuff.eu\/it\/wp-json\/wp\/v2\/media?parent=49424"}],"wp:term":[{"taxonomy":"product_brand","embeddable":true,"href":"https:\/\/rightstuff.eu\/it\/wp-json\/wp\/v2\/product_brand?post=49424"},{"taxonomy":"product_cat","embeddable":true,"href":"https:\/\/rightstuff.eu\/it\/wp-json\/wp\/v2\/product_cat?post=49424"},{"taxonomy":"product_tag","embeddable":true,"href":"https:\/\/rightstuff.eu\/it\/wp-json\/wp\/v2\/product_tag?post=49424"}],"curies":[{"name":"wp","href":"https:\/\/api.w.org\/{rel}","templated":true}]}}