{"id":49384,"date":"2020-05-09T20:17:54","date_gmt":"2020-05-09T17:17:54","guid":{"rendered":"https:\/\/rightstuff.eu\/?post_type=product&#038;p=49384"},"modified":"2025-01-22T01:32:16","modified_gmt":"2025-01-22T00:32:16","slug":"lucky-trueliner-alu-tattoo-machine-blck-orng","status":"publish","type":"product","link":"https:\/\/rightstuff.eu\/it\/prodotto\/lucky-trueliner-alu-tattoo-machine-blck-orng\/","title":{"rendered":"LUCKY TrueLiner ALU Macchina per tatuaggi BLCK\/ORNG"},"content":{"rendered":"","protected":false},"excerpt":{"rendered":"<p>Macchina per tatuaggi Power Liner<\/p>\n<p>Il telaio \u00e8 ricavato da un unico pezzo di alluminio aeronautico 7075.<br \/>\nBobine di alta qualit\u00e0 - 26 mm * 9 avvolgimenti<br \/>\nFerramenta in acciaio azzurrato<br \/>\nAghi preferiti 9-18rl<br \/>\nCorsa lunga<br \/>\nFunziona a 135hz a 6,6 volt - a vuoto<\/p>\n<p>Peso della macchina per tatuaggi 150gr.<\/p>\n<p>&nbsp;<\/p>\n<p>Stai cercando una macchinetta per tatuaggi liner di alta qualit\u00e0? Non cercare oltre la LUCKY TrueLiner ALU power liner Tattoo Machine! Questa macchinetta \u00e8 realizzata in un unico pezzo di alluminio e ha bobine di alta qualit\u00e0. \u00c8 inoltre dotata di hardware in acciaio azzurrato e di aghi preferenziali 9-18rl. Inoltre, ha una corsa lunga e funziona a 135hz a 6,6 volt - a vuoto. Con un peso di soli 150 grammi, questa macchina \u00e8 perfetta per ogni artista!<\/p>\n<p>&nbsp;<\/p>\n<p>&nbsp;<\/p>","protected":false},"featured_media":49385,"comment_status":"open","ping_status":"closed","template":"","meta":{"site-sidebar-layout":"","site-content-layout":"","ast-site-content-layout":"default","site-content-style":"default","site-sidebar-style":"default","ast-global-header-display":"","ast-banner-title-visibility":"","ast-main-header-display":"","ast-hfb-above-header-display":"","ast-hfb-below-header-display":"","ast-hfb-mobile-header-display":"","site-post-title":"","ast-breadcrumbs-content":"","ast-featured-img":"","footer-sml-layout":"","ast-disable-related-posts":"","theme-transparent-header-meta":"","adv-header-id-meta":"","stick-header-meta":"","header-above-stick-meta":"","header-main-stick-meta":"","header-below-stick-meta":"","astra-migrate-meta-layouts":"default","ast-page-background-enabled":"default","ast-page-background-meta":{"desktop":{"background-color":"var(--ast-global-color-4)","background-image":"","background-repeat":"repeat","background-position":"center center","background-size":"auto","background-attachment":"scroll","background-type":"","background-media":"","overlay-type":"","overlay-color":"","overlay-opacity":"","overlay-gradient":""},"tablet":{"background-color":"","background-image":"","background-repeat":"repeat","background-position":"center center","background-size":"auto","background-attachment":"scroll","background-type":"","background-media":"","overlay-type":"","overlay-color":"","overlay-opacity":"","overlay-gradient":""},"mobile":{"background-color":"","background-image":"","background-repeat":"repeat","background-position":"center center","background-size":"auto","background-attachment":"scroll","background-type":"","background-media":"","overlay-type":"","overlay-color":"","overlay-opacity":"","overlay-gradient":""}},"ast-content-background-meta":{"desktop":{"background-color":"var(--ast-global-color-5)","background-image":"","background-repeat":"repeat","background-position":"center center","background-size":"auto","background-attachment":"scroll","background-type":"","background-media":"","overlay-type":"","overlay-color":"","overlay-opacity":"","overlay-gradient":""},"tablet":{"background-color":"var(--ast-global-color-5)","background-image":"","background-repeat":"repeat","background-position":"center center","background-size":"auto","background-attachment":"scroll","background-type":"","background-media":"","overlay-type":"","overlay-color":"","overlay-opacity":"","overlay-gradient":""},"mobile":{"background-color":"var(--ast-global-color-5)","background-image":"","background-repeat":"repeat","background-position":"center center","background-size":"auto","background-attachment":"scroll","background-type":"","background-media":"","overlay-type":"","overlay-color":"","overlay-opacity":"","overlay-gradient":""}}},"product_brand":[],"product_cat":[8],"product_tag":[82,93,83,99,1802,88,87,91,95,72,70,94],"class_list":{"0":"post-49384","1":"product","2":"type-product","3":"status-publish","4":"has-post-thumbnail","6":"product_cat-lucky","7":"product_tag-coil-tattoo-machines","8":"product_tag-custom-tattoo-guns","9":"product_tag-custom-tattoo-machines","10":"product_tag-handmade-tattoo-machines","11":"product_tag-maquinas-de-tatuaje-de-bobina","12":"product_tag-professional-tattoo-kit","13":"product_tag-professional-tattoo-machines","14":"product_tag-tattoo-equipment","15":"product_tag-tattoo-guns","16":"product_tag-tattoo-machine-coils","17":"product_tag-tattoo-kits","18":"product_tag-tattoo-sets","19":"pa_brand-rightstuff","20":"desktop-align-center","21":"tablet-align-left","22":"mobile-align-left","23":"ast-product-gallery-layout-horizontal-slider","24":"ast-product-gallery-with-no-image","25":"ast-product-tabs-layout-horizontal","27":"first","28":"instock","29":"taxable","30":"shipping-taxable","31":"purchasable","32":"product-type-simple"},"_links":{"self":[{"href":"https:\/\/rightstuff.eu\/it\/wp-json\/wp\/v2\/product\/49384","targetHints":{"allow":["GET"]}}],"collection":[{"href":"https:\/\/rightstuff.eu\/it\/wp-json\/wp\/v2\/product"}],"about":[{"href":"https:\/\/rightstuff.eu\/it\/wp-json\/wp\/v2\/types\/product"}],"replies":[{"embeddable":true,"href":"https:\/\/rightstuff.eu\/it\/wp-json\/wp\/v2\/comments?post=49384"}],"version-history":[{"count":0,"href":"https:\/\/rightstuff.eu\/it\/wp-json\/wp\/v2\/product\/49384\/revisions"}],"wp:featuredmedia":[{"embeddable":true,"href":"https:\/\/rightstuff.eu\/it\/wp-json\/wp\/v2\/media\/49385"}],"wp:attachment":[{"href":"https:\/\/rightstuff.eu\/it\/wp-json\/wp\/v2\/media?parent=49384"}],"wp:term":[{"taxonomy":"product_brand","embeddable":true,"href":"https:\/\/rightstuff.eu\/it\/wp-json\/wp\/v2\/product_brand?post=49384"},{"taxonomy":"product_cat","embeddable":true,"href":"https:\/\/rightstuff.eu\/it\/wp-json\/wp\/v2\/product_cat?post=49384"},{"taxonomy":"product_tag","embeddable":true,"href":"https:\/\/rightstuff.eu\/it\/wp-json\/wp\/v2\/product_tag?post=49384"}],"curies":[{"name":"wp","href":"https:\/\/api.w.org\/{rel}","templated":true}]}}