{"id":31810,"date":"2019-04-04T17:35:04","date_gmt":"2019-04-04T14:35:04","guid":{"rendered":"https:\/\/rightstuff.eu\/?post_type=product&#038;p=31810"},"modified":"2025-01-22T01:32:24","modified_gmt":"2025-01-22T00:32:24","slug":"minidozzer-fastliner-alu-blk-ylw","status":"publish","type":"product","link":"https:\/\/rightstuff.eu\/it\/prodotto\/minidozzer-fastliner-alu-blk-ylw\/","title":{"rendered":"miniDOZZER FastLiner ALU BLK\/YLW"},"content":{"rendered":"<p>&nbsp;<\/p>\n<p>I professionisti che lavorano nei famosi saloni di tatuaggi incontrano spesso molti clienti al giorno, lavorando per 8-10 ore. Per creare le immagini della pelle, utilizzano attrezzature speciali - dispositivi per linee e sfumature. Pertanto, a causa delle vibrazioni provenienti da queste macchine, avvertono una certa stanchezza e tensione alle mani. Lavorando con la miniDOZZER FastLiner ALU Tattoo Machine, non proverai mai queste sensazioni spiacevoli e persino dolorose. Il materiale del telaio dell'unit\u00e0 \u00e8 l'alluminio aeronautico 7075, quindi il peso del dispositivo \u00e8 di soli 145 grammi. Rispetto alle liner prodotte per lo stesso scopo (creare linee uniformi sulla pelle del cliente), questo articolo \u00e8 molto leggero e conveniente. Anche lavorando per 8 ore, non sentirai alcuna sensazione fastidiosa.<\/p>\n<p>L'articolo funziona con aghi da 3 a 9 Rl. Con una frequenza di 160 Hz e un voltaggio di 6,6 V, funziona a velocit\u00e0 media. Questa fodera compatta da 26 millimetri e 8 bobine \u00e8 lo strumento perfetto per i professionisti. Tuttavia, i principianti impareranno facilmente tutti i dettagli del lavoro con questa macchina.<\/p>","protected":false},"excerpt":{"rendered":"<p>Il telaio \u00e8 ricavato da un unico pezzo di alluminio aeronautico 7075.<br \/>\nBobine di alta qualit\u00e0 - 26 mm * 8 avvolgimenti<br \/>\nFerramenta in acciaio azzurrato<br \/>\nAghi preferiti 3-9RL<br \/>\nCorsa media<br \/>\nFunziona a 160hz a 6,6 volt a vuoto<\/p>\n<p>Peso della macchina per tatuaggi 145gr.<\/p>","protected":false},"featured_media":57015,"comment_status":"open","ping_status":"closed","template":"","meta":{"site-sidebar-layout":"default","site-content-layout":"","ast-site-content-layout":"default","site-content-style":"default","site-sidebar-style":"default","ast-global-header-display":"","ast-banner-title-visibility":"","ast-main-header-display":"","ast-hfb-above-header-display":"","ast-hfb-below-header-display":"","ast-hfb-mobile-header-display":"","site-post-title":"","ast-breadcrumbs-content":"","ast-featured-img":"","footer-sml-layout":"","ast-disable-related-posts":"","theme-transparent-header-meta":"default","adv-header-id-meta":"","stick-header-meta":"default","header-above-stick-meta":"","header-main-stick-meta":"","header-below-stick-meta":"","astra-migrate-meta-layouts":"set","ast-page-background-enabled":"default","ast-page-background-meta":{"desktop":{"background-color":"var(--ast-global-color-4)","background-image":"","background-repeat":"repeat","background-position":"center center","background-size":"auto","background-attachment":"scroll","background-type":"","background-media":"","overlay-type":"","overlay-color":"","overlay-opacity":"","overlay-gradient":""},"tablet":{"background-color":"","background-image":"","background-repeat":"repeat","background-position":"center center","background-size":"auto","background-attachment":"scroll","background-type":"","background-media":"","overlay-type":"","overlay-color":"","overlay-opacity":"","overlay-gradient":""},"mobile":{"background-color":"","background-image":"","background-repeat":"repeat","background-position":"center center","background-size":"auto","background-attachment":"scroll","background-type":"","background-media":"","overlay-type":"","overlay-color":"","overlay-opacity":"","overlay-gradient":""}},"ast-content-background-meta":{"desktop":{"background-color":"var(--ast-global-color-5)","background-image":"","background-repeat":"repeat","background-position":"center center","background-size":"auto","background-attachment":"scroll","background-type":"","background-media":"","overlay-type":"","overlay-color":"","overlay-opacity":"","overlay-gradient":""},"tablet":{"background-color":"var(--ast-global-color-5)","background-image":"","background-repeat":"repeat","background-position":"center center","background-size":"auto","background-attachment":"scroll","background-type":"","background-media":"","overlay-type":"","overlay-color":"","overlay-opacity":"","overlay-gradient":""},"mobile":{"background-color":"var(--ast-global-color-5)","background-image":"","background-repeat":"repeat","background-position":"center center","background-size":"auto","background-attachment":"scroll","background-type":"","background-media":"","overlay-type":"","overlay-color":"","overlay-opacity":"","overlay-gradient":""}}},"product_brand":[],"product_cat":[32],"product_tag":[82,93,83,99,1801,87,91,95,72],"class_list":{"0":"post-31810","1":"product","2":"type-product","3":"status-publish","4":"has-post-thumbnail","6":"product_cat-dozzer","7":"product_tag-coil-tattoo-machines","8":"product_tag-custom-tattoo-guns","9":"product_tag-custom-tattoo-machines","10":"product_tag-handmade-tattoo-machines","11":"product_tag-machines-a-tatouer-les-bobines","12":"product_tag-professional-tattoo-machines","13":"product_tag-tattoo-equipment","14":"product_tag-tattoo-guns","15":"product_tag-tattoo-machine-coils","16":"pa_brand-rightstuff","17":"desktop-align-center","18":"tablet-align-left","19":"mobile-align-left","20":"ast-product-gallery-layout-horizontal-slider","21":"ast-product-tabs-layout-horizontal","23":"first","24":"instock","25":"taxable","26":"shipping-taxable","27":"purchasable","28":"product-type-simple"},"_links":{"self":[{"href":"https:\/\/rightstuff.eu\/it\/wp-json\/wp\/v2\/product\/31810","targetHints":{"allow":["GET"]}}],"collection":[{"href":"https:\/\/rightstuff.eu\/it\/wp-json\/wp\/v2\/product"}],"about":[{"href":"https:\/\/rightstuff.eu\/it\/wp-json\/wp\/v2\/types\/product"}],"replies":[{"embeddable":true,"href":"https:\/\/rightstuff.eu\/it\/wp-json\/wp\/v2\/comments?post=31810"}],"version-history":[{"count":0,"href":"https:\/\/rightstuff.eu\/it\/wp-json\/wp\/v2\/product\/31810\/revisions"}],"wp:featuredmedia":[{"embeddable":true,"href":"https:\/\/rightstuff.eu\/it\/wp-json\/wp\/v2\/media\/57015"}],"wp:attachment":[{"href":"https:\/\/rightstuff.eu\/it\/wp-json\/wp\/v2\/media?parent=31810"}],"wp:term":[{"taxonomy":"product_brand","embeddable":true,"href":"https:\/\/rightstuff.eu\/it\/wp-json\/wp\/v2\/product_brand?post=31810"},{"taxonomy":"product_cat","embeddable":true,"href":"https:\/\/rightstuff.eu\/it\/wp-json\/wp\/v2\/product_cat?post=31810"},{"taxonomy":"product_tag","embeddable":true,"href":"https:\/\/rightstuff.eu\/it\/wp-json\/wp\/v2\/product_tag?post=31810"}],"curies":[{"name":"wp","href":"https:\/\/api.w.org\/{rel}","templated":true}]}}