{"id":31686,"date":"2019-02-13T18:37:40","date_gmt":"2019-02-13T15:37:40","guid":{"rendered":"https:\/\/rightstuff.eu\/?post_type=product&#038;p=31686"},"modified":"2025-11-24T12:18:32","modified_gmt":"2025-11-24T11:18:32","slug":"lightweight-clip-cord-red","status":"publish","type":"product","link":"https:\/\/rightstuff.eu\/it\/prodotto\/lightweight-clip-cord-red\/","title":{"rendered":"Cavo a clip LightWeight Rosso"},"content":{"rendered":"<p>Il cavo a clip leggero \u00e8 perfetto per essere utilizzato con i kit per tatuaggi per principianti. Dieser Clip Cord \u00e8 dotato di un design leggero e langolare, quindi \u00e8 perfetto per essere utilizzato con i kit per tatuaggi per bambini. Si basa su un filo di ferro lavorato ed \u00e8 disponibile in diverse tonalit\u00e0 di colore, in modo da poter scegliere le proprie esigenze. Assicurati di essere sicuro che con unserem LightWeight Clip Cord sei equipaggiato con i migliori strumenti per il tuo nuovo tatuaggio.<\/p>","protected":false},"excerpt":{"rendered":"<p>Cavo a clip leggero<\/p>\n<p>Connessione jack da 6,3 mm<\/p>\n<p>Lunghezza 2m<\/p>\n<p>Fili di rame di grado aerospaziale di alta qualit\u00e0<\/p>\n<p>Leggero e resistente<\/p>\n<p>Filo armato<\/p>","protected":false},"featured_media":57684,"comment_status":"open","ping_status":"closed","template":"","meta":{"site-sidebar-layout":"default","site-content-layout":"","ast-site-content-layout":"default","site-content-style":"default","site-sidebar-style":"default","ast-global-header-display":"","ast-banner-title-visibility":"","ast-main-header-display":"","ast-hfb-above-header-display":"","ast-hfb-below-header-display":"","ast-hfb-mobile-header-display":"","site-post-title":"","ast-breadcrumbs-content":"","ast-featured-img":"","footer-sml-layout":"","ast-disable-related-posts":"","theme-transparent-header-meta":"default","adv-header-id-meta":"","stick-header-meta":"default","header-above-stick-meta":"","header-main-stick-meta":"","header-below-stick-meta":"","astra-migrate-meta-layouts":"set","ast-page-background-enabled":"default","ast-page-background-meta":{"desktop":{"background-color":"var(--ast-global-color-4)","background-image":"","background-repeat":"repeat","background-position":"center center","background-size":"auto","background-attachment":"scroll","background-type":"","background-media":"","overlay-type":"","overlay-color":"","overlay-opacity":"","overlay-gradient":""},"tablet":{"background-color":"","background-image":"","background-repeat":"repeat","background-position":"center center","background-size":"auto","background-attachment":"scroll","background-type":"","background-media":"","overlay-type":"","overlay-color":"","overlay-opacity":"","overlay-gradient":""},"mobile":{"background-color":"","background-image":"","background-repeat":"repeat","background-position":"center center","background-size":"auto","background-attachment":"scroll","background-type":"","background-media":"","overlay-type":"","overlay-color":"","overlay-opacity":"","overlay-gradient":""}},"ast-content-background-meta":{"desktop":{"background-color":"var(--ast-global-color-5)","background-image":"","background-repeat":"repeat","background-position":"center center","background-size":"auto","background-attachment":"scroll","background-type":"","background-media":"","overlay-type":"","overlay-color":"","overlay-opacity":"","overlay-gradient":""},"tablet":{"background-color":"var(--ast-global-color-5)","background-image":"","background-repeat":"repeat","background-position":"center center","background-size":"auto","background-attachment":"scroll","background-type":"","background-media":"","overlay-type":"","overlay-color":"","overlay-opacity":"","overlay-gradient":""},"mobile":{"background-color":"var(--ast-global-color-5)","background-image":"","background-repeat":"repeat","background-position":"center center","background-size":"auto","background-attachment":"scroll","background-type":"","background-media":"","overlay-type":"","overlay-color":"","overlay-opacity":"","overlay-gradient":""}}},"product_brand":[2014],"product_cat":[54],"product_tag":[1804,90,1807,91,70,92,94,69],"class_list":{"0":"post-31686","1":"product","2":"type-product","3":"status-publish","4":"has-post-thumbnail","6":"product_brand-rightstuff","7":"product_cat-power-supply","8":"product_tag-beginner-tattoo-kits","9":"product_tag-tattoo-accessories","10":"product_tag-tattoo-beginner-box","11":"product_tag-tattoo-equipment","12":"product_tag-tattoo-kits","13":"product_tag-tattoo-machines-parts","14":"product_tag-tattoo-sets","15":"product_tag-tattoo-supplies","16":"pa_brand-rightstuff","17":"desktop-align-center","18":"tablet-align-left","19":"mobile-align-left","20":"ast-product-gallery-layout-horizontal-slider","21":"ast-product-gallery-with-no-image","22":"ast-product-tabs-layout-horizontal","24":"first","25":"instock","26":"taxable","27":"shipping-taxable","28":"purchasable","29":"product-type-simple"},"_links":{"self":[{"href":"https:\/\/rightstuff.eu\/it\/wp-json\/wp\/v2\/product\/31686","targetHints":{"allow":["GET"]}}],"collection":[{"href":"https:\/\/rightstuff.eu\/it\/wp-json\/wp\/v2\/product"}],"about":[{"href":"https:\/\/rightstuff.eu\/it\/wp-json\/wp\/v2\/types\/product"}],"replies":[{"embeddable":true,"href":"https:\/\/rightstuff.eu\/it\/wp-json\/wp\/v2\/comments?post=31686"}],"version-history":[{"count":0,"href":"https:\/\/rightstuff.eu\/it\/wp-json\/wp\/v2\/product\/31686\/revisions"}],"wp:featuredmedia":[{"embeddable":true,"href":"https:\/\/rightstuff.eu\/it\/wp-json\/wp\/v2\/media\/57684"}],"wp:attachment":[{"href":"https:\/\/rightstuff.eu\/it\/wp-json\/wp\/v2\/media?parent=31686"}],"wp:term":[{"taxonomy":"product_brand","embeddable":true,"href":"https:\/\/rightstuff.eu\/it\/wp-json\/wp\/v2\/product_brand?post=31686"},{"taxonomy":"product_cat","embeddable":true,"href":"https:\/\/rightstuff.eu\/it\/wp-json\/wp\/v2\/product_cat?post=31686"},{"taxonomy":"product_tag","embeddable":true,"href":"https:\/\/rightstuff.eu\/it\/wp-json\/wp\/v2\/product_tag?post=31686"}],"curies":[{"name":"wp","href":"https:\/\/api.w.org\/{rel}","templated":true}]}}