{"id":31012,"date":"2018-03-22T20:04:52","date_gmt":"2018-03-22T17:04:52","guid":{"rendered":"https:\/\/rightstuff.eu\/?post_type=product&#038;p=31012"},"modified":"2025-01-22T01:32:28","modified_gmt":"2025-01-22T00:32:28","slug":"minidozzer-trueliner-alu-wht-mgnt","status":"publish","type":"product","link":"https:\/\/rightstuff.eu\/it\/prodotto\/minidozzer-trueliner-alu-wht-mgnt\/","title":{"rendered":"miniDOZZER TrueLiner ALU WHT\/MGNT"},"content":{"rendered":"<p>Gli artisti pi\u00f9 esperti, che lavorano nel settore dei tatuaggi da molti anni, apprezzeranno questa miniDOZZER TrueLiner ALU Tattoo Machine in alluminio, leggera (150gr). Questa macchina moderna \u00e8 davvero una soluzione senza compromessi per i professionisti. Il dispositivo \u00e8 in grado di creare linee uniformi in una sola passata, ma richiede mani esperte e disciplinate. Non conosce i problemi quando si lavora con 7 -<a href=\"https:\/\/rightstuff.eu\/shop\/needles\/round-liner\/14rl\/\">14 aghi Rl<\/a>La macchinetta per la creazione di dipinti sulla pelle a tratto lungo \u00e8 stata creata per lavorare soprattutto con la pelle sottile e delicata. Quando una giovane donna chiede al maestro di realizzare un determinato tatuaggio e l'immagine presenta molti dettagli e linee, l'artista utilizzer\u00e0 sicuramente questo strumento. Questo liner \u00e8 presentato in una struttura robusta ma leggera. Le sue bobine da 26 mm della migliore qualit\u00e0 hanno nove avvolgimenti.<\/p>\n<p>Ordinando questa True Liner a Right Stuff, otterrai l'unit\u00e0 sintonizzata e pronta all'uso. Tuttavia, come qualsiasi altra macchinetta per tatuaggi, lo strumento pu\u00f2 richiedere una maggiore messa a punto. Il dispositivo funziona con una frequenza di 140Hz e una tensione di 6,6 V quando \u00e8 scarico.<\/p>","protected":false},"excerpt":{"rendered":"<p>Macchina per tatuaggi a bobina<\/p>\n<p>Il telaio \u00e8 ricavato da un unico pezzo di alluminio aeronautico 7075.<br \/>\nBobine di alta qualit\u00e0 - 26 mm * 9 avvolgimenti<br \/>\nFerramenta in acciaio<br \/>\nAghi preferiti 7-14rl<br \/>\nCorsa lunga<br \/>\nFunziona a 140hz a 6,6 volt a vuoto<\/p>\n<p>Peso della macchina per tatuaggi 150gr.<\/p>","protected":false},"featured_media":31005,"comment_status":"open","ping_status":"closed","template":"","meta":{"site-sidebar-layout":"","site-content-layout":"","ast-site-content-layout":"default","site-content-style":"default","site-sidebar-style":"default","ast-global-header-display":"","ast-banner-title-visibility":"","ast-main-header-display":"","ast-hfb-above-header-display":"","ast-hfb-below-header-display":"","ast-hfb-mobile-header-display":"","site-post-title":"","ast-breadcrumbs-content":"","ast-featured-img":"","footer-sml-layout":"","ast-disable-related-posts":"","theme-transparent-header-meta":"","adv-header-id-meta":"","stick-header-meta":"","header-above-stick-meta":"","header-main-stick-meta":"","header-below-stick-meta":"","astra-migrate-meta-layouts":"default","ast-page-background-enabled":"default","ast-page-background-meta":{"desktop":{"background-color":"var(--ast-global-color-4)","background-image":"","background-repeat":"repeat","background-position":"center center","background-size":"auto","background-attachment":"scroll","background-type":"","background-media":"","overlay-type":"","overlay-color":"","overlay-opacity":"","overlay-gradient":""},"tablet":{"background-color":"","background-image":"","background-repeat":"repeat","background-position":"center center","background-size":"auto","background-attachment":"scroll","background-type":"","background-media":"","overlay-type":"","overlay-color":"","overlay-opacity":"","overlay-gradient":""},"mobile":{"background-color":"","background-image":"","background-repeat":"repeat","background-position":"center center","background-size":"auto","background-attachment":"scroll","background-type":"","background-media":"","overlay-type":"","overlay-color":"","overlay-opacity":"","overlay-gradient":""}},"ast-content-background-meta":{"desktop":{"background-color":"var(--ast-global-color-5)","background-image":"","background-repeat":"repeat","background-position":"center center","background-size":"auto","background-attachment":"scroll","background-type":"","background-media":"","overlay-type":"","overlay-color":"","overlay-opacity":"","overlay-gradient":""},"tablet":{"background-color":"var(--ast-global-color-5)","background-image":"","background-repeat":"repeat","background-position":"center center","background-size":"auto","background-attachment":"scroll","background-type":"","background-media":"","overlay-type":"","overlay-color":"","overlay-opacity":"","overlay-gradient":""},"mobile":{"background-color":"var(--ast-global-color-5)","background-image":"","background-repeat":"repeat","background-position":"center center","background-size":"auto","background-attachment":"scroll","background-type":"","background-media":"","overlay-type":"","overlay-color":"","overlay-opacity":"","overlay-gradient":""}}},"product_brand":[],"product_cat":[32],"product_tag":[82,93,83,99,1801,87,91,95,72],"class_list":{"0":"post-31012","1":"product","2":"type-product","3":"status-publish","4":"has-post-thumbnail","6":"product_cat-dozzer","7":"product_tag-coil-tattoo-machines","8":"product_tag-custom-tattoo-guns","9":"product_tag-custom-tattoo-machines","10":"product_tag-handmade-tattoo-machines","11":"product_tag-machines-a-tatouer-les-bobines","12":"product_tag-professional-tattoo-machines","13":"product_tag-tattoo-equipment","14":"product_tag-tattoo-guns","15":"product_tag-tattoo-machine-coils","16":"pa_brand-rightstuff","17":"desktop-align-center","18":"tablet-align-left","19":"mobile-align-left","20":"ast-product-gallery-layout-horizontal-slider","21":"ast-product-gallery-with-no-image","22":"ast-product-tabs-layout-horizontal","24":"first","25":"instock","26":"taxable","27":"shipping-taxable","28":"purchasable","29":"product-type-simple"},"_links":{"self":[{"href":"https:\/\/rightstuff.eu\/it\/wp-json\/wp\/v2\/product\/31012","targetHints":{"allow":["GET"]}}],"collection":[{"href":"https:\/\/rightstuff.eu\/it\/wp-json\/wp\/v2\/product"}],"about":[{"href":"https:\/\/rightstuff.eu\/it\/wp-json\/wp\/v2\/types\/product"}],"replies":[{"embeddable":true,"href":"https:\/\/rightstuff.eu\/it\/wp-json\/wp\/v2\/comments?post=31012"}],"version-history":[{"count":0,"href":"https:\/\/rightstuff.eu\/it\/wp-json\/wp\/v2\/product\/31012\/revisions"}],"wp:featuredmedia":[{"embeddable":true,"href":"https:\/\/rightstuff.eu\/it\/wp-json\/wp\/v2\/media\/31005"}],"wp:attachment":[{"href":"https:\/\/rightstuff.eu\/it\/wp-json\/wp\/v2\/media?parent=31012"}],"wp:term":[{"taxonomy":"product_brand","embeddable":true,"href":"https:\/\/rightstuff.eu\/it\/wp-json\/wp\/v2\/product_brand?post=31012"},{"taxonomy":"product_cat","embeddable":true,"href":"https:\/\/rightstuff.eu\/it\/wp-json\/wp\/v2\/product_cat?post=31012"},{"taxonomy":"product_tag","embeddable":true,"href":"https:\/\/rightstuff.eu\/it\/wp-json\/wp\/v2\/product_tag?post=31012"}],"curies":[{"name":"wp","href":"https:\/\/api.w.org\/{rel}","templated":true}]}}