{"id":29838,"date":"2017-04-18T13:41:39","date_gmt":"2017-04-18T13:41:39","guid":{"rendered":"https:\/\/rightstuff.eu\/?post_type=product&#038;p=29838"},"modified":"2025-01-22T01:37:07","modified_gmt":"2025-01-22T00:37:07","slug":"lucky-trueliner-rs-vb-collab-10","status":"publish","type":"product","link":"https:\/\/rightstuff.eu\/it\/prodotto\/lucky-trueliner-rs-vb-collab-10\/","title":{"rendered":"LUCKY TrueLiner RS-VB Collab 10 Macchina per tatuaggi"},"content":{"rendered":"<p>LUCKY TrueLiner RS-VB Collab 10 Tattoo Machine \u00e8 un dispositivo professionale per la creazione di linee chiare e precise. L'unit\u00e0 \u00e8 stata progettata da un famoso maestro del tatuaggio che vive e lavora a Mosca. Questa persona ha creato il suo laboratorio unico per inventare e produrre materiale speciale per tutti gli artisti che creano tatuaggi. Nel corso di dieci anni, sono state prodotte circa 800 macchine personalizzate uniche e oltre mille dispositivi di serie per la pittura della pelle. Real Stuff offre a tutti coloro che desiderano ordinare questo importante strumento per i tatuaggi un prezzo speciale.<\/p>\n<p>Questa potente liner in acciaio ha un impatto corretto e netto alla fine dell'ampiezza (utilizzare aghi da 9-18 Rl) e una certa inerzia del percussore, per cui l'utensile professionale realizza contorni uniformi molto velocemente. Il maestro, che lavorer\u00e0 con questa macchina, deve ricordare la tensione necessaria (6,6 V per un dispositivo scarico) e la frequenza di 130 Hz. Con un peso di 200 grammi, la macchina si appoggia alla mano in modo assolutamente confortevole. Vengono utilizzate bobine da 26 mm e 9 avvolgimenti.<\/p>","protected":false},"excerpt":{"rendered":"<p>Design by VladBlad tutto l'hardware e le accordature RightStuff<br \/>\nSerie limitata di 10 macchine, ogni macchina \u00e8 un pezzo unico<br \/>\nMacchina per tatuaggi power liner<br \/>\nIl telaio \u00e8 ricavato da un unico pezzo di acciaio<br \/>\nBobine di alta qualit\u00e0 - 26 mm * 9 avvolgimenti<br \/>\nAghi preferenziali 9-18rl<br \/>\nCorsa lunga<br \/>\nFunziona a 130 Hz a 6,6 volt - scarico<\/p>\n<p>Peso della macchina per tatuaggi 200gr.<\/p>","protected":false},"featured_media":0,"comment_status":"open","ping_status":"closed","template":"","meta":{"site-sidebar-layout":"","site-content-layout":"","ast-site-content-layout":"default","site-content-style":"default","site-sidebar-style":"default","ast-global-header-display":"","ast-banner-title-visibility":"","ast-main-header-display":"","ast-hfb-above-header-display":"","ast-hfb-below-header-display":"","ast-hfb-mobile-header-display":"","site-post-title":"","ast-breadcrumbs-content":"","ast-featured-img":"","footer-sml-layout":"","ast-disable-related-posts":"","theme-transparent-header-meta":"","adv-header-id-meta":"","stick-header-meta":"","header-above-stick-meta":"","header-main-stick-meta":"","header-below-stick-meta":"","astra-migrate-meta-layouts":"default","ast-page-background-enabled":"default","ast-page-background-meta":{"desktop":{"background-color":"var(--ast-global-color-4)","background-image":"","background-repeat":"repeat","background-position":"center center","background-size":"auto","background-attachment":"scroll","background-type":"","background-media":"","overlay-type":"","overlay-color":"","overlay-opacity":"","overlay-gradient":""},"tablet":{"background-color":"","background-image":"","background-repeat":"repeat","background-position":"center center","background-size":"auto","background-attachment":"scroll","background-type":"","background-media":"","overlay-type":"","overlay-color":"","overlay-opacity":"","overlay-gradient":""},"mobile":{"background-color":"","background-image":"","background-repeat":"repeat","background-position":"center center","background-size":"auto","background-attachment":"scroll","background-type":"","background-media":"","overlay-type":"","overlay-color":"","overlay-opacity":"","overlay-gradient":""}},"ast-content-background-meta":{"desktop":{"background-color":"var(--ast-global-color-5)","background-image":"","background-repeat":"repeat","background-position":"center center","background-size":"auto","background-attachment":"scroll","background-type":"","background-media":"","overlay-type":"","overlay-color":"","overlay-opacity":"","overlay-gradient":""},"tablet":{"background-color":"var(--ast-global-color-5)","background-image":"","background-repeat":"repeat","background-position":"center center","background-size":"auto","background-attachment":"scroll","background-type":"","background-media":"","overlay-type":"","overlay-color":"","overlay-opacity":"","overlay-gradient":""},"mobile":{"background-color":"var(--ast-global-color-5)","background-image":"","background-repeat":"repeat","background-position":"center center","background-size":"auto","background-attachment":"scroll","background-type":"","background-media":"","overlay-type":"","overlay-color":"","overlay-opacity":"","overlay-gradient":""}}},"product_brand":[],"product_cat":[8],"product_tag":[93,83,99,1802,87,91,95,72],"class_list":{"0":"post-29838","1":"product","2":"type-product","3":"status-publish","5":"product_cat-lucky","6":"product_tag-custom-tattoo-guns","7":"product_tag-custom-tattoo-machines","8":"product_tag-handmade-tattoo-machines","9":"product_tag-maquinas-de-tatuaje-de-bobina","10":"product_tag-professional-tattoo-machines","11":"product_tag-tattoo-equipment","12":"product_tag-tattoo-guns","13":"product_tag-tattoo-machine-coils","14":"pa_brand-rightstuff","15":"desktop-align-center","16":"tablet-align-left","17":"mobile-align-left","18":"ast-product-gallery-layout-horizontal-slider","19":"ast-product-tabs-layout-horizontal","21":"first","22":"outofstock","23":"taxable","24":"shipping-taxable","25":"purchasable","26":"product-type-simple"},"_links":{"self":[{"href":"https:\/\/rightstuff.eu\/it\/wp-json\/wp\/v2\/product\/29838","targetHints":{"allow":["GET"]}}],"collection":[{"href":"https:\/\/rightstuff.eu\/it\/wp-json\/wp\/v2\/product"}],"about":[{"href":"https:\/\/rightstuff.eu\/it\/wp-json\/wp\/v2\/types\/product"}],"replies":[{"embeddable":true,"href":"https:\/\/rightstuff.eu\/it\/wp-json\/wp\/v2\/comments?post=29838"}],"version-history":[{"count":0,"href":"https:\/\/rightstuff.eu\/it\/wp-json\/wp\/v2\/product\/29838\/revisions"}],"wp:attachment":[{"href":"https:\/\/rightstuff.eu\/it\/wp-json\/wp\/v2\/media?parent=29838"}],"wp:term":[{"taxonomy":"product_brand","embeddable":true,"href":"https:\/\/rightstuff.eu\/it\/wp-json\/wp\/v2\/product_brand?post=29838"},{"taxonomy":"product_cat","embeddable":true,"href":"https:\/\/rightstuff.eu\/it\/wp-json\/wp\/v2\/product_cat?post=29838"},{"taxonomy":"product_tag","embeddable":true,"href":"https:\/\/rightstuff.eu\/it\/wp-json\/wp\/v2\/product_tag?post=29838"}],"curies":[{"name":"wp","href":"https:\/\/api.w.org\/{rel}","templated":true}]}}