{"id":29831,"date":"2017-04-18T13:22:07","date_gmt":"2017-04-18T13:22:07","guid":{"rendered":"https:\/\/rightstuff.eu\/?post_type=product&#038;p=29831"},"modified":"2025-01-22T01:37:09","modified_gmt":"2025-01-22T00:37:09","slug":"lucky-trueliner-rs-vb-collab-3","status":"publish","type":"product","link":"https:\/\/rightstuff.eu\/it\/prodotto\/lucky-trueliner-rs-vb-collab-3\/","title":{"rendered":"Macchina per tatuaggi LUCKY TrueLiner RS-VB Collab 3"},"content":{"rendered":"<p>Una persona rara non aveva intenzione di fare un tatuaggio. Oggi molte celebrit\u00e0 realizzano dipinti sulla pelle: i grandi tatuatori hanno trasformato il loro lavoro in una vera e propria arte. Naturalmente, esiste una competizione tra i maestri del tatuaggio. Pi\u00f9 si utilizzano dispositivi di qualit\u00e0, pi\u00f9 si ottengono risultati di rilievo. Lavorando con la LUCKY TrueLiner RS-VB Collab 3 Tattoo Machine, pu\u00f2 disegnare anche linee larghe ideali, senza alcun dolore.<\/p>\n<p>Il dispositivo funziona in modo estremamente rapido. La vernice (inchiostro) penetra molto rapidamente sotto la pelle del cliente, lasciando una linea uniforme senza sfocature e difetti. Utilizzando questo liner, un maestro pu\u00f2 creare capolavori perfetti, realizzando immagini realistiche di persone, animali, paesaggi o semplicemente scrivendo alcuni slogan che sono molto apprezzati da molti giovani di oggi.<\/p>\n<p>I professionisti non risparmiano mai sulle macchinette per tatuaggi; tuttavia, Right Stuff offre questo liner a un prezzo speciale e basso. Questa macchinetta pesa 200 grammi. Con bobine da 26 millimetri e 9 avvolgimenti, il liner in acciaio funziona a 130 Hz e a una tensione di 6,6 V. Utilizza aghi 9-18 rl.<\/p>","protected":false},"excerpt":{"rendered":"<p>Design by VladBlad tutto l'hardware e le accordature RightStuff<br \/>\nSerie limitata di 10 macchine, ogni macchina \u00e8 un pezzo unico<br \/>\nMacchina per tatuaggi power liner<br \/>\nIl telaio \u00e8 ricavato da un unico pezzo di acciaio<br \/>\nBobine di alta qualit\u00e0 - 26 mm * 9 avvolgimenti<br \/>\nAghi preferenziali 9-18rl<br \/>\nCorsa lunga<br \/>\nFunziona a 130 Hz a 6,6 volt - scarico<\/p>\n<p>Peso della macchina per tatuaggi 200gr.<\/p>","protected":false},"featured_media":0,"comment_status":"open","ping_status":"closed","template":"","meta":{"site-sidebar-layout":"","site-content-layout":"","ast-site-content-layout":"default","site-content-style":"default","site-sidebar-style":"default","ast-global-header-display":"","ast-banner-title-visibility":"","ast-main-header-display":"","ast-hfb-above-header-display":"","ast-hfb-below-header-display":"","ast-hfb-mobile-header-display":"","site-post-title":"","ast-breadcrumbs-content":"","ast-featured-img":"","footer-sml-layout":"","ast-disable-related-posts":"","theme-transparent-header-meta":"","adv-header-id-meta":"","stick-header-meta":"","header-above-stick-meta":"","header-main-stick-meta":"","header-below-stick-meta":"","astra-migrate-meta-layouts":"default","ast-page-background-enabled":"default","ast-page-background-meta":{"desktop":{"background-color":"var(--ast-global-color-4)","background-image":"","background-repeat":"repeat","background-position":"center center","background-size":"auto","background-attachment":"scroll","background-type":"","background-media":"","overlay-type":"","overlay-color":"","overlay-opacity":"","overlay-gradient":""},"tablet":{"background-color":"","background-image":"","background-repeat":"repeat","background-position":"center center","background-size":"auto","background-attachment":"scroll","background-type":"","background-media":"","overlay-type":"","overlay-color":"","overlay-opacity":"","overlay-gradient":""},"mobile":{"background-color":"","background-image":"","background-repeat":"repeat","background-position":"center center","background-size":"auto","background-attachment":"scroll","background-type":"","background-media":"","overlay-type":"","overlay-color":"","overlay-opacity":"","overlay-gradient":""}},"ast-content-background-meta":{"desktop":{"background-color":"var(--ast-global-color-5)","background-image":"","background-repeat":"repeat","background-position":"center center","background-size":"auto","background-attachment":"scroll","background-type":"","background-media":"","overlay-type":"","overlay-color":"","overlay-opacity":"","overlay-gradient":""},"tablet":{"background-color":"var(--ast-global-color-5)","background-image":"","background-repeat":"repeat","background-position":"center center","background-size":"auto","background-attachment":"scroll","background-type":"","background-media":"","overlay-type":"","overlay-color":"","overlay-opacity":"","overlay-gradient":""},"mobile":{"background-color":"var(--ast-global-color-5)","background-image":"","background-repeat":"repeat","background-position":"center center","background-size":"auto","background-attachment":"scroll","background-type":"","background-media":"","overlay-type":"","overlay-color":"","overlay-opacity":"","overlay-gradient":""}}},"product_brand":[],"product_cat":[8],"product_tag":[93,83,99,1802,87,91,95,72],"class_list":{"0":"post-29831","1":"product","2":"type-product","3":"status-publish","5":"product_cat-lucky","6":"product_tag-custom-tattoo-guns","7":"product_tag-custom-tattoo-machines","8":"product_tag-handmade-tattoo-machines","9":"product_tag-maquinas-de-tatuaje-de-bobina","10":"product_tag-professional-tattoo-machines","11":"product_tag-tattoo-equipment","12":"product_tag-tattoo-guns","13":"product_tag-tattoo-machine-coils","14":"pa_brand-rightstuff","15":"desktop-align-center","16":"tablet-align-left","17":"mobile-align-left","18":"ast-product-gallery-layout-horizontal-slider","19":"ast-product-tabs-layout-horizontal","21":"first","22":"outofstock","23":"taxable","24":"shipping-taxable","25":"purchasable","26":"product-type-simple"},"_links":{"self":[{"href":"https:\/\/rightstuff.eu\/it\/wp-json\/wp\/v2\/product\/29831","targetHints":{"allow":["GET"]}}],"collection":[{"href":"https:\/\/rightstuff.eu\/it\/wp-json\/wp\/v2\/product"}],"about":[{"href":"https:\/\/rightstuff.eu\/it\/wp-json\/wp\/v2\/types\/product"}],"replies":[{"embeddable":true,"href":"https:\/\/rightstuff.eu\/it\/wp-json\/wp\/v2\/comments?post=29831"}],"version-history":[{"count":0,"href":"https:\/\/rightstuff.eu\/it\/wp-json\/wp\/v2\/product\/29831\/revisions"}],"wp:attachment":[{"href":"https:\/\/rightstuff.eu\/it\/wp-json\/wp\/v2\/media?parent=29831"}],"wp:term":[{"taxonomy":"product_brand","embeddable":true,"href":"https:\/\/rightstuff.eu\/it\/wp-json\/wp\/v2\/product_brand?post=29831"},{"taxonomy":"product_cat","embeddable":true,"href":"https:\/\/rightstuff.eu\/it\/wp-json\/wp\/v2\/product_cat?post=29831"},{"taxonomy":"product_tag","embeddable":true,"href":"https:\/\/rightstuff.eu\/it\/wp-json\/wp\/v2\/product_tag?post=29831"}],"curies":[{"name":"wp","href":"https:\/\/api.w.org\/{rel}","templated":true}]}}