{"id":29314,"date":"2016-08-08T14:18:10","date_gmt":"2016-08-08T14:18:10","guid":{"rendered":"https:\/\/rightstuff.eu\/shop\/tattoo_machines\/bone\/bone-liner-chrome\/"},"modified":"2025-01-22T01:37:10","modified_gmt":"2025-01-22T00:37:10","slug":"bone-liner-chrome","status":"publish","type":"product","link":"https:\/\/rightstuff.eu\/it\/prodotto\/bone-liner-chrome\/","title":{"rendered":"Macchina per tatuaggi BONE Liner Chrome"},"content":{"rendered":"<p>La macchina per tatuaggi BONE Liner Chrome \u00e8 un eccellente strumento in acciaio che crea linee e contorni uniformi. I tempi in cui il tatuaggio era un processo doloroso sono gi\u00e0 passati: oggi chiunque desideri ottenere un bel disegno realizzato con un inchiostro speciale non prover\u00e0 alcuna emozione fastidiosa.<\/p>\n<p>Il principio principale del suo lavoro \u00e8 un breve e potente colpo e un rapido ritorno. L'ago penetra rapidamente sotto la pelle, in modo che il colore non si estenda molto sotto la pelle e l'artista realizzi uno schizzo fine. Quando si esegue il contorno del tatuaggio con questo liner, tenere la macchina in posizione verticale. Tirare sempre la pelle tatuata. Non sforzare la mano quando si lavora con il liner, altrimenti il braccio si stancher\u00e0 rapidamente. Portare la macchinetta in avanti: \u00e8 inevitabile per ottenere uno schizzo chiaro e perfetto del tatuaggio.<\/p>\n<p>Il peso dell'articolo \u00e8 di 180 grammi, abbastanza leggero da non creare alcun problema quando lo si usa per ore. Viene fornito con bobine da 25 millimetri a 8 avvolgimenti della migliore qualit\u00e0. La tensione della macchina \u00e8 di 6,6 V - l'unit\u00e0 funziona a 160 Hz.<\/p>","protected":false},"excerpt":{"rendered":"<p>Il telaio \u00e8 ricavato da un unico pezzo di acciaio.<\/p>\n<p>Bobine di alta qualit\u00e0 - 25 mm * 8 avvolgimenti<\/p>\n<p>Ferramenta in acciaio annerito<\/p>\n<p>Aghi preferiti 3-7RL<\/p>\n<p>Corsa media<\/p>\n<p>Funziona a 160hz a 6,6 volt a vuoto<\/p>\n<p>Peso della macchina per tatuaggi 180gr.<\/p>","protected":false},"featured_media":0,"comment_status":"open","ping_status":"closed","template":"","meta":{"site-sidebar-layout":"","site-content-layout":"","ast-site-content-layout":"default","site-content-style":"default","site-sidebar-style":"default","ast-global-header-display":"","ast-banner-title-visibility":"","ast-main-header-display":"","ast-hfb-above-header-display":"","ast-hfb-below-header-display":"","ast-hfb-mobile-header-display":"","site-post-title":"","ast-breadcrumbs-content":"","ast-featured-img":"","footer-sml-layout":"","ast-disable-related-posts":"","theme-transparent-header-meta":"","adv-header-id-meta":"","stick-header-meta":"","header-above-stick-meta":"","header-main-stick-meta":"","header-below-stick-meta":"","astra-migrate-meta-layouts":"default","ast-page-background-enabled":"default","ast-page-background-meta":{"desktop":{"background-color":"var(--ast-global-color-4)","background-image":"","background-repeat":"repeat","background-position":"center center","background-size":"auto","background-attachment":"scroll","background-type":"","background-media":"","overlay-type":"","overlay-color":"","overlay-opacity":"","overlay-gradient":""},"tablet":{"background-color":"","background-image":"","background-repeat":"repeat","background-position":"center center","background-size":"auto","background-attachment":"scroll","background-type":"","background-media":"","overlay-type":"","overlay-color":"","overlay-opacity":"","overlay-gradient":""},"mobile":{"background-color":"","background-image":"","background-repeat":"repeat","background-position":"center center","background-size":"auto","background-attachment":"scroll","background-type":"","background-media":"","overlay-type":"","overlay-color":"","overlay-opacity":"","overlay-gradient":""}},"ast-content-background-meta":{"desktop":{"background-color":"var(--ast-global-color-5)","background-image":"","background-repeat":"repeat","background-position":"center center","background-size":"auto","background-attachment":"scroll","background-type":"","background-media":"","overlay-type":"","overlay-color":"","overlay-opacity":"","overlay-gradient":""},"tablet":{"background-color":"var(--ast-global-color-5)","background-image":"","background-repeat":"repeat","background-position":"center center","background-size":"auto","background-attachment":"scroll","background-type":"","background-media":"","overlay-type":"","overlay-color":"","overlay-opacity":"","overlay-gradient":""},"mobile":{"background-color":"var(--ast-global-color-5)","background-image":"","background-repeat":"repeat","background-position":"center center","background-size":"auto","background-attachment":"scroll","background-type":"","background-media":"","overlay-type":"","overlay-color":"","overlay-opacity":"","overlay-gradient":""}}},"product_brand":[],"product_cat":[21],"product_tag":[82,93,83,46,99,43,1800,87,1791,91,95,72],"class_list":{"0":"post-29314","1":"product","2":"type-product","3":"status-publish","5":"product_cat-bone","6":"product_tag-coil-tattoo-machines","7":"product_tag-custom-tattoo-guns","8":"product_tag-custom-tattoo-machines","9":"product_tag-fastliner","10":"product_tag-handmade-tattoo-machines","11":"product_tag-liner-tattoo-machine","12":"product_tag-macchinetta-per-tatuaggio-a-bobina","13":"product_tag-professional-tattoo-machines","14":"product_tag-spulen-tattoomaschinen","15":"product_tag-tattoo-equipment","16":"product_tag-tattoo-guns","17":"product_tag-tattoo-machine-coils","18":"pa_brand-rightstuff","19":"desktop-align-center","20":"tablet-align-left","21":"mobile-align-left","22":"ast-product-gallery-layout-horizontal-slider","23":"ast-product-tabs-layout-horizontal","25":"first","26":"outofstock","27":"sale","28":"taxable","29":"shipping-taxable","30":"purchasable","31":"product-type-simple"},"_links":{"self":[{"href":"https:\/\/rightstuff.eu\/it\/wp-json\/wp\/v2\/product\/29314","targetHints":{"allow":["GET"]}}],"collection":[{"href":"https:\/\/rightstuff.eu\/it\/wp-json\/wp\/v2\/product"}],"about":[{"href":"https:\/\/rightstuff.eu\/it\/wp-json\/wp\/v2\/types\/product"}],"replies":[{"embeddable":true,"href":"https:\/\/rightstuff.eu\/it\/wp-json\/wp\/v2\/comments?post=29314"}],"version-history":[{"count":0,"href":"https:\/\/rightstuff.eu\/it\/wp-json\/wp\/v2\/product\/29314\/revisions"}],"wp:attachment":[{"href":"https:\/\/rightstuff.eu\/it\/wp-json\/wp\/v2\/media?parent=29314"}],"wp:term":[{"taxonomy":"product_brand","embeddable":true,"href":"https:\/\/rightstuff.eu\/it\/wp-json\/wp\/v2\/product_brand?post=29314"},{"taxonomy":"product_cat","embeddable":true,"href":"https:\/\/rightstuff.eu\/it\/wp-json\/wp\/v2\/product_cat?post=29314"},{"taxonomy":"product_tag","embeddable":true,"href":"https:\/\/rightstuff.eu\/it\/wp-json\/wp\/v2\/product_tag?post=29314"}],"curies":[{"name":"wp","href":"https:\/\/api.w.org\/{rel}","templated":true}]}}