{"id":28939,"date":"2016-01-21T21:00:10","date_gmt":"2016-01-21T18:00:10","guid":{"rendered":"https:\/\/rightstuff.eu\/shop\/tattoo_machines\/rotary_tattoo_machines\/keg-rotary-tattoo-variable-red\/"},"modified":"2026-03-20T15:29:43","modified_gmt":"2026-03-20T14:29:43","slug":"keg-rotary-tattoo-variable-red","status":"publish","type":"product","link":"https:\/\/rightstuff.eu\/it\/prodotto\/keg-rotary-tattoo-variable-red\/","title":{"rendered":"KEG - Macchina per tatuaggi rotativa Variabile (Rosso)"},"content":{"rendered":"<p>I dispositivi rotanti per tatuaggi sono diversi da <a href=\"https:\/\/rightstuff.eu\/blog\/tattoo-instruments\/\">macchine a induzione<\/a> grazie alla presenza di un piccolo e potente rotore. Grazie a questa caratteristica speciale, l'artista pu\u00f2 facilmente regolare la velocit\u00e0 di movimento dell'ago e, inoltre, la forza del suo impatto. L'ago del dispositivo rotante pi\u00f9 semplice, immerso in una vernice speciale, penetra nella pelle per circa 2 mm a una velocit\u00e0 compresa tra 50 e 1000 volte al minuto. Red KEG - Macchina per tatuaggi rotativa Variable lavora a una velocit\u00e0 di 8.000 RMP ed effettua un colpo di 1 - 5 mm! Ci\u00f2 significa che il cliente non prova mai alcuna sensazione di dolore. A causa della velocit\u00e0 di funzionamento, il dispositivo vibra leggermente. La persona che lavora con questa macchina non sente la stanchezza e anche il cliente si rilassa. Questo apparecchio \u00e8 pi\u00f9 adatto alla realizzazione di linee e al trucco permanente. L'ombreggiatura con questo apparecchio \u00e8 una procedura pi\u00f9 lunga che pu\u00f2 causare un leggero dolore.<\/p>\n<p>Questo dispositivo a trasmissione diretta funziona con una tensione di 6 - 13 V. Grazie al suo peso ridotto (145 gr) molti professionisti e artisti, che hanno appena iniziato a lavorare con i tatuaggi, scelgono questa macchina compatta.<\/p>","protected":false},"excerpt":{"rendered":"<p>Macchina per tatuaggi rotativa ad azionamento diretto<\/p>\n<p><span id=\"ouHighlight__27_33TO0_6\" class=\"\">Macchina<\/span><span id=\"noHighlight_0.990307191206219\"> \u00e0 <\/span><span id=\"ouHighlight__20_25TO10_16\" class=\"\">tatouer<\/span><span id=\"noHighlight_0.6734024697989509\"> <\/span><span id=\"ouHighlight__13_18TO18_25\" class=\"\">rotativo<\/span><span id=\"noHighlight_0.7291035904189412\"> <\/span><span id=\"ouHighlight__7_11TO27_38\" class=\"\">entra\u00eenement<\/span><span id=\"noHighlight_0.6310912431932147\"> <\/span><span id=\"ouHighlight__0_5TO40_45\" class=\"\">diretto<\/span><\/p>\n<p>Corsa variabile da 1 mm a 5 mm<br \/>\n8000 GIRI AL MINUTO<br \/>\nTensione preferita 6-13 volt<\/p>\n<p>Aghi consigliati: Fino a 18 Liner, fino a 39 Mag<\/p>\n<p>Cavo a clip + connessione RCA<br \/>\nCorpo in alluminio<br \/>\nPeso 140 gr.<\/p>","protected":false},"featured_media":56888,"comment_status":"open","ping_status":"closed","template":"","meta":{"site-sidebar-layout":"default","site-content-layout":"","ast-site-content-layout":"default","site-content-style":"default","site-sidebar-style":"default","ast-global-header-display":"","ast-banner-title-visibility":"","ast-main-header-display":"","ast-hfb-above-header-display":"","ast-hfb-below-header-display":"","ast-hfb-mobile-header-display":"","site-post-title":"","ast-breadcrumbs-content":"","ast-featured-img":"","footer-sml-layout":"","ast-disable-related-posts":"","theme-transparent-header-meta":"default","adv-header-id-meta":"","stick-header-meta":"default","header-above-stick-meta":"","header-main-stick-meta":"","header-below-stick-meta":"","astra-migrate-meta-layouts":"set","ast-page-background-enabled":"default","ast-page-background-meta":{"desktop":{"background-color":"var(--ast-global-color-4)","background-image":"","background-repeat":"repeat","background-position":"center center","background-size":"auto","background-attachment":"scroll","background-type":"","background-media":"","overlay-type":"","overlay-color":"","overlay-opacity":"","overlay-gradient":""},"tablet":{"background-color":"","background-image":"","background-repeat":"repeat","background-position":"center center","background-size":"auto","background-attachment":"scroll","background-type":"","background-media":"","overlay-type":"","overlay-color":"","overlay-opacity":"","overlay-gradient":""},"mobile":{"background-color":"","background-image":"","background-repeat":"repeat","background-position":"center center","background-size":"auto","background-attachment":"scroll","background-type":"","background-media":"","overlay-type":"","overlay-color":"","overlay-opacity":"","overlay-gradient":""}},"ast-content-background-meta":{"desktop":{"background-color":"var(--ast-global-color-5)","background-image":"","background-repeat":"repeat","background-position":"center center","background-size":"auto","background-attachment":"scroll","background-type":"","background-media":"","overlay-type":"","overlay-color":"","overlay-opacity":"","overlay-gradient":""},"tablet":{"background-color":"var(--ast-global-color-5)","background-image":"","background-repeat":"repeat","background-position":"center center","background-size":"auto","background-attachment":"scroll","background-type":"","background-media":"","overlay-type":"","overlay-color":"","overlay-opacity":"","overlay-gradient":""},"mobile":{"background-color":"var(--ast-global-color-5)","background-image":"","background-repeat":"repeat","background-position":"center center","background-size":"auto","background-attachment":"scroll","background-type":"","background-media":"","overlay-type":"","overlay-color":"","overlay-opacity":"","overlay-gradient":""}}},"product_brand":[],"product_cat":[1995],"product_tag":[101,93,83,74,100,99,43,87,98,48,97,1792,1797,45,91,95,72,96],"class_list":{"0":"post-28939","1":"product","2":"type-product","3":"status-publish","4":"has-post-thumbnail","6":"product_cat-variable","7":"product_tag-custom-rotary-machines","8":"product_tag-custom-tattoo-guns","9":"product_tag-custom-tattoo-machines","10":"product_tag-direct-drive-tattoo-machine","11":"product_tag-handmade-rotary-tattoo-machines","12":"product_tag-handmade-tattoo-machines","13":"product_tag-liner-tattoo-machine","14":"product_tag-professional-tattoo-machines","15":"product_tag-rotary-tattoo-guns","16":"product_tag-rotary-tattoo-machine","17":"product_tag-rotary-tattoo-pen","18":"product_tag-rotary-tattoomaschinen","19":"product_tag-rotative-machines-a-tatouer","20":"product_tag-shader-tattoo-machine","21":"product_tag-tattoo-equipment","22":"product_tag-tattoo-guns","23":"product_tag-tattoo-machine-coils","24":"product_tag-tattoo-shading-guns","25":"pa_brand-rightstuff","26":"desktop-align-center","27":"tablet-align-left","28":"mobile-align-left","29":"ast-product-gallery-layout-horizontal-slider","30":"ast-product-tabs-layout-horizontal","32":"first","33":"instock","34":"sale","35":"taxable","36":"shipping-taxable","37":"purchasable","38":"product-type-simple"},"_links":{"self":[{"href":"https:\/\/rightstuff.eu\/it\/wp-json\/wp\/v2\/product\/28939","targetHints":{"allow":["GET"]}}],"collection":[{"href":"https:\/\/rightstuff.eu\/it\/wp-json\/wp\/v2\/product"}],"about":[{"href":"https:\/\/rightstuff.eu\/it\/wp-json\/wp\/v2\/types\/product"}],"replies":[{"embeddable":true,"href":"https:\/\/rightstuff.eu\/it\/wp-json\/wp\/v2\/comments?post=28939"}],"version-history":[{"count":0,"href":"https:\/\/rightstuff.eu\/it\/wp-json\/wp\/v2\/product\/28939\/revisions"}],"wp:featuredmedia":[{"embeddable":true,"href":"https:\/\/rightstuff.eu\/it\/wp-json\/wp\/v2\/media\/56888"}],"wp:attachment":[{"href":"https:\/\/rightstuff.eu\/it\/wp-json\/wp\/v2\/media?parent=28939"}],"wp:term":[{"taxonomy":"product_brand","embeddable":true,"href":"https:\/\/rightstuff.eu\/it\/wp-json\/wp\/v2\/product_brand?post=28939"},{"taxonomy":"product_cat","embeddable":true,"href":"https:\/\/rightstuff.eu\/it\/wp-json\/wp\/v2\/product_cat?post=28939"},{"taxonomy":"product_tag","embeddable":true,"href":"https:\/\/rightstuff.eu\/it\/wp-json\/wp\/v2\/product_tag?post=28939"}],"curies":[{"name":"wp","href":"https:\/\/api.w.org\/{rel}","templated":true}]}}