{"id":28819,"date":"2015-11-12T14:00:36","date_gmt":"2015-11-12T11:00:36","guid":{"rendered":"https:\/\/rightstuff.eu\/shop\/machines\/rotary\/keg-slide-rotary-tattoo-machine-red\/"},"modified":"2026-01-27T18:02:27","modified_gmt":"2026-01-27T17:02:27","slug":"keg-slide-rotary-tattoo-machine-red","status":"publish","type":"product","link":"https:\/\/rightstuff.eu\/it\/prodotto\/keg-slide-rotary-tattoo-machine-red\/","title":{"rendered":"KEG - Macchina per tatuaggi rotativa a scorrimento (rosso)"},"content":{"rendered":"<p>Da quando Samuel O`Reilly, famoso maestro di tatuaggi, cre\u00f2 <a href=\"https:\/\/rightstuff.eu\/blog\/expensive-tattoo-guns\/\">pistola elettrica per tatuaggi<\/a> nel 1891, nuovi dispositivi per tatuaggi hanno iniziato a comparire in tutto il mondo. La macchina per tatuaggi Slide Rotary \u00e8 una delle pi\u00f9 importanti. Funziona grazie all'eccentrico, che trasforma la rotazione del motore in un movimento di ritorno degli aghi. Funziona con un piccolo ronzio, mentre la macchina a induzione emette un forte rumore.<\/p>\n<p>Poich\u00e9 non c'\u00e8 coppia d'urto nel processo di lavoro di questo dispositivo rotante, la vibrazione \u00e8 minore. Questo permette al tatuatore di realizzare piccoli dettagli dell'immagine, riducendo la probabilit\u00e0 di errore. Si tratta di un vantaggio molto importante, soprattutto per i principianti. Utilizzando la macchinetta rotante, \u00e8 possibile utilizzare categorie softline\/hardline, il che rende il lavoro del maestro pi\u00f9 confortevole e riduce anche il rischio di ferire il cliente. Soprattutto, le pistole rotative sono utilizzate per lavori artistici multicolore, dove la velocit\u00e0 e la densit\u00e0 della linea non sono i fattori principali.<\/p>","protected":false},"excerpt":{"rendered":"<p>Macchina per tatuaggi rotativa a scorrimento<\/p>\n<p>Corsa di 4,2 mm<br \/>\n8000 GIRI AL MINUTO<br \/>\nTensione preferita 6-13 volt<\/p>\n<p>Aghi consigliati: Fino a 9 Liner, fino a 23 Mag<br \/>\nCorpo in alluminio<br \/>\nPeso 120 gr.<br \/>\nCavo a clip e RCA<\/p>","protected":false},"featured_media":56915,"comment_status":"open","ping_status":"closed","template":"","meta":{"site-sidebar-layout":"default","site-content-layout":"","ast-site-content-layout":"default","site-content-style":"default","site-sidebar-style":"default","ast-global-header-display":"","ast-banner-title-visibility":"","ast-main-header-display":"","ast-hfb-above-header-display":"","ast-hfb-below-header-display":"","ast-hfb-mobile-header-display":"","site-post-title":"","ast-breadcrumbs-content":"","ast-featured-img":"","footer-sml-layout":"","ast-disable-related-posts":"","theme-transparent-header-meta":"default","adv-header-id-meta":"","stick-header-meta":"default","header-above-stick-meta":"","header-main-stick-meta":"","header-below-stick-meta":"","astra-migrate-meta-layouts":"set","ast-page-background-enabled":"default","ast-page-background-meta":{"desktop":{"background-color":"var(--ast-global-color-4)","background-image":"","background-repeat":"repeat","background-position":"center center","background-size":"auto","background-attachment":"scroll","background-type":"","background-media":"","overlay-type":"","overlay-color":"","overlay-opacity":"","overlay-gradient":""},"tablet":{"background-color":"","background-image":"","background-repeat":"repeat","background-position":"center center","background-size":"auto","background-attachment":"scroll","background-type":"","background-media":"","overlay-type":"","overlay-color":"","overlay-opacity":"","overlay-gradient":""},"mobile":{"background-color":"","background-image":"","background-repeat":"repeat","background-position":"center center","background-size":"auto","background-attachment":"scroll","background-type":"","background-media":"","overlay-type":"","overlay-color":"","overlay-opacity":"","overlay-gradient":""}},"ast-content-background-meta":{"desktop":{"background-color":"var(--ast-global-color-5)","background-image":"","background-repeat":"repeat","background-position":"center center","background-size":"auto","background-attachment":"scroll","background-type":"","background-media":"","overlay-type":"","overlay-color":"","overlay-opacity":"","overlay-gradient":""},"tablet":{"background-color":"var(--ast-global-color-5)","background-image":"","background-repeat":"repeat","background-position":"center center","background-size":"auto","background-attachment":"scroll","background-type":"","background-media":"","overlay-type":"","overlay-color":"","overlay-opacity":"","overlay-gradient":""},"mobile":{"background-color":"var(--ast-global-color-5)","background-image":"","background-repeat":"repeat","background-position":"center center","background-size":"auto","background-attachment":"scroll","background-type":"","background-media":"","overlay-type":"","overlay-color":"","overlay-opacity":"","overlay-gradient":""}}},"product_brand":[],"product_cat":[1996],"product_tag":[101,93,83,100,99,87,98,48,97,1792,91,95,72,41],"class_list":{"0":"post-28819","1":"product","2":"type-product","3":"status-publish","4":"has-post-thumbnail","6":"product_cat-slide","7":"product_tag-custom-rotary-machines","8":"product_tag-custom-tattoo-guns","9":"product_tag-custom-tattoo-machines","10":"product_tag-handmade-rotary-tattoo-machines","11":"product_tag-handmade-tattoo-machines","12":"product_tag-professional-tattoo-machines","13":"product_tag-rotary-tattoo-guns","14":"product_tag-rotary-tattoo-machine","15":"product_tag-rotary-tattoo-pen","16":"product_tag-rotary-tattoomaschinen","17":"product_tag-tattoo-equipment","18":"product_tag-tattoo-guns","19":"product_tag-tattoo-machine-coils","20":"product_tag-tattoo-machines","21":"pa_brand-rightstuff","22":"desktop-align-center","23":"tablet-align-left","24":"mobile-align-left","25":"ast-product-gallery-layout-horizontal-slider","26":"ast-product-tabs-layout-horizontal","28":"first","29":"instock","30":"sale","31":"taxable","32":"shipping-taxable","33":"purchasable","34":"product-type-simple"},"_links":{"self":[{"href":"https:\/\/rightstuff.eu\/it\/wp-json\/wp\/v2\/product\/28819","targetHints":{"allow":["GET"]}}],"collection":[{"href":"https:\/\/rightstuff.eu\/it\/wp-json\/wp\/v2\/product"}],"about":[{"href":"https:\/\/rightstuff.eu\/it\/wp-json\/wp\/v2\/types\/product"}],"replies":[{"embeddable":true,"href":"https:\/\/rightstuff.eu\/it\/wp-json\/wp\/v2\/comments?post=28819"}],"version-history":[{"count":0,"href":"https:\/\/rightstuff.eu\/it\/wp-json\/wp\/v2\/product\/28819\/revisions"}],"wp:featuredmedia":[{"embeddable":true,"href":"https:\/\/rightstuff.eu\/it\/wp-json\/wp\/v2\/media\/56915"}],"wp:attachment":[{"href":"https:\/\/rightstuff.eu\/it\/wp-json\/wp\/v2\/media?parent=28819"}],"wp:term":[{"taxonomy":"product_brand","embeddable":true,"href":"https:\/\/rightstuff.eu\/it\/wp-json\/wp\/v2\/product_brand?post=28819"},{"taxonomy":"product_cat","embeddable":true,"href":"https:\/\/rightstuff.eu\/it\/wp-json\/wp\/v2\/product_cat?post=28819"},{"taxonomy":"product_tag","embeddable":true,"href":"https:\/\/rightstuff.eu\/it\/wp-json\/wp\/v2\/product_tag?post=28819"}],"curies":[{"name":"wp","href":"https:\/\/api.w.org\/{rel}","templated":true}]}}