{"id":28729,"date":"2015-09-29T11:23:07","date_gmt":"2015-09-29T11:23:07","guid":{"rendered":"https:\/\/rightstuff.eu\/shop\/machines\/bone\/bone-cpr-liner-p-m\/"},"modified":"2025-01-22T01:37:12","modified_gmt":"2025-01-22T00:37:12","slug":"bone-cpr-liner-p-m","status":"publish","type":"product","link":"https:\/\/rightstuff.eu\/it\/prodotto\/bone-cpr-liner-p-m\/","title":{"rendered":"Macchina per tatuaggi BONE Liner P.M Bronze"},"content":{"rendered":"<p>Stai cercando una macchinetta per tatuaggi che ti garantisca risultati straordinari? Questa macchina \u00e8 un dispositivo artigianale configurato come un Liner. L'alta qualit\u00e0 del tatuaggio e l'ottimo lavoro sono garantiti dal funzionamento a 135 hz a 6,6 volt e dalla variet\u00e0 di aghi da 3 a 9 RL con tratti extra lunghi.<\/p>\n<p>La forma dell'apparecchio \u00e8 ideale per lavorare in modo confortevole, la durata \u00e8 garantita dalla ferramenta in acciaio azzurrato e dal telaio in bronzo lavorato in un unico pezzo. Il peso totale della macchinetta \u00e8 di 180gr. 8wrap e 26mm di bobine di alta qualit\u00e0 danno risultati perfetti sia per i principianti che per i veterani. Macchina di alto livello, ottima scelta per un tatuaggio di bell'aspetto. Combattere con questo liner rende il lavoro pi\u00f9 facile e piacevole, dando la possibilit\u00e0 di concentrarsi sull'arte. In totale, il dispositivo offre risultati perfetti con tatuaggi puliti e precisi. Puoi trovare questo liner a un prezzo economico, ma avrai la macchina ideale per creare capolavori.<\/p>\n<p>&nbsp;<\/p>\n<p>Puoi anche acquistare <a href=\"https:\/\/rightstuff.eu\/product-category\/needles\/\">aghi per macchina per tatuaggi BONE Liner P.M Bronze<\/a> e <a href=\"https:\/\/rightstuff.eu\/product-tag\/tattoo-supplies\/\">fornitura di alta qualit\u00e0<\/a>:<\/p>\n<p><a href=\"https:\/\/rightstuff.eu\/product-category\/needles\/\"><img decoding=\"async\" src=\"https:\/\/rightstuff.eu\/wp-content\/uploads\/2013\/12\/11m2-300x225.jpg\" alt=\"\" title=\"\"><\/a><br \/>\n<a href=\"https:\/\/rightstuff.eu\/product-tag\/tattoo-supplies\/\"><img decoding=\"async\" src=\"https:\/\/rightstuff.eu\/wp-content\/uploads\/2016\/05\/IMG_1099-300x225.jpg\" alt=\"\" title=\"\"><\/a><\/p>","protected":false},"excerpt":{"rendered":"<p>Macchina per tatuaggi a bobina<\/p>\n<p>Il telaio \u00e8 ricavato da un unico pezzo di bronzo.<\/p>\n<p>Bobine di alta qualit\u00e0 - 26 mm * 8 avvolgimenti<\/p>\n<p>Ferramenta in acciaio azzurrato<\/p>\n<p>Aghi preferiti 3-9RL<\/p>\n<p>Corsa extra lunga<\/p>\n<p>Funziona a 135hz a 6,6 volt - a vuoto<\/p>\n<p>Peso della macchina per tatuaggi 180gr.<\/p>","protected":false},"featured_media":49295,"comment_status":"open","ping_status":"closed","template":"","meta":{"site-sidebar-layout":"","site-content-layout":"","ast-site-content-layout":"default","site-content-style":"default","site-sidebar-style":"default","ast-global-header-display":"","ast-banner-title-visibility":"","ast-main-header-display":"","ast-hfb-above-header-display":"","ast-hfb-below-header-display":"","ast-hfb-mobile-header-display":"","site-post-title":"","ast-breadcrumbs-content":"","ast-featured-img":"","footer-sml-layout":"","ast-disable-related-posts":"","theme-transparent-header-meta":"","adv-header-id-meta":"","stick-header-meta":"","header-above-stick-meta":"","header-main-stick-meta":"","header-below-stick-meta":"","astra-migrate-meta-layouts":"default","ast-page-background-enabled":"default","ast-page-background-meta":{"desktop":{"background-color":"var(--ast-global-color-4)","background-image":"","background-repeat":"repeat","background-position":"center center","background-size":"auto","background-attachment":"scroll","background-type":"","background-media":"","overlay-type":"","overlay-color":"","overlay-opacity":"","overlay-gradient":""},"tablet":{"background-color":"","background-image":"","background-repeat":"repeat","background-position":"center center","background-size":"auto","background-attachment":"scroll","background-type":"","background-media":"","overlay-type":"","overlay-color":"","overlay-opacity":"","overlay-gradient":""},"mobile":{"background-color":"","background-image":"","background-repeat":"repeat","background-position":"center center","background-size":"auto","background-attachment":"scroll","background-type":"","background-media":"","overlay-type":"","overlay-color":"","overlay-opacity":"","overlay-gradient":""}},"ast-content-background-meta":{"desktop":{"background-color":"var(--ast-global-color-5)","background-image":"","background-repeat":"repeat","background-position":"center center","background-size":"auto","background-attachment":"scroll","background-type":"","background-media":"","overlay-type":"","overlay-color":"","overlay-opacity":"","overlay-gradient":""},"tablet":{"background-color":"var(--ast-global-color-5)","background-image":"","background-repeat":"repeat","background-position":"center center","background-size":"auto","background-attachment":"scroll","background-type":"","background-media":"","overlay-type":"","overlay-color":"","overlay-opacity":"","overlay-gradient":""},"mobile":{"background-color":"var(--ast-global-color-5)","background-image":"","background-repeat":"repeat","background-position":"center center","background-size":"auto","background-attachment":"scroll","background-type":"","background-media":"","overlay-type":"","overlay-color":"","overlay-opacity":"","overlay-gradient":""}}},"product_brand":[],"product_cat":[21],"product_tag":[1804,93,83,46,99,1800,87,1791,91,95,72,41],"class_list":{"0":"post-28729","1":"product","2":"type-product","3":"status-publish","4":"has-post-thumbnail","6":"product_cat-bone","7":"product_tag-beginner-tattoo-kits","8":"product_tag-custom-tattoo-guns","9":"product_tag-custom-tattoo-machines","10":"product_tag-fastliner","11":"product_tag-handmade-tattoo-machines","12":"product_tag-macchinetta-per-tatuaggio-a-bobina","13":"product_tag-professional-tattoo-machines","14":"product_tag-spulen-tattoomaschinen","15":"product_tag-tattoo-equipment","16":"product_tag-tattoo-guns","17":"product_tag-tattoo-machine-coils","18":"product_tag-tattoo-machines","19":"pa_brand-rightstuff","20":"desktop-align-center","21":"tablet-align-left","22":"mobile-align-left","23":"ast-product-gallery-layout-horizontal-slider","24":"ast-product-tabs-layout-horizontal","26":"first","27":"instock","28":"sale","29":"taxable","30":"shipping-taxable","31":"purchasable","32":"product-type-simple"},"_links":{"self":[{"href":"https:\/\/rightstuff.eu\/it\/wp-json\/wp\/v2\/product\/28729","targetHints":{"allow":["GET"]}}],"collection":[{"href":"https:\/\/rightstuff.eu\/it\/wp-json\/wp\/v2\/product"}],"about":[{"href":"https:\/\/rightstuff.eu\/it\/wp-json\/wp\/v2\/types\/product"}],"replies":[{"embeddable":true,"href":"https:\/\/rightstuff.eu\/it\/wp-json\/wp\/v2\/comments?post=28729"}],"version-history":[{"count":0,"href":"https:\/\/rightstuff.eu\/it\/wp-json\/wp\/v2\/product\/28729\/revisions"}],"wp:featuredmedia":[{"embeddable":true,"href":"https:\/\/rightstuff.eu\/it\/wp-json\/wp\/v2\/media\/49295"}],"wp:attachment":[{"href":"https:\/\/rightstuff.eu\/it\/wp-json\/wp\/v2\/media?parent=28729"}],"wp:term":[{"taxonomy":"product_brand","embeddable":true,"href":"https:\/\/rightstuff.eu\/it\/wp-json\/wp\/v2\/product_brand?post=28729"},{"taxonomy":"product_cat","embeddable":true,"href":"https:\/\/rightstuff.eu\/it\/wp-json\/wp\/v2\/product_cat?post=28729"},{"taxonomy":"product_tag","embeddable":true,"href":"https:\/\/rightstuff.eu\/it\/wp-json\/wp\/v2\/product_tag?post=28729"}],"curies":[{"name":"wp","href":"https:\/\/api.w.org\/{rel}","templated":true}]}}