{"id":28727,"date":"2015-09-29T14:00:06","date_gmt":"2015-09-29T11:00:06","guid":{"rendered":"https:\/\/rightstuff.eu\/shop\/machines\/bone\/bone-cpr-shader\/"},"modified":"2025-01-22T01:37:12","modified_gmt":"2025-01-22T00:37:12","slug":"bone-cpr-shader","status":"publish","type":"product","link":"https:\/\/rightstuff.eu\/it\/prodotto\/bone-cpr-shader\/","title":{"rendered":"Macchina per tatuaggi BONE Shader Bronzo"},"content":{"rendered":"<p>Esistono molti tipi di macchinette per tatuaggi con diverse capacit\u00e0 e funzioni: a induzione per la pittura, macchine per contorni, sfumatrici e <a href=\"https:\/\/rightstuff.eu\/product-category\/tattoo-machines\/rotary-tattoo-machines\/\">rotanti<\/a> . Per ogni tipo di lavoro sono necessarie attrezzature e materiali diversi, quindi i maestri tatuatori utilizzano modelli diversi.<\/p>\n<p>All'inizio, devi acquistare diversi portamanipoli: mentre lavori con uno, il secondo viene sterilizzato. Gli strumenti devono essere solo metallici o monouso per entrare in contatto con la pelle. Devi acquistare un <a href=\"https:\/\/rightstuff.eu\/product-tag\/tattoo-power-supply\/\">alimentazione<\/a> e clip-cord, pedale di metallo, aghi per contorno e coloranti, pigmenti, tappi, nasi e guanti monouso, anestesia, vaselina. Il posto di lavoro deve essere attrezzato in modo pratico, con un tavolo, una sedia ad altezza regolabile e un lettino per i clienti.<\/p>\n<p>\u00c8 importante prestare attenzione alla potenza dell'apparecchio: puoi acquistarne da 5 a 9 volt, ma pi\u00f9 questa cifra \u00e8 alta, pi\u00f9 l'apparecchio funzioner\u00e0 in modo fluido. Per utilizzare un apparecchio pi\u00f9 potente, devi avere molta esperienza se non vuoi ferirti la pelle.<\/p>\n<p>I dispositivi a induzione sono un'attrezzatura tradizionale per un tatuatore professionista, che permette di realizzare un'ampia gamma di lavori (tratti di disegno, linee sfumate, ecc.) e di applicare l'immagine su aree cutanee ispessite. Il disegno del tatuaggio viene eseguito con un ago collegato all'asta, che viene attratto e respinto dalla piastra sotto l'azione di un elettromagnete. L'ago nel processo di lavoro del maestro del tatuaggio si muove in linea retta, ma a causa delle forti vibrazioni la sua efficienza \u00e8 leggermente ridotta.<\/p>\n<p>Contornatrici - Questo dispositivo \u00e8 molto pi\u00f9 veloce e semplice del suo predecessore; inoltre, grazie alle sue caratteristiche di design, garantisce un rimbalzo e un ritorno netto dell'ago. Poich\u00e9 l'ago passa rapidamente sotto la pelle e ritorna il pi\u00f9 velocemente possibile, \u00e8 possibile garantire un'elevata nitidezza dell'immagine durante l'operazione, evitando che l'inchiostro si diffonda sotto la pelle. Il contorno del tatuaggio si appoggia sulla pelle con una linea di contrasto uniforme. Durante il lavoro, la macchina per contorni produce un suono simile al ronzio di un'ape. \u00c8 necessario rispettare la designazione della macchina per contorni specificata nelle istruzioni per l'uso e non applicarla per dipingere le aree della pelle. In caso contrario, c'\u00e8 il rischio di danneggiare in modo permanente la superficie cutanea del cliente.<br \/>\nMacchine per dipingere - l'ago, mentre si trova nell'epidermide, scorre un po' in avanti in modo che la vernice possa disperdersi. Il lavoro dovrebbe essere meno faticoso.<br \/>\nLa macchina delle ombre o gli shader sono progettati per disegnare le ombre.<\/p>","protected":false},"excerpt":{"rendered":"<p>Shader della macchina per tatuaggi.<\/p>\n<p>Il telaio \u00e8 ricavato da un unico pezzo di bronzo.<\/p>\n<p>Bobine di alta qualit\u00e0 - 26 mm * 8 avvolgimenti<\/p>\n<p>Ferramenta in acciaio azzurrato<\/p>\n<p>Aghi preferiti 7-15m<\/p>\n<p>Colpo morbido, colpo medio<\/p>\n<p>Funziona a 105hz a 6,6 volt a vuoto<\/p>\n<p>Peso della macchina per tatuaggi 180gr.<\/p>","protected":false},"featured_media":49299,"comment_status":"open","ping_status":"closed","template":"","meta":{"site-sidebar-layout":"","site-content-layout":"","ast-site-content-layout":"default","site-content-style":"default","site-sidebar-style":"default","ast-global-header-display":"","ast-banner-title-visibility":"","ast-main-header-display":"","ast-hfb-above-header-display":"","ast-hfb-below-header-display":"","ast-hfb-mobile-header-display":"","site-post-title":"","ast-breadcrumbs-content":"","ast-featured-img":"","footer-sml-layout":"","ast-disable-related-posts":"","theme-transparent-header-meta":"","adv-header-id-meta":"","stick-header-meta":"","header-above-stick-meta":"","header-main-stick-meta":"","header-below-stick-meta":"","astra-migrate-meta-layouts":"default","ast-page-background-enabled":"default","ast-page-background-meta":{"desktop":{"background-color":"var(--ast-global-color-4)","background-image":"","background-repeat":"repeat","background-position":"center center","background-size":"auto","background-attachment":"scroll","background-type":"","background-media":"","overlay-type":"","overlay-color":"","overlay-opacity":"","overlay-gradient":""},"tablet":{"background-color":"","background-image":"","background-repeat":"repeat","background-position":"center center","background-size":"auto","background-attachment":"scroll","background-type":"","background-media":"","overlay-type":"","overlay-color":"","overlay-opacity":"","overlay-gradient":""},"mobile":{"background-color":"","background-image":"","background-repeat":"repeat","background-position":"center center","background-size":"auto","background-attachment":"scroll","background-type":"","background-media":"","overlay-type":"","overlay-color":"","overlay-opacity":"","overlay-gradient":""}},"ast-content-background-meta":{"desktop":{"background-color":"var(--ast-global-color-5)","background-image":"","background-repeat":"repeat","background-position":"center center","background-size":"auto","background-attachment":"scroll","background-type":"","background-media":"","overlay-type":"","overlay-color":"","overlay-opacity":"","overlay-gradient":""},"tablet":{"background-color":"var(--ast-global-color-5)","background-image":"","background-repeat":"repeat","background-position":"center center","background-size":"auto","background-attachment":"scroll","background-type":"","background-media":"","overlay-type":"","overlay-color":"","overlay-opacity":"","overlay-gradient":""},"mobile":{"background-color":"var(--ast-global-color-5)","background-image":"","background-repeat":"repeat","background-position":"center center","background-size":"auto","background-attachment":"scroll","background-type":"","background-media":"","overlay-type":"","overlay-color":"","overlay-opacity":"","overlay-gradient":""}}},"product_brand":[],"product_cat":[21],"product_tag":[82,93,83,99,1800,87,45,89,1791,91,95,23,72,96],"class_list":{"0":"post-28727","1":"product","2":"type-product","3":"status-publish","4":"has-post-thumbnail","6":"product_cat-bone","7":"product_tag-coil-tattoo-machines","8":"product_tag-custom-tattoo-guns","9":"product_tag-custom-tattoo-machines","10":"product_tag-handmade-tattoo-machines","11":"product_tag-macchinetta-per-tatuaggio-a-bobina","12":"product_tag-professional-tattoo-machines","13":"product_tag-shader-tattoo-machine","14":"product_tag-shader-tattoo-machines","15":"product_tag-spulen-tattoomaschinen","16":"product_tag-tattoo-equipment","17":"product_tag-tattoo-guns","18":"product_tag-tattoo-machine","19":"product_tag-tattoo-machine-coils","20":"product_tag-tattoo-shading-guns","21":"pa_brand-rightstuff","22":"desktop-align-center","23":"tablet-align-left","24":"mobile-align-left","25":"ast-product-gallery-layout-horizontal-slider","26":"ast-product-tabs-layout-horizontal","28":"first","29":"outofstock","30":"sale","31":"taxable","32":"shipping-taxable","33":"purchasable","34":"product-type-simple"},"_links":{"self":[{"href":"https:\/\/rightstuff.eu\/it\/wp-json\/wp\/v2\/product\/28727","targetHints":{"allow":["GET"]}}],"collection":[{"href":"https:\/\/rightstuff.eu\/it\/wp-json\/wp\/v2\/product"}],"about":[{"href":"https:\/\/rightstuff.eu\/it\/wp-json\/wp\/v2\/types\/product"}],"replies":[{"embeddable":true,"href":"https:\/\/rightstuff.eu\/it\/wp-json\/wp\/v2\/comments?post=28727"}],"version-history":[{"count":0,"href":"https:\/\/rightstuff.eu\/it\/wp-json\/wp\/v2\/product\/28727\/revisions"}],"wp:featuredmedia":[{"embeddable":true,"href":"https:\/\/rightstuff.eu\/it\/wp-json\/wp\/v2\/media\/49299"}],"wp:attachment":[{"href":"https:\/\/rightstuff.eu\/it\/wp-json\/wp\/v2\/media?parent=28727"}],"wp:term":[{"taxonomy":"product_brand","embeddable":true,"href":"https:\/\/rightstuff.eu\/it\/wp-json\/wp\/v2\/product_brand?post=28727"},{"taxonomy":"product_cat","embeddable":true,"href":"https:\/\/rightstuff.eu\/it\/wp-json\/wp\/v2\/product_cat?post=28727"},{"taxonomy":"product_tag","embeddable":true,"href":"https:\/\/rightstuff.eu\/it\/wp-json\/wp\/v2\/product_tag?post=28727"}],"curies":[{"name":"wp","href":"https:\/\/api.w.org\/{rel}","templated":true}]}}