{"id":28697,"date":"2015-09-12T14:18:50","date_gmt":"2015-09-12T14:18:50","guid":{"rendered":"https:\/\/rightstuff.eu\/shop\/machines\/lucky\/lucky-cpr-shader\/"},"modified":"2025-01-22T01:37:13","modified_gmt":"2025-01-22T00:37:13","slug":"lucky-cpr-shader","status":"publish","type":"product","link":"https:\/\/rightstuff.eu\/it\/prodotto\/lucky-cpr-shader\/","title":{"rendered":"LUCKY Shader Macchina per tatuaggi Bronzo"},"content":{"rendered":"<p>Oggi, con la crescente popolarit\u00e0 dei tatuaggi e il potenziale di guadagno elevato, sempre pi\u00f9 persone desiderano diventare un tatuatore. Tuttavia, i principianti commettono degli errori, eseguendo i primi lavori sul corpo e utilizzando attrezzature amatoriali. Molti di loro non diventeranno mai dei veri <a href=\"https:\/\/rightstuff.eu\/blog\/success-story-the-birth-of-the-rightstuf\/\">successo nel tatuaggio<\/a> e non riuscir\u00e0 mai ad acquisire le abilit\u00e0 necessarie in questa attivit\u00e0. Se prendi sul serio questo mestiere, ordina la LUCKY Shader Bronze Tattoo Machine. Questo dispositivo professionale permette a un maestro non solo di fare dei contorni o di tatuare alcuni motti sul corpo, ma di creare dei veri e propri capolavori - grandi immagini quadrate colorate.<\/p>\n<p>Naturalmente, un artista deve avere talento. Se non sai disegnare bene, non potrai mai diventare un vero maestro del tatuaggio. Nel frattempo, una persona abile, che lavora con questo dispositivo resistente realizzato in bronzo e acciaio, il cui peso \u00e8 di 200 grammi, otterr\u00e0 un successo nella sua attivit\u00e0. L'apparecchio professionale con bobine da 26 mm e 10 avvolgimenti, funzionante con un voltaggio di 6,6 V, utilizza aghi da 7 a 15 M. Funziona a una frequenza di 105 Hz.<\/p>","protected":false},"excerpt":{"rendered":"<p>Macchina per tatuaggi Shader<\/p>\n<p>Il telaio \u00e8 ricavato da un unico pezzo di bronzo.<br \/>\nBobine di alta qualit\u00e0 - 26 mm * 10 avvolgimenti<br \/>\nFerramenta in acciaio azzurrato<br \/>\nAghi preferiti 7-15m<br \/>\nCorsa lunga<br \/>\nFunziona a 105hz a 6,6 volt a vuoto<\/p>\n<p>Peso della macchina per tatuaggi 200gr.<\/p>\n<p>&nbsp;<\/p>","protected":false},"featured_media":49314,"comment_status":"open","ping_status":"closed","template":"","meta":{"site-sidebar-layout":"","site-content-layout":"","ast-site-content-layout":"default","site-content-style":"default","site-sidebar-style":"default","ast-global-header-display":"","ast-banner-title-visibility":"","ast-main-header-display":"","ast-hfb-above-header-display":"","ast-hfb-below-header-display":"","ast-hfb-mobile-header-display":"","site-post-title":"","ast-breadcrumbs-content":"","ast-featured-img":"","footer-sml-layout":"","ast-disable-related-posts":"","theme-transparent-header-meta":"","adv-header-id-meta":"","stick-header-meta":"","header-above-stick-meta":"","header-main-stick-meta":"","header-below-stick-meta":"","astra-migrate-meta-layouts":"default","ast-page-background-enabled":"default","ast-page-background-meta":{"desktop":{"background-color":"var(--ast-global-color-4)","background-image":"","background-repeat":"repeat","background-position":"center center","background-size":"auto","background-attachment":"scroll","background-type":"","background-media":"","overlay-type":"","overlay-color":"","overlay-opacity":"","overlay-gradient":""},"tablet":{"background-color":"","background-image":"","background-repeat":"repeat","background-position":"center center","background-size":"auto","background-attachment":"scroll","background-type":"","background-media":"","overlay-type":"","overlay-color":"","overlay-opacity":"","overlay-gradient":""},"mobile":{"background-color":"","background-image":"","background-repeat":"repeat","background-position":"center center","background-size":"auto","background-attachment":"scroll","background-type":"","background-media":"","overlay-type":"","overlay-color":"","overlay-opacity":"","overlay-gradient":""}},"ast-content-background-meta":{"desktop":{"background-color":"var(--ast-global-color-5)","background-image":"","background-repeat":"repeat","background-position":"center center","background-size":"auto","background-attachment":"scroll","background-type":"","background-media":"","overlay-type":"","overlay-color":"","overlay-opacity":"","overlay-gradient":""},"tablet":{"background-color":"var(--ast-global-color-5)","background-image":"","background-repeat":"repeat","background-position":"center center","background-size":"auto","background-attachment":"scroll","background-type":"","background-media":"","overlay-type":"","overlay-color":"","overlay-opacity":"","overlay-gradient":""},"mobile":{"background-color":"var(--ast-global-color-5)","background-image":"","background-repeat":"repeat","background-position":"center center","background-size":"auto","background-attachment":"scroll","background-type":"","background-media":"","overlay-type":"","overlay-color":"","overlay-opacity":"","overlay-gradient":""}}},"product_brand":[],"product_cat":[8],"product_tag":[82,93,83,99,1802,87,45,89,91,95,72,96],"class_list":{"0":"post-28697","1":"product","2":"type-product","3":"status-publish","4":"has-post-thumbnail","6":"product_cat-lucky","7":"product_tag-coil-tattoo-machines","8":"product_tag-custom-tattoo-guns","9":"product_tag-custom-tattoo-machines","10":"product_tag-handmade-tattoo-machines","11":"product_tag-maquinas-de-tatuaje-de-bobina","12":"product_tag-professional-tattoo-machines","13":"product_tag-shader-tattoo-machine","14":"product_tag-shader-tattoo-machines","15":"product_tag-tattoo-equipment","16":"product_tag-tattoo-guns","17":"product_tag-tattoo-machine-coils","18":"product_tag-tattoo-shading-guns","19":"pa_brand-rightstuff","20":"desktop-align-center","21":"tablet-align-left","22":"mobile-align-left","23":"ast-product-gallery-layout-horizontal-slider","24":"ast-product-tabs-layout-horizontal","26":"first","27":"instock","28":"sale","29":"taxable","30":"shipping-taxable","31":"purchasable","32":"product-type-simple"},"_links":{"self":[{"href":"https:\/\/rightstuff.eu\/it\/wp-json\/wp\/v2\/product\/28697","targetHints":{"allow":["GET"]}}],"collection":[{"href":"https:\/\/rightstuff.eu\/it\/wp-json\/wp\/v2\/product"}],"about":[{"href":"https:\/\/rightstuff.eu\/it\/wp-json\/wp\/v2\/types\/product"}],"replies":[{"embeddable":true,"href":"https:\/\/rightstuff.eu\/it\/wp-json\/wp\/v2\/comments?post=28697"}],"version-history":[{"count":0,"href":"https:\/\/rightstuff.eu\/it\/wp-json\/wp\/v2\/product\/28697\/revisions"}],"wp:featuredmedia":[{"embeddable":true,"href":"https:\/\/rightstuff.eu\/it\/wp-json\/wp\/v2\/media\/49314"}],"wp:attachment":[{"href":"https:\/\/rightstuff.eu\/it\/wp-json\/wp\/v2\/media?parent=28697"}],"wp:term":[{"taxonomy":"product_brand","embeddable":true,"href":"https:\/\/rightstuff.eu\/it\/wp-json\/wp\/v2\/product_brand?post=28697"},{"taxonomy":"product_cat","embeddable":true,"href":"https:\/\/rightstuff.eu\/it\/wp-json\/wp\/v2\/product_cat?post=28697"},{"taxonomy":"product_tag","embeddable":true,"href":"https:\/\/rightstuff.eu\/it\/wp-json\/wp\/v2\/product_tag?post=28697"}],"curies":[{"name":"wp","href":"https:\/\/api.w.org\/{rel}","templated":true}]}}