{"id":28695,"date":"2015-09-12T14:14:04","date_gmt":"2015-09-12T14:14:04","guid":{"rendered":"https:\/\/rightstuff.eu\/shop\/machines\/lucky\/lucky-cpr-trueliner\/"},"modified":"2025-01-22T01:37:13","modified_gmt":"2025-01-22T00:37:13","slug":"lucky-cpr-trueliner","status":"publish","type":"product","link":"https:\/\/rightstuff.eu\/it\/prodotto\/lucky-cpr-trueliner\/","title":{"rendered":"Macchina per tatuaggi LUCKY TrueLiner Bronze"},"content":{"rendered":"<p>Il pericolo maggiore quando si utilizzano sfumature o liner potenti per strisce spesse \u00e8 l'offuscamento del colore. LUCKY TrueLiner Bronze Tattoo Machine funziona in modo straordinario, combinando un impatto potente e preciso lasciando l'inchiostro alla giusta profondit\u00e0! Questo liner \u00e8 adatto agli aghi 9-18 Rl. \u00c8 stata progettata per le persone che si sentono a proprio agio e che, semplicemente tirando la pelle con un dito, realizzano strisce spesse in una sola passata. L'unit\u00e0 con spire perfette di 26 mm e 9 avvolgimenti \u00e8 adatta per aghi da 9 in su. Questo dispositivo offre una stabilit\u00e0 e una sicurezza insuperabili nel mantenere linee spesse e chiare. \u00c8 progettato per l'utilizzo in un solo passaggio con la pelle. <a href=\"https:\/\/rightstuff.eu\/blog\/become-tattoo-artist\/\">Artisti del tatuaggio<\/a>Chi ha riscontrato problemi con la scontornatura di linee spesse lavorando con gli altri articoli, dimenticher\u00e0 le sue vecchie macchine quando inizier\u00e0 a lavorare con questo.<br \/>\nIl telaio in bronzo rende lo strumento piuttosto pesante: 200 grammi. Tuttavia, proprio grazie a questo materiale, la durata della macchina \u00e8 estremamente lunga. Questo utensile a lunga durata funziona con una frequenza di 135 Hz e una tensione di 6,6 V.<\/p>","protected":false},"excerpt":{"rendered":"<p>Linea di alimentazione della macchina per tatuaggi a bobina<\/p>\n<p>Il telaio \u00e8 ricavato da un unico pezzo di bronzo.<br \/>\nBobine di alta qualit\u00e0 - 26 mm * 9 avvolgimenti<br \/>\nFerramenta in acciaio azzurrato<br \/>\nAghi preferiti 9-18rl<br \/>\nCorsa lunga<br \/>\nFunziona a 135hz a 6,6 volt - a vuoto<\/p>\n<p>Peso della macchina per tatuaggi 200gr.<\/p>","protected":false},"featured_media":49318,"comment_status":"open","ping_status":"closed","template":"","meta":{"site-sidebar-layout":"","site-content-layout":"","ast-site-content-layout":"default","site-content-style":"default","site-sidebar-style":"default","ast-global-header-display":"","ast-banner-title-visibility":"","ast-main-header-display":"","ast-hfb-above-header-display":"","ast-hfb-below-header-display":"","ast-hfb-mobile-header-display":"","site-post-title":"","ast-breadcrumbs-content":"","ast-featured-img":"","footer-sml-layout":"","ast-disable-related-posts":"","theme-transparent-header-meta":"","adv-header-id-meta":"","stick-header-meta":"","header-above-stick-meta":"","header-main-stick-meta":"","header-below-stick-meta":"","astra-migrate-meta-layouts":"default","ast-page-background-enabled":"default","ast-page-background-meta":{"desktop":{"background-color":"var(--ast-global-color-4)","background-image":"","background-repeat":"repeat","background-position":"center center","background-size":"auto","background-attachment":"scroll","background-type":"","background-media":"","overlay-type":"","overlay-color":"","overlay-opacity":"","overlay-gradient":""},"tablet":{"background-color":"","background-image":"","background-repeat":"repeat","background-position":"center center","background-size":"auto","background-attachment":"scroll","background-type":"","background-media":"","overlay-type":"","overlay-color":"","overlay-opacity":"","overlay-gradient":""},"mobile":{"background-color":"","background-image":"","background-repeat":"repeat","background-position":"center center","background-size":"auto","background-attachment":"scroll","background-type":"","background-media":"","overlay-type":"","overlay-color":"","overlay-opacity":"","overlay-gradient":""}},"ast-content-background-meta":{"desktop":{"background-color":"var(--ast-global-color-5)","background-image":"","background-repeat":"repeat","background-position":"center center","background-size":"auto","background-attachment":"scroll","background-type":"","background-media":"","overlay-type":"","overlay-color":"","overlay-opacity":"","overlay-gradient":""},"tablet":{"background-color":"var(--ast-global-color-5)","background-image":"","background-repeat":"repeat","background-position":"center center","background-size":"auto","background-attachment":"scroll","background-type":"","background-media":"","overlay-type":"","overlay-color":"","overlay-opacity":"","overlay-gradient":""},"mobile":{"background-color":"var(--ast-global-color-5)","background-image":"","background-repeat":"repeat","background-position":"center center","background-size":"auto","background-attachment":"scroll","background-type":"","background-media":"","overlay-type":"","overlay-color":"","overlay-opacity":"","overlay-gradient":""}}},"product_brand":[],"product_cat":[8],"product_tag":[82,93,83,99,1802,87,91,95,72],"class_list":{"0":"post-28695","1":"product","2":"type-product","3":"status-publish","4":"has-post-thumbnail","6":"product_cat-lucky","7":"product_tag-coil-tattoo-machines","8":"product_tag-custom-tattoo-guns","9":"product_tag-custom-tattoo-machines","10":"product_tag-handmade-tattoo-machines","11":"product_tag-maquinas-de-tatuaje-de-bobina","12":"product_tag-professional-tattoo-machines","13":"product_tag-tattoo-equipment","14":"product_tag-tattoo-guns","15":"product_tag-tattoo-machine-coils","16":"pa_brand-rightstuff","17":"desktop-align-center","18":"tablet-align-left","19":"mobile-align-left","20":"ast-product-gallery-layout-horizontal-slider","21":"ast-product-tabs-layout-horizontal","23":"first","24":"instock","25":"sale","26":"taxable","27":"shipping-taxable","28":"purchasable","29":"product-type-simple"},"_links":{"self":[{"href":"https:\/\/rightstuff.eu\/it\/wp-json\/wp\/v2\/product\/28695","targetHints":{"allow":["GET"]}}],"collection":[{"href":"https:\/\/rightstuff.eu\/it\/wp-json\/wp\/v2\/product"}],"about":[{"href":"https:\/\/rightstuff.eu\/it\/wp-json\/wp\/v2\/types\/product"}],"replies":[{"embeddable":true,"href":"https:\/\/rightstuff.eu\/it\/wp-json\/wp\/v2\/comments?post=28695"}],"version-history":[{"count":0,"href":"https:\/\/rightstuff.eu\/it\/wp-json\/wp\/v2\/product\/28695\/revisions"}],"wp:featuredmedia":[{"embeddable":true,"href":"https:\/\/rightstuff.eu\/it\/wp-json\/wp\/v2\/media\/49318"}],"wp:attachment":[{"href":"https:\/\/rightstuff.eu\/it\/wp-json\/wp\/v2\/media?parent=28695"}],"wp:term":[{"taxonomy":"product_brand","embeddable":true,"href":"https:\/\/rightstuff.eu\/it\/wp-json\/wp\/v2\/product_brand?post=28695"},{"taxonomy":"product_cat","embeddable":true,"href":"https:\/\/rightstuff.eu\/it\/wp-json\/wp\/v2\/product_cat?post=28695"},{"taxonomy":"product_tag","embeddable":true,"href":"https:\/\/rightstuff.eu\/it\/wp-json\/wp\/v2\/product_tag?post=28695"}],"curies":[{"name":"wp","href":"https:\/\/api.w.org\/{rel}","templated":true}]}}