{"id":1144,"date":"2015-09-05T07:49:18","date_gmt":"2015-09-05T04:49:18","guid":{"rendered":"https:\/\/rightstuff.eu\/shop\/machines\/lucky-blk-shader\/"},"modified":"2023-11-21T20:23:56","modified_gmt":"2023-11-21T19:23:56","slug":"lucky-blk-shader","status":"publish","type":"product","link":"https:\/\/rightstuff.eu\/it\/prodotto\/lucky-blk-shader\/","title":{"rendered":"Macchina per tatuaggi LUCKY BLK Shader"},"content":{"rendered":"<p>Da quando <a href=\"https:\/\/rightstuff.eu\/blog\/getting-a-permanent-tattoo\/\">tatuaggi dell'antichit\u00e0<\/a> sono stati applicati con oggetti appuntiti, come frammenti di vasi, lische di pesce, bastoni appuntiti e denti di animali. La procedura era molto dolorosa e richiedeva resistenza e forza di volont\u00e0. Per questo motivo, i possessori di tatuaggi erano considerati audaci ed estremamente forti. La macchina speciale per creare immagini permanenti sulla pelle apparve nel 1891 in America. I primi maestri utilizzavano l'henn\u00e9, l'ocra, il carbone e persino la fuliggine: questi erano gli \"inchiostri\" dei primi saloni di tatuaggi americani. In seguito, lavorarono anche con la polvere da sparo!<\/p>\n<p>Le moderne attrezzature per tatuaggi utilizzano inchiostri speciali e pitture innocue. Ad esempio, lavorando con la LUCKY BLK Shader Tattoo Machine, un artista pu\u00f2 creare un'immagine della pelle di grandi dimensioni. Il cliente potrebbe tornare dal maestro pi\u00f9 volte, ma il risultato sar\u00e0 eccellente. Il tatuaggio avr\u00e0 un aspetto realistico! L'unit\u00e0, che funziona con 7-15 aghi, funziona a 105 Hz e 6,6 V quando \u00e8 scarica. Ha bobine da 26 mm con 10 avvolgimenti e pesa 200 g.<\/p>","protected":false},"excerpt":{"rendered":"<h1 class=\"product_title entry-title\">Macchina per tatuaggi Shader<\/h1>\n<p>Il telaio \u00e8 ricavato da un unico pezzo di acciaio.<br \/>\nBobine di alta qualit\u00e0 - 26 mm * 10 avvolgimenti<br \/>\nFerramenta in acciaio annerito<br \/>\nAghi preferiti 7-15m<br \/>\nCorsa lunga<br \/>\nFunziona a 105hz a 6,6 volt a vuoto<\/p>\n<p>Peso della macchina per tatuaggi 200gr.<\/p>","protected":false},"featured_media":49315,"comment_status":"open","ping_status":"closed","template":"","meta":{"site-sidebar-layout":"default","site-content-layout":"","ast-site-content-layout":"default","site-content-style":"default","site-sidebar-style":"default","ast-global-header-display":"","ast-banner-title-visibility":"","ast-main-header-display":"","ast-hfb-above-header-display":"","ast-hfb-below-header-display":"","ast-hfb-mobile-header-display":"","site-post-title":"","ast-breadcrumbs-content":"","ast-featured-img":"","footer-sml-layout":"","ast-disable-related-posts":"","theme-transparent-header-meta":"default","adv-header-id-meta":"","stick-header-meta":"default","header-above-stick-meta":"","header-main-stick-meta":"","header-below-stick-meta":"","astra-migrate-meta-layouts":"set","ast-page-background-enabled":"default","ast-page-background-meta":{"desktop":{"background-color":"var(--ast-global-color-4)","background-image":"","background-repeat":"repeat","background-position":"center center","background-size":"auto","background-attachment":"scroll","background-type":"","background-media":"","overlay-type":"","overlay-color":"","overlay-opacity":"","overlay-gradient":""},"tablet":{"background-color":"","background-image":"","background-repeat":"repeat","background-position":"center center","background-size":"auto","background-attachment":"scroll","background-type":"","background-media":"","overlay-type":"","overlay-color":"","overlay-opacity":"","overlay-gradient":""},"mobile":{"background-color":"","background-image":"","background-repeat":"repeat","background-position":"center center","background-size":"auto","background-attachment":"scroll","background-type":"","background-media":"","overlay-type":"","overlay-color":"","overlay-opacity":"","overlay-gradient":""}},"ast-content-background-meta":{"desktop":{"background-color":"var(--ast-global-color-5)","background-image":"","background-repeat":"repeat","background-position":"center center","background-size":"auto","background-attachment":"scroll","background-type":"","background-media":"","overlay-type":"","overlay-color":"","overlay-opacity":"","overlay-gradient":""},"tablet":{"background-color":"var(--ast-global-color-5)","background-image":"","background-repeat":"repeat","background-position":"center center","background-size":"auto","background-attachment":"scroll","background-type":"","background-media":"","overlay-type":"","overlay-color":"","overlay-opacity":"","overlay-gradient":""},"mobile":{"background-color":"var(--ast-global-color-5)","background-image":"","background-repeat":"repeat","background-position":"center center","background-size":"auto","background-attachment":"scroll","background-type":"","background-media":"","overlay-type":"","overlay-color":"","overlay-opacity":"","overlay-gradient":""}}},"product_brand":[],"product_cat":[8],"product_tag":[82,93,83,99,1802,87,89,91,95,72,96],"class_list":{"0":"post-1144","1":"product","2":"type-product","3":"status-publish","4":"has-post-thumbnail","6":"product_cat-lucky","7":"product_tag-coil-tattoo-machines","8":"product_tag-custom-tattoo-guns","9":"product_tag-custom-tattoo-machines","10":"product_tag-handmade-tattoo-machines","11":"product_tag-maquinas-de-tatuaje-de-bobina","12":"product_tag-professional-tattoo-machines","13":"product_tag-shader-tattoo-machines","14":"product_tag-tattoo-equipment","15":"product_tag-tattoo-guns","16":"product_tag-tattoo-machine-coils","17":"product_tag-tattoo-shading-guns","18":"pa_brand-rightstuff","19":"desktop-align-center","20":"tablet-align-left","21":"mobile-align-left","22":"ast-product-gallery-layout-horizontal-slider","23":"ast-product-tabs-layout-horizontal","25":"first","26":"outofstock","27":"sale","28":"taxable","29":"shipping-taxable","30":"purchasable","31":"product-type-simple"},"_links":{"self":[{"href":"https:\/\/rightstuff.eu\/it\/wp-json\/wp\/v2\/product\/1144","targetHints":{"allow":["GET"]}}],"collection":[{"href":"https:\/\/rightstuff.eu\/it\/wp-json\/wp\/v2\/product"}],"about":[{"href":"https:\/\/rightstuff.eu\/it\/wp-json\/wp\/v2\/types\/product"}],"replies":[{"embeddable":true,"href":"https:\/\/rightstuff.eu\/it\/wp-json\/wp\/v2\/comments?post=1144"}],"version-history":[{"count":0,"href":"https:\/\/rightstuff.eu\/it\/wp-json\/wp\/v2\/product\/1144\/revisions"}],"wp:featuredmedia":[{"embeddable":true,"href":"https:\/\/rightstuff.eu\/it\/wp-json\/wp\/v2\/media\/49315"}],"wp:attachment":[{"href":"https:\/\/rightstuff.eu\/it\/wp-json\/wp\/v2\/media?parent=1144"}],"wp:term":[{"taxonomy":"product_brand","embeddable":true,"href":"https:\/\/rightstuff.eu\/it\/wp-json\/wp\/v2\/product_brand?post=1144"},{"taxonomy":"product_cat","embeddable":true,"href":"https:\/\/rightstuff.eu\/it\/wp-json\/wp\/v2\/product_cat?post=1144"},{"taxonomy":"product_tag","embeddable":true,"href":"https:\/\/rightstuff.eu\/it\/wp-json\/wp\/v2\/product_tag?post=1144"}],"curies":[{"name":"wp","href":"https:\/\/api.w.org\/{rel}","templated":true}]}}