{"id":1124,"date":"2015-09-04T23:00:43","date_gmt":"2015-09-04T20:00:43","guid":{"rendered":"https:\/\/rightstuff.eu\/?post_type=product&#038;p=1124"},"modified":"2025-01-22T01:37:13","modified_gmt":"2025-01-22T00:37:13","slug":"dozzer-colorpacker","status":"publish","type":"product","link":"https:\/\/rightstuff.eu\/it\/prodotto\/dozzer-colorpacker\/","title":{"rendered":"Macchina per tatuaggi DOZZER ColorPacker"},"content":{"rendered":"<p>L'umanit\u00e0 ha inventato i tatuaggi secoli fa: i primi maestri di quest'arte antica ma unica utilizzavano solo vernici naturali e sfumature di colore limitate. Oggi quest'arte, che \u00e8 anche un grande business e un hobby per molti artisti, \u00e8 estremamente popolare. Grazie alle moderne e comode tecniche di <a href=\"https:\/\/rightstuff.eu\/product-tag\/tattoo-supplies\/\">attrezzature per l'utilizzo<\/a> e inchiostro speciale di tutte le tonalit\u00e0, il tatuaggio si \u00e8 trasformato nella pi\u00f9 attraente opera d'arte. Vedendo un ragazzo con il corpo ricoperto da fantastiche immagini permanenti, dovresti sapere che il maestro che ha creato questo capolavoro potrebbe utilizzare la macchina per tatuaggi DOZZER ColorPacker o un dispositivo simile.<\/p>\n<p>Lavorando con questo apparecchio, un artista pu\u00f2 facilmente ombreggiare un'immagine scegliendo i colori necessari. Se ti eserciti nell'esecuzione di tatuaggi colorati e utilizzi aghi da 7 M in su, apprezzerai questo dispositivo che pesa 210 grammi e ha bobine da 26 mm a dieci avvolgimenti.<\/p>","protected":false},"excerpt":{"rendered":"<p>Il telaio \u00e8 ricavato da un unico pezzo di bronzo.<br \/>\nBobine di alta qualit\u00e0 - 25 mm * 10 avvolgimenti<br \/>\nFerramenta in acciaio annerito<br \/>\nAghi preferiti da 7m in su<br \/>\nCorsa lunga<br \/>\nFunziona a 95 Hz a 4,0 volt - senza carico<\/p>\n<p>Peso della macchina per tatuaggi 210gr.<\/p>","protected":false},"featured_media":49303,"comment_status":"open","ping_status":"closed","template":"","meta":{"site-sidebar-layout":"","site-content-layout":"","ast-site-content-layout":"default","site-content-style":"default","site-sidebar-style":"default","ast-global-header-display":"","ast-banner-title-visibility":"","ast-main-header-display":"","ast-hfb-above-header-display":"","ast-hfb-below-header-display":"","ast-hfb-mobile-header-display":"","site-post-title":"","ast-breadcrumbs-content":"","ast-featured-img":"","footer-sml-layout":"","ast-disable-related-posts":"","theme-transparent-header-meta":"","adv-header-id-meta":"","stick-header-meta":"","header-above-stick-meta":"","header-main-stick-meta":"","header-below-stick-meta":"","astra-migrate-meta-layouts":"default","ast-page-background-enabled":"default","ast-page-background-meta":{"desktop":{"background-color":"var(--ast-global-color-4)","background-image":"","background-repeat":"repeat","background-position":"center center","background-size":"auto","background-attachment":"scroll","background-type":"","background-media":"","overlay-type":"","overlay-color":"","overlay-opacity":"","overlay-gradient":""},"tablet":{"background-color":"","background-image":"","background-repeat":"repeat","background-position":"center center","background-size":"auto","background-attachment":"scroll","background-type":"","background-media":"","overlay-type":"","overlay-color":"","overlay-opacity":"","overlay-gradient":""},"mobile":{"background-color":"","background-image":"","background-repeat":"repeat","background-position":"center center","background-size":"auto","background-attachment":"scroll","background-type":"","background-media":"","overlay-type":"","overlay-color":"","overlay-opacity":"","overlay-gradient":""}},"ast-content-background-meta":{"desktop":{"background-color":"var(--ast-global-color-5)","background-image":"","background-repeat":"repeat","background-position":"center center","background-size":"auto","background-attachment":"scroll","background-type":"","background-media":"","overlay-type":"","overlay-color":"","overlay-opacity":"","overlay-gradient":""},"tablet":{"background-color":"var(--ast-global-color-5)","background-image":"","background-repeat":"repeat","background-position":"center center","background-size":"auto","background-attachment":"scroll","background-type":"","background-media":"","overlay-type":"","overlay-color":"","overlay-opacity":"","overlay-gradient":""},"mobile":{"background-color":"var(--ast-global-color-5)","background-image":"","background-repeat":"repeat","background-position":"center center","background-size":"auto","background-attachment":"scroll","background-type":"","background-media":"","overlay-type":"","overlay-color":"","overlay-opacity":"","overlay-gradient":""}}},"product_brand":[],"product_cat":[32],"product_tag":[82,93,83,99,1801,87,91,95,72],"class_list":{"0":"post-1124","1":"product","2":"type-product","3":"status-publish","4":"has-post-thumbnail","6":"product_cat-dozzer","7":"product_tag-coil-tattoo-machines","8":"product_tag-custom-tattoo-guns","9":"product_tag-custom-tattoo-machines","10":"product_tag-handmade-tattoo-machines","11":"product_tag-machines-a-tatouer-les-bobines","12":"product_tag-professional-tattoo-machines","13":"product_tag-tattoo-equipment","14":"product_tag-tattoo-guns","15":"product_tag-tattoo-machine-coils","16":"pa_brand-rightstuff","17":"desktop-align-center","18":"tablet-align-left","19":"mobile-align-left","20":"ast-product-gallery-layout-horizontal-slider","21":"ast-product-tabs-layout-horizontal","23":"first","24":"instock","25":"sale","26":"taxable","27":"shipping-taxable","28":"purchasable","29":"product-type-simple"},"_links":{"self":[{"href":"https:\/\/rightstuff.eu\/it\/wp-json\/wp\/v2\/product\/1124","targetHints":{"allow":["GET"]}}],"collection":[{"href":"https:\/\/rightstuff.eu\/it\/wp-json\/wp\/v2\/product"}],"about":[{"href":"https:\/\/rightstuff.eu\/it\/wp-json\/wp\/v2\/types\/product"}],"replies":[{"embeddable":true,"href":"https:\/\/rightstuff.eu\/it\/wp-json\/wp\/v2\/comments?post=1124"}],"version-history":[{"count":0,"href":"https:\/\/rightstuff.eu\/it\/wp-json\/wp\/v2\/product\/1124\/revisions"}],"wp:featuredmedia":[{"embeddable":true,"href":"https:\/\/rightstuff.eu\/it\/wp-json\/wp\/v2\/media\/49303"}],"wp:attachment":[{"href":"https:\/\/rightstuff.eu\/it\/wp-json\/wp\/v2\/media?parent=1124"}],"wp:term":[{"taxonomy":"product_brand","embeddable":true,"href":"https:\/\/rightstuff.eu\/it\/wp-json\/wp\/v2\/product_brand?post=1124"},{"taxonomy":"product_cat","embeddable":true,"href":"https:\/\/rightstuff.eu\/it\/wp-json\/wp\/v2\/product_cat?post=1124"},{"taxonomy":"product_tag","embeddable":true,"href":"https:\/\/rightstuff.eu\/it\/wp-json\/wp\/v2\/product_tag?post=1124"}],"curies":[{"name":"wp","href":"https:\/\/api.w.org\/{rel}","templated":true}]}}