{"id":58785,"date":"2025-12-19T17:27:24","date_gmt":"2025-12-19T16:27:24","guid":{"rendered":"https:\/\/rightstuff.eu\/?post_type=product&#038;p=58785"},"modified":"2026-04-13T01:21:51","modified_gmt":"2026-04-12T23:21:51","slug":"wireless-tattoo-machine-revo-shot","status":"publish","type":"product","link":"https:\/\/rightstuff.eu\/fr\/produit\/wireless-tattoo-machine-revo-shot\/","title":{"rendered":"Machine \u00e0 tatouer sans fil REVO SHOT"},"content":{"rendered":"<div id=\"model-response-message-contentr_45e9a586cfd6033b\" class=\"markdown markdown-main-panel\" dir=\"ltr\">\n<p dir=\"auto\"><strong>REVO SHOT \u2013 Pr\u00e9cision sans fil ultra-compacte<\/strong><\/p>\n<p dir=\"auto\">Ce n'est pas simplement un autre stylo sans fil court. REVO SHOT est la machine \u00e0 tatouer la plus courte et la plus l\u00e9g\u00e8re du march\u00e9, \u00e9quip\u00e9e d'une batterie de 1600 mAh, offrant jusqu'\u00e0 <strong>5 heures<\/strong> de travail ininterrompu dans un bo\u00eetier ultra-compact.<\/p>\n<p dir=\"auto\">Ce qui rend REVO SHOT unique, c'est son syst\u00e8me de transmission en instance de brevet avec \u201c souplesse \u201d m\u00e9canique. Contrairement aux stylos \u00e0 entra\u00eenement direct standard, ce syst\u00e8me minimise les vibrations de l'aiguille, r\u00e9duit les traumatismes cutan\u00e9s et offre une sensation naturelle et r\u00e9active. Le r\u00e9sultat ? Des contours plus nets, des ombres plus lisses, des s\u00e9ances plus rapides et une meilleure cicatrisation des tatouages.<\/p>\n<p dir=\"auto\">\u2705 Principaux avantages<\/p>\n<ul dir=\"auto\">\n<li>Ultra-compact et l\u00e9ger \u2013 l'appareil le plus court de sa cat\u00e9gorie avec une batterie de 1600 mAh.<\/li>\n<li>Syst\u00e8me d'entra\u00eenement brevet\u00e9 (non direct) \u2013 \u201c souplesse \u201d m\u00e9canique pour une pr\u00e9cision et un contr\u00f4le sup\u00e9rieurs.<\/li>\n<li>Doux pour la peau \u2013 moins de traumatismes = gu\u00e9rison plus rapide pour les clients.<\/li>\n<li>Maniabilit\u00e9 am\u00e9lior\u00e9e \u2013 id\u00e9ale pour les travaux minutieux et les espaces restreints.<\/li>\n<li>Des contours parfaits \u2013 des aiguilles 1RL \u00e0 14RS, toujours stables et nets.<\/li>\n<\/ul>\n<p dir=\"auto\">\ud83d\udd27 Sp\u00e9cifications techniques<\/p>\n<ul dir=\"auto\">\n<li>Poign\u00e9e : 33 mm<\/li>\n<li>Longueur : 98,5 mm<\/li>\n<li>Diam\u00e8tre : 29,5 mm<\/li>\n<li>Batterie : 1600 mAh (jusqu'\u00e0 5 heures)<\/li>\n<li>Options de course : 3,2 \/ 3,5 \/ 3,8 \/ 4,2 \/ 4,7 mm<\/li>\n<li>Profondeur de l'aiguille : jusqu'\u00e0 4,5 mm<\/li>\n<li>Vitesse du moteur : 10 000 tr\/min<\/li>\n<li>Plage de tension : 3\u20137 V (plage recommand\u00e9e)<\/li>\n<li>Mat\u00e9riau du corps : aluminium<\/li>\n<li>Poids : 150 g (standard) ou 175 g (version lourde)<\/li>\n<li>Poign\u00e9e en option : poign\u00e9e en acier inoxydable (+65 g)<\/li>\n<li>Compatibilit\u00e9 des cartouches : toutes les cartouches standard<\/li>\n<\/ul>\n<p dir=\"auto\">\ud83d\udee0\ufe0f Pourquoi choisir REVO SHOT ? Parce qu'il n'est pas seulement sans fil, il offre \u00e9galement une grande pr\u00e9cision. Avec son design ultra-court, sa maniabilit\u00e9 agile et son syst\u00e8me de transmission unique, REVO SHOT offre un contr\u00f4le, un confort et une pr\u00e9cision in\u00e9gal\u00e9s pour les artistes soucieux du d\u00e9tail.<\/p>\n<\/div>","protected":false},"excerpt":{"rendered":"<p class=\"p1\"><b>Machine \u00e0 tatouer sans fil REVO SHOT<\/b><b><\/b><\/p>\n<p class=\"p3\">Machine \u00e0 tatouer sans fil ultra-compacte con\u00e7ue pour une maniabilit\u00e9 et une pr\u00e9cision maximales.<\/p>\n<p class=\"p3\">Le stylo de tatouage sans fil le plus court et le plus l\u00e9ger avec une <span class=\"s1\"><b>Batterie de 1600 mAh offrant jusqu'\u00e0 5 heures d'autonomie.<\/b><\/span><\/p>","protected":false},"featured_media":58769,"comment_status":"open","ping_status":"closed","template":"","meta":{"site-sidebar-layout":"default","site-content-layout":"default","ast-site-content-layout":"default","site-content-style":"default","site-sidebar-style":"default","ast-global-header-display":"","ast-banner-title-visibility":"","ast-main-header-display":"","ast-hfb-above-header-display":"","ast-hfb-below-header-display":"","ast-hfb-mobile-header-display":"","site-post-title":"","ast-breadcrumbs-content":"","ast-featured-img":"","footer-sml-layout":"","ast-disable-related-posts":"","theme-transparent-header-meta":"default","adv-header-id-meta":"","stick-header-meta":"default","header-above-stick-meta":"","header-main-stick-meta":"","header-below-stick-meta":"","astra-migrate-meta-layouts":"set","ast-page-background-enabled":"default","ast-page-background-meta":{"desktop":{"background-color":"var(--ast-global-color-4)","background-image":"","background-repeat":"repeat","background-position":"center center","background-size":"auto","background-attachment":"scroll","background-type":"","background-media":"","overlay-type":"","overlay-color":"","overlay-opacity":"","overlay-gradient":""},"tablet":{"background-color":"","background-image":"","background-repeat":"repeat","background-position":"center center","background-size":"auto","background-attachment":"scroll","background-type":"","background-media":"","overlay-type":"","overlay-color":"","overlay-opacity":"","overlay-gradient":""},"mobile":{"background-color":"","background-image":"","background-repeat":"repeat","background-position":"center center","background-size":"auto","background-attachment":"scroll","background-type":"","background-media":"","overlay-type":"","overlay-color":"","overlay-opacity":"","overlay-gradient":""}},"ast-content-background-meta":{"desktop":{"background-color":"var(--ast-global-color-5)","background-image":"","background-repeat":"repeat","background-position":"center center","background-size":"auto","background-attachment":"scroll","background-type":"","background-media":"","overlay-type":"","overlay-color":"","overlay-opacity":"","overlay-gradient":""},"tablet":{"background-color":"var(--ast-global-color-5)","background-image":"","background-repeat":"repeat","background-position":"center center","background-size":"auto","background-attachment":"scroll","background-type":"","background-media":"","overlay-type":"","overlay-color":"","overlay-opacity":"","overlay-gradient":""},"mobile":{"background-color":"var(--ast-global-color-5)","background-image":"","background-repeat":"repeat","background-position":"center center","background-size":"auto","background-attachment":"scroll","background-type":"","background-media":"","overlay-type":"","overlay-color":"","overlay-opacity":"","overlay-gradient":""}}},"product_brand":[],"product_cat":[1997,1803,2030],"product_tag":[101,93,100,99,53,1798,50,87,2024,98,48,97,1792,71,91,95,52,41,51],"class_list":{"0":"post-58785","1":"product","2":"type-product","3":"status-publish","4":"has-post-thumbnail","6":"product_cat-wireless-tattoo-machines","7":"product_cat-pen-tattoo-machines","8":"product_cat-revo-shot","9":"product_tag-custom-rotary-machines","10":"product_tag-custom-tattoo-guns","11":"product_tag-handmade-rotary-tattoo-machines","12":"product_tag-handmade-tattoo-machines","13":"product_tag-hornet-tattoo-machine","14":"product_tag-maquinas-rotativas-de-tatuaje","15":"product_tag-pen-tattoo-machine","16":"product_tag-professional-tattoo-machines","17":"product_tag-revoshot","18":"product_tag-rotary-tattoo-guns","19":"product_tag-rotary-tattoo-machine","20":"product_tag-rotary-tattoo-pen","21":"product_tag-rotary-tattoomaschinen","22":"product_tag-tattoo-cartridges","23":"product_tag-tattoo-equipment","24":"product_tag-tattoo-guns","25":"product_tag-tattoo-machine-pen","26":"product_tag-tattoo-machines","27":"product_tag-tattoo-pen","28":"desktop-align-center","29":"tablet-align-left","30":"mobile-align-left","31":"ast-product-gallery-layout-horizontal-slider","32":"ast-product-single-variable","33":"ast-product-tabs-layout-horizontal","35":"first","36":"instock","37":"taxable","38":"shipping-taxable","39":"purchasable","40":"product-type-variable","41":"has-default-attributes"},"_links":{"self":[{"href":"https:\/\/rightstuff.eu\/fr\/wp-json\/wp\/v2\/product\/58785","targetHints":{"allow":["GET"]}}],"collection":[{"href":"https:\/\/rightstuff.eu\/fr\/wp-json\/wp\/v2\/product"}],"about":[{"href":"https:\/\/rightstuff.eu\/fr\/wp-json\/wp\/v2\/types\/product"}],"replies":[{"embeddable":true,"href":"https:\/\/rightstuff.eu\/fr\/wp-json\/wp\/v2\/comments?post=58785"}],"version-history":[{"count":0,"href":"https:\/\/rightstuff.eu\/fr\/wp-json\/wp\/v2\/product\/58785\/revisions"}],"wp:featuredmedia":[{"embeddable":true,"href":"https:\/\/rightstuff.eu\/fr\/wp-json\/wp\/v2\/media\/58769"}],"wp:attachment":[{"href":"https:\/\/rightstuff.eu\/fr\/wp-json\/wp\/v2\/media?parent=58785"}],"wp:term":[{"taxonomy":"product_brand","embeddable":true,"href":"https:\/\/rightstuff.eu\/fr\/wp-json\/wp\/v2\/product_brand?post=58785"},{"taxonomy":"product_cat","embeddable":true,"href":"https:\/\/rightstuff.eu\/fr\/wp-json\/wp\/v2\/product_cat?post=58785"},{"taxonomy":"product_tag","embeddable":true,"href":"https:\/\/rightstuff.eu\/fr\/wp-json\/wp\/v2\/product_tag?post=58785"}],"curies":[{"name":"wp","href":"https:\/\/api.w.org\/{rel}","templated":true}]}}