{"id":58465,"date":"2025-10-15T14:16:35","date_gmt":"2025-10-15T12:16:35","guid":{"rendered":"https:\/\/rightstuff.eu\/?post_type=product&#038;p=58465"},"modified":"2026-04-13T01:26:40","modified_gmt":"2026-04-12T23:26:40","slug":"wireless-tattoo-machine-revo-white","status":"publish","type":"product","link":"https:\/\/rightstuff.eu\/fr\/produit\/wireless-tattoo-machine-revo-white\/","title":{"rendered":"Machine \u00e0 tatouer sans fil REVO White"},"content":{"rendered":"<div id=\"model-response-message-contentr_45e9a586cfd6033b\" class=\"markdown markdown-main-panel\" dir=\"ltr\">\n<h3 data-start=\"341\" data-end=\"386\"><strong data-start=\"345\" data-end=\"386\">REVO - La r\u00e9volution du tatouage sans fil<\/strong><\/h3>\n<p data-start=\"390\" data-end=\"583\"><strong data-start=\"390\" data-end=\"424\">Un stylo sans fil pas comme les autres.<\/strong> REVO White est la plus petite machine \u00e0 tatouer du march\u00e9, avec une capacit\u00e9 d'environ 1,5 million d'euros. <strong data-start=\"482\" data-end=\"502\">Batterie de 2600 mAh<\/strong>, d\u00e9livrant <strong data-start=\"515\" data-end=\"555\">jusqu'\u00e0 12 heures de travail ininterrompu<\/strong> dans un bo\u00eetier ultra-compact.<\/p>\n<p data-start=\"585\" data-end=\"915\">Ce qui rend REVO White unique, c'est son <strong data-start=\"615\" data-end=\"677\">syst\u00e8me de transmission en instance de brevet, avec une \"souplesse\" m\u00e9canique.<\/strong> Contrairement aux stylos \u00e0 entra\u00eenement direct standard, le syst\u00e8me REVO minimise les vibrations de l'aiguille, r\u00e9duit les traumatismes cutan\u00e9s et offre une sensation naturelle et r\u00e9active. Le r\u00e9sultat ? <strong data-start=\"829\" data-end=\"913\">Des contours plus nets, des ombres plus douces, des s\u00e9ances plus rapides et une meilleure cicatrisation des tatouages.<\/strong><\/p>\n<hr data-start=\"917\" data-end=\"920\" \/>\n<h3 data-start=\"922\" data-end=\"946\">\u2705 <strong data-start=\"928\" data-end=\"946\">Principaux avantages<\/strong><\/h3>\n<ul data-start=\"947\" data-end=\"1337\">\n<li data-start=\"947\" data-end=\"1032\">\n<p data-start=\"949\" data-end=\"1032\"><strong data-start=\"949\" data-end=\"973\">Compact et puissant<\/strong> - le plus petit appareil de sa cat\u00e9gorie avec une batterie de 2600 mAh.<\/p>\n<\/li>\n<li data-start=\"1033\" data-end=\"1128\">\n<p data-start=\"1035\" data-end=\"1128\"><strong data-start=\"1035\" data-end=\"1079\">Syst\u00e8me d'entra\u00eenement brevet\u00e9 (pas d'entra\u00eenement direct)<\/strong> - le \"don\" m\u00e9canique pour la pr\u00e9cision et le contr\u00f4le.<\/p>\n<\/li>\n<li data-start=\"1129\" data-end=\"1195\">\n<p data-start=\"1131\" data-end=\"1195\"><strong data-start=\"1131\" data-end=\"1149\">Doux pour la peau<\/strong> - moins de traumatismes = une gu\u00e9rison plus rapide pour les clients.<\/p>\n<\/li>\n<li data-start=\"1196\" data-end=\"1259\">\n<p data-start=\"1198\" data-end=\"1259\"><strong data-start=\"1198\" data-end=\"1214\">Travailler plus intelligemment<\/strong> - \u00e9conomiser jusqu'\u00e0 2 heures dans les sessions d'une journ\u00e9e.<\/p>\n<\/li>\n<li data-start=\"1260\" data-end=\"1337\">\n<p data-start=\"1262\" data-end=\"1337\"><strong data-start=\"1262\" data-end=\"1282\">Des contours parfaits<\/strong> - des aiguilles 1RL \u00e0 14RS, toujours stables et nettes.<\/p>\n<\/li>\n<\/ul>\n<hr data-start=\"1339\" data-end=\"1342\" \/>\n<h3 data-start=\"1344\" data-end=\"1379\">\ud83d\udd27 <strong data-start=\"1351\" data-end=\"1379\">Sp\u00e9cifications techniques<\/strong><\/h3>\n<ul data-start=\"1380\" data-end=\"1861\">\n<li data-start=\"1380\" data-end=\"1399\">\n<p data-start=\"1382\" data-end=\"1399\"><strong data-start=\"1382\" data-end=\"1391\">Poign\u00e9e :<\/strong> 33 mm<\/p>\n<\/li>\n<li data-start=\"1400\" data-end=\"1424\">\n<p data-start=\"1402\" data-end=\"1424\"><strong data-start=\"1402\" data-end=\"1413\">Longueur :<\/strong> 112,5 mm<\/p>\n<\/li>\n<li data-start=\"1425\" data-end=\"1450\">\n<p data-start=\"1427\" data-end=\"1450\"><strong data-start=\"1427\" data-end=\"1440\">Diam\u00e8tre :<\/strong> 29,5 mm<\/p>\n<\/li>\n<li data-start=\"1451\" data-end=\"1493\">\n<p data-start=\"1453\" data-end=\"1493\"><strong data-start=\"1453\" data-end=\"1465\">Batterie :<\/strong> 2600 mAh (jusqu'\u00e0 12 heures)<\/p>\n<\/li>\n<li data-start=\"1494\" data-end=\"1548\">\n<p data-start=\"1496\" data-end=\"1548\"><strong data-start=\"1496\" data-end=\"1515\">Options de traits:<\/strong> 3,2 \/ 3,5 \/ 3,8 \/ 4,2 \/ 4,7 mm<\/p>\n<\/li>\n<li data-start=\"1549\" data-end=\"1583\">\n<p data-start=\"1551\" data-end=\"1583\"><strong data-start=\"1551\" data-end=\"1568\">Profondeur de l'aiguille :<\/strong> jusqu'\u00e0 4,5 mm<\/p>\n<\/li>\n<li data-start=\"1584\" data-end=\"1615\">\n<p data-start=\"1586\" data-end=\"1615\"><strong data-start=\"1586\" data-end=\"1602\">Vitesse du moteur :<\/strong> 10 000 TR\/MIN<\/p>\n<\/li>\n<li data-start=\"1616\" data-end=\"1662\">\n<p data-start=\"1618\" data-end=\"1662\"><strong data-start=\"1618\" data-end=\"1636\">Plage de tension :<\/strong> 3-7 V (plage pr\u00e9f\u00e9r\u00e9e)<\/p>\n<\/li>\n<li data-start=\"1663\" data-end=\"1694\">\n<p data-start=\"1665\" data-end=\"1694\"><strong data-start=\"1665\" data-end=\"1683\">Mat\u00e9riau du corps :<\/strong> Aluminium<\/p>\n<\/li>\n<li data-start=\"1695\" data-end=\"1752\">\n<p data-start=\"1697\" data-end=\"1752\"><strong data-start=\"1697\" data-end=\"1708\">Poids :<\/strong> 170 g (standard) ou 195 g (version lourde)<\/p>\n<\/li>\n<li data-start=\"1753\" data-end=\"1804\">\n<p data-start=\"1755\" data-end=\"1804\"><strong data-start=\"1755\" data-end=\"1773\">Poign\u00e9e optionnelle :<\/strong> Poign\u00e9e en acier inoxydable (+65 g)<\/p>\n<\/li>\n<li data-start=\"1805\" data-end=\"1861\">\n<p data-start=\"1807\" data-end=\"1861\"><strong data-start=\"1807\" data-end=\"1835\">Compatibilit\u00e9 des cartouches :<\/strong> Toutes les cartouches standard<\/p>\n<\/li>\n<\/ul>\n<hr data-start=\"1863\" data-end=\"1866\" \/>\n<h3 data-start=\"1868\" data-end=\"1896\">\ud83d\udee0\ufe0f <strong data-start=\"1876\" data-end=\"1896\">Pourquoi choisir REVO ?<\/strong><\/h3>\n<p data-start=\"1897\" data-end=\"2128\">Parce que c'est <strong data-start=\"1910\" data-end=\"1953\">n'est pas seulement sans fil - elle est REVOlutionnaire.<\/strong><br data-start=\"1953\" data-end=\"1956\" \/>Gr\u00e2ce \u00e0 sa taille compacte, \u00e0 l'autonomie de sa batterie et \u00e0 son syst\u00e8me de transmission unique, le REVO White offre une grande souplesse d'utilisation. <strong data-start=\"2044\" data-end=\"2077\">pr\u00e9cision, confort et rapidit\u00e9<\/strong>qu'aucune autre machine \u00e0 tatouer sans fil ne peut \u00e9galer.<\/p>\n<hr data-start=\"2130\" data-end=\"2133\" \/>\n<p data-start=\"2135\" data-end=\"2205\">\ud83d\udc49 <strong data-start=\"2138\" data-end=\"2163\">Commandez votre REVO White d\u00e8s aujourd'hui<\/strong> et d\u00e9couvrez l'avenir du tatouage.<\/p>\n<\/div>","protected":false},"excerpt":{"rendered":"<p class=\"p1\">Le premier stylo sans fil avec <strong>donner m\u00e9caniquement<\/strong> - et le seul \u00e0 disposer de deux modes m\u00e9caniques.<\/p>\n<p class=\"p1\">Sensation de bobinage. Libert\u00e9 de rotation. Jusqu'\u00e0 12 heures sans fil.<\/p>\n<p><span style=\"text-decoration: underline;\">Poign\u00e9e en aluminium en rupture de stock<\/span>.<\/p>","protected":false},"featured_media":58512,"comment_status":"open","ping_status":"closed","template":"","meta":{"site-sidebar-layout":"default","site-content-layout":"default","ast-site-content-layout":"default","site-content-style":"default","site-sidebar-style":"default","ast-global-header-display":"","ast-banner-title-visibility":"","ast-main-header-display":"","ast-hfb-above-header-display":"","ast-hfb-below-header-display":"","ast-hfb-mobile-header-display":"","site-post-title":"","ast-breadcrumbs-content":"","ast-featured-img":"","footer-sml-layout":"","ast-disable-related-posts":"","theme-transparent-header-meta":"default","adv-header-id-meta":"","stick-header-meta":"default","header-above-stick-meta":"","header-main-stick-meta":"","header-below-stick-meta":"","astra-migrate-meta-layouts":"set","ast-page-background-enabled":"default","ast-page-background-meta":{"desktop":{"background-color":"var(--ast-global-color-4)","background-image":"","background-repeat":"repeat","background-position":"center center","background-size":"auto","background-attachment":"scroll","background-type":"","background-media":"","overlay-type":"","overlay-color":"","overlay-opacity":"","overlay-gradient":""},"tablet":{"background-color":"","background-image":"","background-repeat":"repeat","background-position":"center center","background-size":"auto","background-attachment":"scroll","background-type":"","background-media":"","overlay-type":"","overlay-color":"","overlay-opacity":"","overlay-gradient":""},"mobile":{"background-color":"","background-image":"","background-repeat":"repeat","background-position":"center center","background-size":"auto","background-attachment":"scroll","background-type":"","background-media":"","overlay-type":"","overlay-color":"","overlay-opacity":"","overlay-gradient":""}},"ast-content-background-meta":{"desktop":{"background-color":"var(--ast-global-color-5)","background-image":"","background-repeat":"repeat","background-position":"center center","background-size":"auto","background-attachment":"scroll","background-type":"","background-media":"","overlay-type":"","overlay-color":"","overlay-opacity":"","overlay-gradient":""},"tablet":{"background-color":"var(--ast-global-color-5)","background-image":"","background-repeat":"repeat","background-position":"center center","background-size":"auto","background-attachment":"scroll","background-type":"","background-media":"","overlay-type":"","overlay-color":"","overlay-opacity":"","overlay-gradient":""},"mobile":{"background-color":"var(--ast-global-color-5)","background-image":"","background-repeat":"repeat","background-position":"center center","background-size":"auto","background-attachment":"scroll","background-type":"","background-media":"","overlay-type":"","overlay-color":"","overlay-opacity":"","overlay-gradient":""}},"_glsr_average":0,"_glsr_ranking":0,"_glsr_reviews":0},"product_brand":[],"product_cat":[1997,1803,2029],"product_tag":[101,93,100,99,53,1798,50,87,2019,98,48,97,1792,71,91,95,52,41,51],"class_list":{"0":"post-58465","1":"product","2":"type-product","3":"status-publish","4":"has-post-thumbnail","6":"product_cat-wireless-tattoo-machines","7":"product_cat-pen-tattoo-machines","8":"product_cat-revo","9":"product_tag-custom-rotary-machines","10":"product_tag-custom-tattoo-guns","11":"product_tag-handmade-rotary-tattoo-machines","12":"product_tag-handmade-tattoo-machines","13":"product_tag-hornet-tattoo-machine","14":"product_tag-maquinas-rotativas-de-tatuaje","15":"product_tag-pen-tattoo-machine","16":"product_tag-professional-tattoo-machines","17":"product_tag-revoblk","18":"product_tag-rotary-tattoo-guns","19":"product_tag-rotary-tattoo-machine","20":"product_tag-rotary-tattoo-pen","21":"product_tag-rotary-tattoomaschinen","22":"product_tag-tattoo-cartridges","23":"product_tag-tattoo-equipment","24":"product_tag-tattoo-guns","25":"product_tag-tattoo-machine-pen","26":"product_tag-tattoo-machines","27":"product_tag-tattoo-pen","28":"desktop-align-center","29":"tablet-align-left","30":"mobile-align-left","31":"ast-product-gallery-layout-horizontal-slider","32":"ast-product-single-variable","33":"ast-product-tabs-layout-horizontal","35":"first","36":"instock","37":"taxable","38":"shipping-taxable","39":"purchasable","40":"product-type-variable","41":"has-default-attributes"},"_links":{"self":[{"href":"https:\/\/rightstuff.eu\/fr\/wp-json\/wp\/v2\/product\/58465","targetHints":{"allow":["GET"]}}],"collection":[{"href":"https:\/\/rightstuff.eu\/fr\/wp-json\/wp\/v2\/product"}],"about":[{"href":"https:\/\/rightstuff.eu\/fr\/wp-json\/wp\/v2\/types\/product"}],"replies":[{"embeddable":true,"href":"https:\/\/rightstuff.eu\/fr\/wp-json\/wp\/v2\/comments?post=58465"}],"version-history":[{"count":0,"href":"https:\/\/rightstuff.eu\/fr\/wp-json\/wp\/v2\/product\/58465\/revisions"}],"wp:featuredmedia":[{"embeddable":true,"href":"https:\/\/rightstuff.eu\/fr\/wp-json\/wp\/v2\/media\/58512"}],"wp:attachment":[{"href":"https:\/\/rightstuff.eu\/fr\/wp-json\/wp\/v2\/media?parent=58465"}],"wp:term":[{"taxonomy":"product_brand","embeddable":true,"href":"https:\/\/rightstuff.eu\/fr\/wp-json\/wp\/v2\/product_brand?post=58465"},{"taxonomy":"product_cat","embeddable":true,"href":"https:\/\/rightstuff.eu\/fr\/wp-json\/wp\/v2\/product_cat?post=58465"},{"taxonomy":"product_tag","embeddable":true,"href":"https:\/\/rightstuff.eu\/fr\/wp-json\/wp\/v2\/product_tag?post=58465"}],"curies":[{"name":"wp","href":"https:\/\/api.w.org\/{rel}","templated":true}]}}