{"id":58059,"date":"2025-07-29T19:54:52","date_gmt":"2025-07-29T17:54:52","guid":{"rendered":"https:\/\/rightstuff.eu\/?post_type=product&#038;p=58059"},"modified":"2026-01-11T00:43:52","modified_gmt":"2026-01-10T23:43:52","slug":"revo-stainless-steel-grip","status":"publish","type":"product","link":"https:\/\/rightstuff.eu\/fr\/produit\/revo-stainless-steel-grip\/","title":{"rendered":"Poign\u00e9e REVO en acier inoxydable"},"content":{"rendered":"<p>Le diam\u00e8tre de cette poign\u00e9e REVO ferme et confortable pour machine \u00e0 tatouer est de 33 mm. Par cons\u00e9quent, si vous \u00eates un tatoueur de grande taille avec une grande et forte poign\u00e9e, le produit sera parfait pour vous. Quoi qu'il en soit, malgr\u00e9 la taille de la poign\u00e9e en acier inoxydable de 33 mm, elle est vraiment agr\u00e9able \u00e0 tenir. Cela ressemble \u00e0 la sensation de dessiner avec un vrai crayon. Le REVO 33mm Stainless steel grip est d'une grande qualit\u00e9 et d'une grande durabilit\u00e9 pour les ann\u00e9es \u00e0 venir.<\/p>","protected":false},"excerpt":{"rendered":"<p>Machine \u00e0 tatouer sans fil REVO Poign\u00e9e en acier inoxydable 33 mm<\/p>\n<p>Poids : 105 grammes<\/p>","protected":false},"featured_media":58080,"comment_status":"open","ping_status":"closed","template":"","meta":{"site-sidebar-layout":"default","site-content-layout":"default","ast-site-content-layout":"default","site-content-style":"default","site-sidebar-style":"default","ast-global-header-display":"","ast-banner-title-visibility":"","ast-main-header-display":"","ast-hfb-above-header-display":"","ast-hfb-below-header-display":"","ast-hfb-mobile-header-display":"","site-post-title":"","ast-breadcrumbs-content":"","ast-featured-img":"","footer-sml-layout":"","ast-disable-related-posts":"","theme-transparent-header-meta":"default","adv-header-id-meta":"","stick-header-meta":"default","header-above-stick-meta":"","header-main-stick-meta":"","header-below-stick-meta":"","astra-migrate-meta-layouts":"set","ast-page-background-enabled":"default","ast-page-background-meta":{"desktop":{"background-color":"var(--ast-global-color-4)","background-image":"","background-repeat":"repeat","background-position":"center center","background-size":"auto","background-attachment":"scroll","background-type":"","background-media":"","overlay-type":"","overlay-color":"","overlay-opacity":"","overlay-gradient":""},"tablet":{"background-color":"","background-image":"","background-repeat":"repeat","background-position":"center center","background-size":"auto","background-attachment":"scroll","background-type":"","background-media":"","overlay-type":"","overlay-color":"","overlay-opacity":"","overlay-gradient":""},"mobile":{"background-color":"","background-image":"","background-repeat":"repeat","background-position":"center center","background-size":"auto","background-attachment":"scroll","background-type":"","background-media":"","overlay-type":"","overlay-color":"","overlay-opacity":"","overlay-gradient":""}},"ast-content-background-meta":{"desktop":{"background-color":"var(--ast-global-color-5)","background-image":"","background-repeat":"repeat","background-position":"center center","background-size":"auto","background-attachment":"scroll","background-type":"","background-media":"","overlay-type":"","overlay-color":"","overlay-opacity":"","overlay-gradient":""},"tablet":{"background-color":"var(--ast-global-color-5)","background-image":"","background-repeat":"repeat","background-position":"center center","background-size":"auto","background-attachment":"scroll","background-type":"","background-media":"","overlay-type":"","overlay-color":"","overlay-opacity":"","overlay-gradient":""},"mobile":{"background-color":"var(--ast-global-color-5)","background-image":"","background-repeat":"repeat","background-position":"center center","background-size":"auto","background-attachment":"scroll","background-type":"","background-media":"","overlay-type":"","overlay-color":"","overlay-opacity":"","overlay-gradient":""}}},"product_brand":[],"product_cat":[1803,1997],"product_tag":[101,100,98,48,97,1792,90,91,92,86],"class_list":{"0":"post-58059","1":"product","2":"type-product","3":"status-publish","4":"has-post-thumbnail","6":"product_cat-pen-tattoo-machines","7":"product_cat-wireless-tattoo-machines","8":"product_tag-custom-rotary-machines","9":"product_tag-handmade-rotary-tattoo-machines","10":"product_tag-rotary-tattoo-guns","11":"product_tag-rotary-tattoo-machine","12":"product_tag-rotary-tattoo-pen","13":"product_tag-rotary-tattoomaschinen","14":"product_tag-tattoo-accessories","15":"product_tag-tattoo-equipment","16":"product_tag-tattoo-machines-parts","17":"product_tag-tattoo-needle-supply","18":"pa_brand-rightstuff","19":"desktop-align-center","20":"tablet-align-left","21":"mobile-align-left","22":"ast-product-gallery-layout-horizontal-slider","23":"ast-product-tabs-layout-horizontal","25":"first","26":"instock","27":"taxable","28":"shipping-taxable","29":"purchasable","30":"product-type-simple"},"_links":{"self":[{"href":"https:\/\/rightstuff.eu\/fr\/wp-json\/wp\/v2\/product\/58059","targetHints":{"allow":["GET"]}}],"collection":[{"href":"https:\/\/rightstuff.eu\/fr\/wp-json\/wp\/v2\/product"}],"about":[{"href":"https:\/\/rightstuff.eu\/fr\/wp-json\/wp\/v2\/types\/product"}],"replies":[{"embeddable":true,"href":"https:\/\/rightstuff.eu\/fr\/wp-json\/wp\/v2\/comments?post=58059"}],"version-history":[{"count":0,"href":"https:\/\/rightstuff.eu\/fr\/wp-json\/wp\/v2\/product\/58059\/revisions"}],"wp:featuredmedia":[{"embeddable":true,"href":"https:\/\/rightstuff.eu\/fr\/wp-json\/wp\/v2\/media\/58080"}],"wp:attachment":[{"href":"https:\/\/rightstuff.eu\/fr\/wp-json\/wp\/v2\/media?parent=58059"}],"wp:term":[{"taxonomy":"product_brand","embeddable":true,"href":"https:\/\/rightstuff.eu\/fr\/wp-json\/wp\/v2\/product_brand?post=58059"},{"taxonomy":"product_cat","embeddable":true,"href":"https:\/\/rightstuff.eu\/fr\/wp-json\/wp\/v2\/product_cat?post=58059"},{"taxonomy":"product_tag","embeddable":true,"href":"https:\/\/rightstuff.eu\/fr\/wp-json\/wp\/v2\/product_tag?post=58059"}],"curies":[{"name":"wp","href":"https:\/\/api.w.org\/{rel}","templated":true}]}}