{"id":57677,"date":"2025-04-29T19:03:02","date_gmt":"2025-04-29T17:03:02","guid":{"rendered":"https:\/\/rightstuff.eu\/?post_type=product&#038;p=57677"},"modified":"2025-12-04T13:11:03","modified_gmt":"2025-12-04T12:11:03","slug":"tondaus-skin-marker-sterile","status":"publish","type":"product","link":"https:\/\/rightstuff.eu\/fr\/produit\/tondaus-skin-marker-sterile\/","title":{"rendered":"Marqueur cutan\u00e9 Tondaus st\u00e9rile"},"content":{"rendered":"<p><span class=\"\">Les marqueurs cutan\u00e9s chirurgicaux TONDAUS\u2122 sont con\u00e7us pour permettre au chirurgien de marquer facilement les zones s\u00e9lectionn\u00e9es avant ou pendant les interventions. Pour ce faire, ils utilisent une solution de gentiane violette, r\u00e9sistante au frottement, non toxique et tr\u00e8s visible. La r\u00e8gle incluse dans chaque emballage permet une mesure pr\u00e9cise (marqu\u00e9e en m\u00e8tres et en pouces). En m\u00eame temps, elle est flexible et s'adapte \u00e0 tous les contours du corps.<\/span><\/p>\n<h3>Caract\u00e9ristique :<\/h3>\n<ul>\n<li>pointe double face : 0,5 mm et 1,0 mm,<\/li>\n<li>produit \u00e0 s\u00e9chage rapide,<\/li>\n<li>r\u00e9sistant aux d\u00e9sinfectants,<\/li>\n<li>violet,<\/li>\n<li>r\u00e8gle incluse,<\/li>\n<li>\u00e9chelle suppl\u00e9mentaire imprim\u00e9e sur le marqueur,<\/li>\n<li>st\u00e9rile,<\/li>\n<li>emballage : papier-feuille.<\/li>\n<\/ul>\n<p>Le marqueur cutan\u00e9 chirurgical que nous proposons est un produit qui r\u00e9pondra aux exigences les plus \u00e9lev\u00e9es. Il facilitera grandement le marquage de la peau, par exemple lors d'une intervention chirurgicale. Il peut \u00eatre utilis\u00e9 en chirurgie plastique et g\u00e9n\u00e9rale, ainsi qu'en radiologie, en dermatologie ou dans les laboratoires de radiologie.<\/p>\n<p>Le produit est destin\u00e9 \u00e0 un usage professionnel uniquement.<\/p>","protected":false},"excerpt":{"rendered":"<ul>\n<li>pointe double face : 0,5 mm et 1,0 mm,<\/li>\n<li>produit \u00e0 s\u00e9chage rapide,<\/li>\n<li>r\u00e9sistant aux d\u00e9sinfectants,<\/li>\n<li>violet,<\/li>\n<li>r\u00e8gle incluse,<\/li>\n<li>\u00e9chelle suppl\u00e9mentaire imprim\u00e9e sur le marqueur,<\/li>\n<li>st\u00e9rile,<\/li>\n<li>emballage : papier-feuille.<\/li>\n<\/ul>","protected":false},"featured_media":57474,"comment_status":"open","ping_status":"closed","template":"","meta":{"site-sidebar-layout":"default","site-content-layout":"","ast-site-content-layout":"default","site-content-style":"default","site-sidebar-style":"default","ast-global-header-display":"","ast-banner-title-visibility":"","ast-main-header-display":"","ast-hfb-above-header-display":"","ast-hfb-below-header-display":"","ast-hfb-mobile-header-display":"","site-post-title":"","ast-breadcrumbs-content":"","ast-featured-img":"","footer-sml-layout":"","ast-disable-related-posts":"","theme-transparent-header-meta":"default","adv-header-id-meta":"","stick-header-meta":"default","header-above-stick-meta":"","header-main-stick-meta":"","header-below-stick-meta":"","astra-migrate-meta-layouts":"set","ast-page-background-enabled":"default","ast-page-background-meta":{"desktop":{"background-color":"var(--ast-global-color-4)","background-image":"","background-repeat":"repeat","background-position":"center center","background-size":"auto","background-attachment":"scroll","background-type":"","background-media":"","overlay-type":"","overlay-color":"","overlay-opacity":"","overlay-gradient":""},"tablet":{"background-color":"","background-image":"","background-repeat":"repeat","background-position":"center center","background-size":"auto","background-attachment":"scroll","background-type":"","background-media":"","overlay-type":"","overlay-color":"","overlay-opacity":"","overlay-gradient":""},"mobile":{"background-color":"","background-image":"","background-repeat":"repeat","background-position":"center center","background-size":"auto","background-attachment":"scroll","background-type":"","background-media":"","overlay-type":"","overlay-color":"","overlay-opacity":"","overlay-gradient":""}},"ast-content-background-meta":{"desktop":{"background-color":"var(--ast-global-color-5)","background-image":"","background-repeat":"repeat","background-position":"center center","background-size":"auto","background-attachment":"scroll","background-type":"","background-media":"","overlay-type":"","overlay-color":"","overlay-opacity":"","overlay-gradient":""},"tablet":{"background-color":"var(--ast-global-color-5)","background-image":"","background-repeat":"repeat","background-position":"center center","background-size":"auto","background-attachment":"scroll","background-type":"","background-media":"","overlay-type":"","overlay-color":"","overlay-opacity":"","overlay-gradient":""},"mobile":{"background-color":"var(--ast-global-color-5)","background-image":"","background-repeat":"repeat","background-position":"center center","background-size":"auto","background-attachment":"scroll","background-type":"","background-media":"","overlay-type":"","overlay-color":"","overlay-opacity":"","overlay-gradient":""}}},"product_brand":[],"product_cat":[1986,2003],"product_tag":[],"class_list":{"0":"post-57677","1":"product","2":"type-product","3":"status-publish","4":"has-post-thumbnail","6":"product_cat-transfer","7":"product_cat-studio-supplies","8":"desktop-align-center","9":"tablet-align-left","10":"mobile-align-left","11":"ast-product-gallery-layout-horizontal-slider","12":"ast-product-tabs-layout-horizontal","14":"first","15":"outofstock","16":"taxable","17":"shipping-taxable","18":"purchasable","19":"product-type-simple"},"_links":{"self":[{"href":"https:\/\/rightstuff.eu\/fr\/wp-json\/wp\/v2\/product\/57677","targetHints":{"allow":["GET"]}}],"collection":[{"href":"https:\/\/rightstuff.eu\/fr\/wp-json\/wp\/v2\/product"}],"about":[{"href":"https:\/\/rightstuff.eu\/fr\/wp-json\/wp\/v2\/types\/product"}],"replies":[{"embeddable":true,"href":"https:\/\/rightstuff.eu\/fr\/wp-json\/wp\/v2\/comments?post=57677"}],"version-history":[{"count":0,"href":"https:\/\/rightstuff.eu\/fr\/wp-json\/wp\/v2\/product\/57677\/revisions"}],"wp:featuredmedia":[{"embeddable":true,"href":"https:\/\/rightstuff.eu\/fr\/wp-json\/wp\/v2\/media\/57474"}],"wp:attachment":[{"href":"https:\/\/rightstuff.eu\/fr\/wp-json\/wp\/v2\/media?parent=57677"}],"wp:term":[{"taxonomy":"product_brand","embeddable":true,"href":"https:\/\/rightstuff.eu\/fr\/wp-json\/wp\/v2\/product_brand?post=57677"},{"taxonomy":"product_cat","embeddable":true,"href":"https:\/\/rightstuff.eu\/fr\/wp-json\/wp\/v2\/product_cat?post=57677"},{"taxonomy":"product_tag","embeddable":true,"href":"https:\/\/rightstuff.eu\/fr\/wp-json\/wp\/v2\/product_tag?post=57677"}],"curies":[{"name":"wp","href":"https:\/\/api.w.org\/{rel}","templated":true}]}}