{"id":57615,"date":"2025-04-27T22:21:28","date_gmt":"2025-04-27T20:21:28","guid":{"rendered":"https:\/\/rightstuff.eu\/?post_type=product&#038;p=57615"},"modified":"2025-04-28T12:29:28","modified_gmt":"2025-04-28T10:29:28","slug":"rotary-tattoo-machine-keg-variable-pearl-green","status":"publish","type":"product","link":"https:\/\/rightstuff.eu\/fr\/produit\/rotary-tattoo-machine-keg-variable-pearl-green\/","title":{"rendered":"Machine \u00e0 tatouer rotative -KEG Variable (Pearl Green)"},"content":{"rendered":"<p>Pour cr\u00e9er un tatouage, un ma\u00eetre utilise une machine rotative ou une machine \u00e0 induction. L'exemple le plus simple d'unit\u00e9 rotative est un appareil que l'on fabrique soi-m\u00eame pour peindre la peau, \u00e0 partir d'un stylo et d'un petit moteur. Right Stuff offre aux professionnels propri\u00e9taires de leurs salons de tatouage ou aux artistes, ayant certaines id\u00e9es sur une entreprise de tatouage rentable, cette perle verte. <a href=\"https:\/\/rightstuff.eu\/blog\/best-rotary-tattoo-machines\/\">machine \u00e0 tatouer rotative<\/a> - KEG Variable.<\/p>\n<p>C'est un appareil de travail des plus simples : cette machine est un appareil efficace pour dessiner le contour d'un tatouage. En l'utilisant, un ma\u00eetre pourra facilement obtenir une grande pr\u00e9cision dans le dessin des lignes de tatouage ! La machine rotative am\u00e9liore les caract\u00e9ristiques de qualit\u00e9 des images appliqu\u00e9es. Gr\u00e2ce \u00e0 la vitesse rapide du mouvement de l'aiguille, le niveau des sensations douloureuses diminue et le client se sent d\u00e9tendu. Ce mod\u00e8le ne vibre presque pas lorsqu'il fonctionne - l'artiste ne se sent pas fatigu\u00e9 lorsqu'il cr\u00e9e une peinture sur la peau.<\/p>\n<p>Ce mod\u00e8le en aluminium vert perle ne p\u00e8se que 140 grammes. La course de la machine varie de 1 \u00e0 5 millim\u00e8tres. L'appareil fonctionne \u00e0 une vitesse de 8000 tours\/minute et \u00e0 une tension de 6 \u00e0 13 V.<\/p>","protected":false},"excerpt":{"rendered":"<p>Machine \u00e0 tatouer rotative<\/p>\n<p>Entra\u00eenement direct<\/p>\n<p>Course variable de 1 mm \u00e0 5 mm<br \/>\n8000 RPM<br \/>\nTension pr\u00e9f\u00e9r\u00e9e 6-13 volts<\/p>\n<p>Aiguilles recommand\u00e9es : Jusqu'\u00e0 18 Liner, jusqu'\u00e0 39 Mag<\/p>\n<p>Cordon \u00e0 pince + connexion RCA<br \/>\nCorps en aluminium<br \/>\nPoids 140 gr.<\/p>","protected":false},"featured_media":57618,"comment_status":"open","ping_status":"closed","template":"","meta":{"site-sidebar-layout":"default","site-content-layout":"","ast-site-content-layout":"default","site-content-style":"default","site-sidebar-style":"default","ast-global-header-display":"","ast-banner-title-visibility":"","ast-main-header-display":"","ast-hfb-above-header-display":"","ast-hfb-below-header-display":"","ast-hfb-mobile-header-display":"","site-post-title":"","ast-breadcrumbs-content":"","ast-featured-img":"","footer-sml-layout":"","ast-disable-related-posts":"","theme-transparent-header-meta":"default","adv-header-id-meta":"","stick-header-meta":"default","header-above-stick-meta":"","header-main-stick-meta":"","header-below-stick-meta":"","astra-migrate-meta-layouts":"set","ast-page-background-enabled":"default","ast-page-background-meta":{"desktop":{"background-color":"var(--ast-global-color-4)","background-image":"","background-repeat":"repeat","background-position":"center center","background-size":"auto","background-attachment":"scroll","background-type":"","background-media":"","overlay-type":"","overlay-color":"","overlay-opacity":"","overlay-gradient":""},"tablet":{"background-color":"","background-image":"","background-repeat":"repeat","background-position":"center center","background-size":"auto","background-attachment":"scroll","background-type":"","background-media":"","overlay-type":"","overlay-color":"","overlay-opacity":"","overlay-gradient":""},"mobile":{"background-color":"","background-image":"","background-repeat":"repeat","background-position":"center center","background-size":"auto","background-attachment":"scroll","background-type":"","background-media":"","overlay-type":"","overlay-color":"","overlay-opacity":"","overlay-gradient":""}},"ast-content-background-meta":{"desktop":{"background-color":"var(--ast-global-color-5)","background-image":"","background-repeat":"repeat","background-position":"center center","background-size":"auto","background-attachment":"scroll","background-type":"","background-media":"","overlay-type":"","overlay-color":"","overlay-opacity":"","overlay-gradient":""},"tablet":{"background-color":"var(--ast-global-color-5)","background-image":"","background-repeat":"repeat","background-position":"center center","background-size":"auto","background-attachment":"scroll","background-type":"","background-media":"","overlay-type":"","overlay-color":"","overlay-opacity":"","overlay-gradient":""},"mobile":{"background-color":"var(--ast-global-color-5)","background-image":"","background-repeat":"repeat","background-position":"center center","background-size":"auto","background-attachment":"scroll","background-type":"","background-media":"","overlay-type":"","overlay-color":"","overlay-opacity":"","overlay-gradient":""}}},"product_brand":[],"product_cat":[1995],"product_tag":[101,93,83,74,100,99,87,98,48,97,1792,91,95,23,72],"class_list":{"0":"post-57615","1":"product","2":"type-product","3":"status-publish","4":"has-post-thumbnail","6":"product_cat-variable","7":"product_tag-custom-rotary-machines","8":"product_tag-custom-tattoo-guns","9":"product_tag-custom-tattoo-machines","10":"product_tag-direct-drive-tattoo-machine","11":"product_tag-handmade-rotary-tattoo-machines","12":"product_tag-handmade-tattoo-machines","13":"product_tag-professional-tattoo-machines","14":"product_tag-rotary-tattoo-guns","15":"product_tag-rotary-tattoo-machine","16":"product_tag-rotary-tattoo-pen","17":"product_tag-rotary-tattoomaschinen","18":"product_tag-tattoo-equipment","19":"product_tag-tattoo-guns","20":"product_tag-tattoo-machine","21":"product_tag-tattoo-machine-coils","22":"pa_brand-rightstuff","23":"desktop-align-center","24":"tablet-align-left","25":"mobile-align-left","26":"ast-product-gallery-layout-horizontal-slider","27":"ast-product-tabs-layout-horizontal","29":"first","30":"instock","31":"taxable","32":"shipping-taxable","33":"purchasable","34":"product-type-simple"},"_links":{"self":[{"href":"https:\/\/rightstuff.eu\/fr\/wp-json\/wp\/v2\/product\/57615","targetHints":{"allow":["GET"]}}],"collection":[{"href":"https:\/\/rightstuff.eu\/fr\/wp-json\/wp\/v2\/product"}],"about":[{"href":"https:\/\/rightstuff.eu\/fr\/wp-json\/wp\/v2\/types\/product"}],"replies":[{"embeddable":true,"href":"https:\/\/rightstuff.eu\/fr\/wp-json\/wp\/v2\/comments?post=57615"}],"version-history":[{"count":0,"href":"https:\/\/rightstuff.eu\/fr\/wp-json\/wp\/v2\/product\/57615\/revisions"}],"wp:featuredmedia":[{"embeddable":true,"href":"https:\/\/rightstuff.eu\/fr\/wp-json\/wp\/v2\/media\/57618"}],"wp:attachment":[{"href":"https:\/\/rightstuff.eu\/fr\/wp-json\/wp\/v2\/media?parent=57615"}],"wp:term":[{"taxonomy":"product_brand","embeddable":true,"href":"https:\/\/rightstuff.eu\/fr\/wp-json\/wp\/v2\/product_brand?post=57615"},{"taxonomy":"product_cat","embeddable":true,"href":"https:\/\/rightstuff.eu\/fr\/wp-json\/wp\/v2\/product_cat?post=57615"},{"taxonomy":"product_tag","embeddable":true,"href":"https:\/\/rightstuff.eu\/fr\/wp-json\/wp\/v2\/product_tag?post=57615"}],"curies":[{"name":"wp","href":"https:\/\/api.w.org\/{rel}","templated":true}]}}