{"id":57482,"date":"2025-04-25T14:05:18","date_gmt":"2025-04-25T12:05:18","guid":{"rendered":"https:\/\/rightstuff.eu\/?post_type=product&#038;p=57482"},"modified":"2025-04-25T14:05:47","modified_gmt":"2025-04-25T12:05:47","slug":"neba-tattoo-and-daily-skin-care-butter-200-ml","status":"publish","type":"product","link":"https:\/\/rightstuff.eu\/fr\/produit\/neba-tattoo-and-daily-skin-care-butter-200-ml\/","title":{"rendered":"Neba Tattoo and Daily Skin Care Butter 200 ml"},"content":{"rendered":"<p class=\"\" data-start=\"164\" data-end=\"295\">Le beurre de tatouage cr\u00e9meux, compos\u00e9 de 97% ingr\u00e9dients naturels, procure une sensation de lissage, d'hydratation et d'apaisement de la peau.<\/p>\n<p class=\"\" data-start=\"297\" data-end=\"323\">Parfum : <strong>Magnolia noir<\/strong>.<\/p>\n<p class=\"\" data-start=\"325\" data-end=\"439\">Le beurre p\u00e9n\u00e8tre tr\u00e8s bien, soigne les tatouages cicatris\u00e9s et est tr\u00e8s bien tol\u00e9r\u00e9, m\u00eame par les peaux exigeantes et sensibles.<\/p>\n<p class=\"\" data-start=\"441\" data-end=\"485\">Qu'est-ce qui donne \u00e0 ce beurre son incroyable pouvoir ?<\/p>\n<p class=\"\" data-start=\"487\" data-end=\"577\">C'est gr\u00e2ce \u00e0 des ingr\u00e9dients actifs uniques et soigneusement s\u00e9lectionn\u00e9s que votre peau en b\u00e9n\u00e9ficiera :<\/p>\n<ul>\n<li data-start=\"579\" data-end=\"706\">huile de tournesol<\/li>\n<li data-start=\"579\" data-end=\"706\">vitamine E<\/li>\n<li data-start=\"579\" data-end=\"706\">beurre de karit\u00e9<\/li>\n<li data-start=\"579\" data-end=\"706\">huile de tamanu<\/li>\n<li data-start=\"579\" data-end=\"706\">extrait de th\u00e9 vert<\/li>\n<li data-start=\"579\" data-end=\"706\">huile de riz<\/li>\n<li data-start=\"579\" data-end=\"706\">beurre de mangue<\/li>\n<li data-start=\"579\" data-end=\"706\">huile de coco<\/li>\n<li data-start=\"579\" data-end=\"706\">beurre de cacao<\/li>\n<\/ul>","protected":false},"excerpt":{"rendered":"<ul>\n<li>parfait pour les soins quotidiens de l'ensemble du corps et des tatouages cicatris\u00e9s<\/li>\n<li>procure une sensation d'hydratation intense de la peau<\/li>\n<\/ul>","protected":false},"featured_media":57473,"comment_status":"open","ping_status":"closed","template":"","meta":{"site-sidebar-layout":"default","site-content-layout":"","ast-site-content-layout":"default","site-content-style":"default","site-sidebar-style":"default","ast-global-header-display":"","ast-banner-title-visibility":"","ast-main-header-display":"","ast-hfb-above-header-display":"","ast-hfb-below-header-display":"","ast-hfb-mobile-header-display":"","site-post-title":"","ast-breadcrumbs-content":"","ast-featured-img":"","footer-sml-layout":"","ast-disable-related-posts":"","theme-transparent-header-meta":"default","adv-header-id-meta":"","stick-header-meta":"default","header-above-stick-meta":"","header-main-stick-meta":"","header-below-stick-meta":"","astra-migrate-meta-layouts":"set","ast-page-background-enabled":"default","ast-page-background-meta":{"desktop":{"background-color":"var(--ast-global-color-4)","background-image":"","background-repeat":"repeat","background-position":"center center","background-size":"auto","background-attachment":"scroll","background-type":"","background-media":"","overlay-type":"","overlay-color":"","overlay-opacity":"","overlay-gradient":""},"tablet":{"background-color":"","background-image":"","background-repeat":"repeat","background-position":"center center","background-size":"auto","background-attachment":"scroll","background-type":"","background-media":"","overlay-type":"","overlay-color":"","overlay-opacity":"","overlay-gradient":""},"mobile":{"background-color":"","background-image":"","background-repeat":"repeat","background-position":"center center","background-size":"auto","background-attachment":"scroll","background-type":"","background-media":"","overlay-type":"","overlay-color":"","overlay-opacity":"","overlay-gradient":""}},"ast-content-background-meta":{"desktop":{"background-color":"var(--ast-global-color-5)","background-image":"","background-repeat":"repeat","background-position":"center center","background-size":"auto","background-attachment":"scroll","background-type":"","background-media":"","overlay-type":"","overlay-color":"","overlay-opacity":"","overlay-gradient":""},"tablet":{"background-color":"var(--ast-global-color-5)","background-image":"","background-repeat":"repeat","background-position":"center center","background-size":"auto","background-attachment":"scroll","background-type":"","background-media":"","overlay-type":"","overlay-color":"","overlay-opacity":"","overlay-gradient":""},"mobile":{"background-color":"var(--ast-global-color-5)","background-image":"","background-repeat":"repeat","background-position":"center center","background-size":"auto","background-attachment":"scroll","background-type":"","background-media":"","overlay-type":"","overlay-color":"","overlay-opacity":"","overlay-gradient":""}}},"product_brand":[2005],"product_cat":[2004,2003],"product_tag":[],"class_list":{"0":"post-57482","1":"product","2":"type-product","3":"status-publish","4":"has-post-thumbnail","6":"product_brand-neba","7":"product_cat-aftercare","8":"product_cat-studio-supplies","9":"desktop-align-center","10":"tablet-align-left","11":"mobile-align-left","12":"ast-product-gallery-layout-horizontal-slider","13":"ast-product-gallery-with-no-image","14":"ast-product-tabs-layout-horizontal","16":"first","17":"outofstock","18":"taxable","19":"shipping-taxable","20":"purchasable","21":"product-type-simple"},"_links":{"self":[{"href":"https:\/\/rightstuff.eu\/fr\/wp-json\/wp\/v2\/product\/57482","targetHints":{"allow":["GET"]}}],"collection":[{"href":"https:\/\/rightstuff.eu\/fr\/wp-json\/wp\/v2\/product"}],"about":[{"href":"https:\/\/rightstuff.eu\/fr\/wp-json\/wp\/v2\/types\/product"}],"replies":[{"embeddable":true,"href":"https:\/\/rightstuff.eu\/fr\/wp-json\/wp\/v2\/comments?post=57482"}],"version-history":[{"count":0,"href":"https:\/\/rightstuff.eu\/fr\/wp-json\/wp\/v2\/product\/57482\/revisions"}],"wp:featuredmedia":[{"embeddable":true,"href":"https:\/\/rightstuff.eu\/fr\/wp-json\/wp\/v2\/media\/57473"}],"wp:attachment":[{"href":"https:\/\/rightstuff.eu\/fr\/wp-json\/wp\/v2\/media?parent=57482"}],"wp:term":[{"taxonomy":"product_brand","embeddable":true,"href":"https:\/\/rightstuff.eu\/fr\/wp-json\/wp\/v2\/product_brand?post=57482"},{"taxonomy":"product_cat","embeddable":true,"href":"https:\/\/rightstuff.eu\/fr\/wp-json\/wp\/v2\/product_cat?post=57482"},{"taxonomy":"product_tag","embeddable":true,"href":"https:\/\/rightstuff.eu\/fr\/wp-json\/wp\/v2\/product_tag?post=57482"}],"curies":[{"name":"wp","href":"https:\/\/api.w.org\/{rel}","templated":true}]}}