{"id":57218,"date":"2025-02-13T19:44:41","date_gmt":"2025-02-13T18:44:41","guid":{"rendered":"https:\/\/rightstuff.eu\/?post_type=product&#038;p=57218"},"modified":"2026-04-13T01:26:29","modified_gmt":"2026-04-12T23:26:29","slug":"wireless-tattoo-machine-revo","status":"publish","type":"product","link":"https:\/\/rightstuff.eu\/fr\/produit\/wireless-tattoo-machine-revo\/","title":{"rendered":"Machine \u00e0 tatouer sans fil REVO"},"content":{"rendered":"<div id=\"model-response-message-contentr_45e9a586cfd6033b\" class=\"markdown markdown-main-panel\" dir=\"ltr\">\n<div id=\"model-response-message-contentr_45e9a586cfd6033b\" class=\"markdown markdown-main-panel\" dir=\"ltr\">\n<h1>Machine \u00e0 tatouer sans fil REVO<\/h1>\n<div><\/div>\n<h2>Propuls\u00e9 par<\/h2>\n<h2>K-PULSE\u2122<\/h2>\n<div><\/div>\n<h3>Contr\u00f4ler l'impulsion.<\/h3>\n<div><\/div>\n<h3>Contr\u00f4ler le r\u00e9sultat.<\/h3>\n<hr \/>\n<h2>Et si les machines \u00e0 tatouer ne d\u00e9pendaient plus de la force ?<\/h2>\n<div><\/div>\n<div>La plupart des machines \u00e0 tatouer sont construites autour d'une id\u00e9e :<\/div>\n<div>frapper plus fort, pousser davantage, compenser par la puissance.<\/div>\n<div><\/div>\n<div>REVO est diff\u00e9rent.<\/div>\n<div><\/div>\n<div>Il s'articule autour de K-PULSE\u2122 -<\/div>\n<div>Une technologie d'entra\u00eenement exclusive con\u00e7ue pour contr\u00f4ler la fourniture d'\u00e9nergie et l'acc\u00e9l\u00e9ration pendant la course de l'aiguille.<\/div>\n<div><\/div>\n<div>Pas plus de puissance.<\/div>\n<div>Une meilleure utilisation.<\/div>\n<hr \/>\n<h2>Pr\u00e9sentation de la technologie d'entra\u00eenement K-PULSE\u2122<\/h2>\n<div><\/div>\n<div>K-PULSE\u2122 est un concept d'entra\u00eenement bas\u00e9 sur l'acc\u00e9l\u00e9ration et ax\u00e9 sur le comportement du mouvement sous charge, et non sur la force brute.<\/div>\n<div><\/div>\n<div>Au lieu de forcer l'aiguille \u00e0 traverser la peau,<\/div>\n<div>K-PULSE\u2122 optimise le comportement de la course au moment pr\u00e9cis o\u00f9 la p\u00e9n\u00e9tration compte le plus.<\/div>\n<div><\/div>\n<div>Ce que ressentent les artistes :<\/div>\n<ul>\n<li>entr\u00e9e plus ais\u00e9e<\/li>\n<li>moins de r\u00e9sistance de la part de la peau<\/li>\n<li>n\u00e9cessit\u00e9 r\u00e9duite de pousser<\/li>\n<li>des r\u00e9sultats plus propres d\u00e8s le premier passage<\/li>\n<\/ul>\n<div><\/div>\n<div>Il ne s'agit pas d'un logiciel.<\/div>\n<div>Il s'agit d'un comportement m\u00e9canique, adapt\u00e9 \u00e0 la peau.<\/div>\n<hr \/>\n<h2>Pourquoi l'acc\u00e9l\u00e9ration est-elle plus importante que la force ?<\/h2>\n<div><\/div>\n<div>La peau ne r\u00e9agit pas \u00e0 la puissance -<\/div>\n<div>il r\u00e9agit \u00e0 la rapidit\u00e9 et \u00e0 la propret\u00e9 de l'entr\u00e9e de l'aiguille.<\/div>\n<div><\/div>\n<div>K-PULSE\u2122 redistribue l'\u00e9nergie pendant la course, ce qui permet \u00e0 l'aiguille de se d\u00e9placer avec une acc\u00e9l\u00e9ration effective plus \u00e9lev\u00e9e lors de la p\u00e9n\u00e9tration, sans augmenter la tension ou la pression de la main.<\/div>\n<div><\/div>\n<div>Le r\u00e9sultat :<\/div>\n<ul>\n<li>p\u00e9n\u00e9tration plus propre<\/li>\n<li>un placement plus coh\u00e9rent des pigments<\/li>\n<li>moins de surmenage<\/li>\n<li>une cicatrisation plus douce<\/li>\n<\/ul>\n<div><\/div>\n<div>Vous sentez imm\u00e9diatement la diff\u00e9rence.<\/div>\n<hr \/>\n<h2>Stabilit\u00e9 sans ressorts<\/h2>\n<div><\/div>\n<div>K-PULSE\u2122 est construit autour d'un mouvement stabilis\u00e9 m\u00e9caniquement, et non d'une tension de ressort.<\/div>\n<div><\/div>\n<div>Cela signifie que :<\/div>\n<ul>\n<li>r\u00e9duction des vibrations<\/li>\n<li>fonctionnement plus silencieux<\/li>\n<li>une performance constante pour tous les types de peau<\/li>\n<li>comportement fiable \u00e0 basse tension<\/li>\n<\/ul>\n<div><\/div>\n<div>La machine reste pr\u00e9visible -<\/div>\n<div>m\u00eame lorsque les conditions changent.<\/div>\n<hr \/>\n<h2>Con\u00e7u autour de la main de l'artiste<\/h2>\n<div><\/div>\n<div>Avec REVO powered by K-PULSE\u2122 :<\/div>\n<ul>\n<li>VOUS guidez la machine au lieu de la combattre<\/li>\n<li>la pression devient minimale<\/li>\n<li>le mouvement devient plus calme<\/li>\n<li>les longues sessions sont plus faciles<\/li>\n<\/ul>\n<div><\/div>\n<div>La machine s'adapte \u00e0 votre technique -<\/div>\n<div>et non l'inverse.<\/div>\n<hr \/>\n<h2>Pour les artistes exp\u00e9riment\u00e9s<\/h2>\n<div><\/div>\n<div>K-PULSE\u2122 vous offre la r\u00e9p\u00e9tabilit\u00e9.<\/div>\n<div><\/div>\n<div>Tous les laissez-passer se comportent de la m\u00eame mani\u00e8re.<\/div>\n<div>Chaque ligne me semble famili\u00e8re.<\/div>\n<div>Pas de surprise \u00e0 mi-parcours.<\/div>\n<div><\/div>\n<div>REVO devient une extension de votre main,<\/div>\n<div>n'est pas une variable que vous devez g\u00e9rer.<\/div>\n<hr \/>\n<h2>Pour les artistes d\u00e9butants<\/h2>\n<div><\/div>\n<div>Une bonne machine ne doit pas cacher les erreurs -<\/div>\n<div>mais il ne devrait pas non plus en cr\u00e9er d'autres.<\/div>\n<div><\/div>\n<div>K-PULSE\u2122 vous aide \u00e0 comprendre :<\/div>\n<ul>\n<li>profondeur<\/li>\n<li>pression<\/li>\n<li>vitesse<\/li>\n<li>r\u00e9ponse de l'aiguille<\/li>\n<\/ul>\n<div><\/div>\n<div>Apprentissage plus rapide.<\/div>\n<div>Travail de nettoyage.<\/div>\n<div>Plus de confiance.<\/div>\n<hr \/>\n<h2>Pas une tendance. Pas un changement de marque.<\/h2>\n<div><\/div>\n<div>La machine \u00e0 tatouer sans fil REVO powered by K-PULSE\u2122 n'est pas une version actualis\u00e9e d'une vieille id\u00e9e.<\/div>\n<div><\/div>\n<div>Il s'agit d'une approche diff\u00e9rente de la mani\u00e8re dont une machine \u00e0 tatouer devrait se comporter.<\/div>\n<div>est con\u00e7u autour du mouvement, de la stabilit\u00e9 et de l'interaction avec la peau.<\/div>\n<div><\/div>\n<div>Pas de battage m\u00e9diatique.<\/div>\n<div>Pas d'artifices.<\/div>\n<div>Il s'agit d'une ing\u00e9nierie que l'on peut ressentir.<\/div>\n<hr \/>\n<h2>REVO<\/h2>\n<div><\/div>\n<h3>Propuls\u00e9 par<\/h3>\n<h3>K-PULSE\u2122<\/h3>\n<div><\/div>\n<div>Une machine \u00e0 tatouer pour les artistes<\/div>\n<div>qui choisissent le contr\u00f4le plut\u00f4t que la force<\/div>\n<div>et les r\u00e9sultats plut\u00f4t que les promesses.<\/div>\n<\/div>\n<\/div>","protected":false},"excerpt":{"rendered":"<p class=\"p1\">Le premier stylo sans fil avec <strong>donner m\u00e9caniquement<\/strong> - et le seul \u00e0 disposer de deux modes m\u00e9caniques.<\/p>\n<p class=\"p1\">Sensation de bobinage. Libert\u00e9 de rotation. Jusqu'\u00e0 12 heures sans fil.<\/p>","protected":false},"featured_media":58425,"comment_status":"open","ping_status":"closed","template":"","meta":{"site-sidebar-layout":"default","site-content-layout":"default","ast-site-content-layout":"default","site-content-style":"default","site-sidebar-style":"default","ast-global-header-display":"","ast-banner-title-visibility":"","ast-main-header-display":"","ast-hfb-above-header-display":"","ast-hfb-below-header-display":"","ast-hfb-mobile-header-display":"","site-post-title":"","ast-breadcrumbs-content":"","ast-featured-img":"","footer-sml-layout":"","ast-disable-related-posts":"","theme-transparent-header-meta":"default","adv-header-id-meta":"","stick-header-meta":"default","header-above-stick-meta":"","header-main-stick-meta":"","header-below-stick-meta":"","astra-migrate-meta-layouts":"set","ast-page-background-enabled":"default","ast-page-background-meta":{"desktop":{"background-color":"var(--ast-global-color-4)","background-image":"","background-repeat":"repeat","background-position":"center center","background-size":"auto","background-attachment":"scroll","background-type":"","background-media":"","overlay-type":"","overlay-color":"","overlay-opacity":"","overlay-gradient":""},"tablet":{"background-color":"","background-image":"","background-repeat":"repeat","background-position":"center center","background-size":"auto","background-attachment":"scroll","background-type":"","background-media":"","overlay-type":"","overlay-color":"","overlay-opacity":"","overlay-gradient":""},"mobile":{"background-color":"","background-image":"","background-repeat":"repeat","background-position":"center center","background-size":"auto","background-attachment":"scroll","background-type":"","background-media":"","overlay-type":"","overlay-color":"","overlay-opacity":"","overlay-gradient":""}},"ast-content-background-meta":{"desktop":{"background-color":"var(--ast-global-color-5)","background-image":"","background-repeat":"repeat","background-position":"center center","background-size":"auto","background-attachment":"scroll","background-type":"","background-media":"","overlay-type":"","overlay-color":"","overlay-opacity":"","overlay-gradient":""},"tablet":{"background-color":"var(--ast-global-color-5)","background-image":"","background-repeat":"repeat","background-position":"center center","background-size":"auto","background-attachment":"scroll","background-type":"","background-media":"","overlay-type":"","overlay-color":"","overlay-opacity":"","overlay-gradient":""},"mobile":{"background-color":"var(--ast-global-color-5)","background-image":"","background-repeat":"repeat","background-position":"center center","background-size":"auto","background-attachment":"scroll","background-type":"","background-media":"","overlay-type":"","overlay-color":"","overlay-opacity":"","overlay-gradient":""}}},"product_brand":[],"product_cat":[1997,1803,2029],"product_tag":[101,93,100,99,53,1798,50,87,2019,98,48,97,1792,71,91,95,52,41,51],"class_list":{"0":"post-57218","1":"product","2":"type-product","3":"status-publish","4":"has-post-thumbnail","6":"product_cat-wireless-tattoo-machines","7":"product_cat-pen-tattoo-machines","8":"product_cat-revo","9":"product_tag-custom-rotary-machines","10":"product_tag-custom-tattoo-guns","11":"product_tag-handmade-rotary-tattoo-machines","12":"product_tag-handmade-tattoo-machines","13":"product_tag-hornet-tattoo-machine","14":"product_tag-maquinas-rotativas-de-tatuaje","15":"product_tag-pen-tattoo-machine","16":"product_tag-professional-tattoo-machines","17":"product_tag-revoblk","18":"product_tag-rotary-tattoo-guns","19":"product_tag-rotary-tattoo-machine","20":"product_tag-rotary-tattoo-pen","21":"product_tag-rotary-tattoomaschinen","22":"product_tag-tattoo-cartridges","23":"product_tag-tattoo-equipment","24":"product_tag-tattoo-guns","25":"product_tag-tattoo-machine-pen","26":"product_tag-tattoo-machines","27":"product_tag-tattoo-pen","28":"desktop-align-center","29":"tablet-align-left","30":"mobile-align-left","31":"ast-product-gallery-layout-horizontal-slider","32":"ast-product-single-variable","33":"ast-product-tabs-layout-horizontal","35":"first","36":"instock","37":"taxable","38":"shipping-taxable","39":"purchasable","40":"product-type-variable","41":"has-default-attributes"},"_links":{"self":[{"href":"https:\/\/rightstuff.eu\/fr\/wp-json\/wp\/v2\/product\/57218","targetHints":{"allow":["GET"]}}],"collection":[{"href":"https:\/\/rightstuff.eu\/fr\/wp-json\/wp\/v2\/product"}],"about":[{"href":"https:\/\/rightstuff.eu\/fr\/wp-json\/wp\/v2\/types\/product"}],"replies":[{"embeddable":true,"href":"https:\/\/rightstuff.eu\/fr\/wp-json\/wp\/v2\/comments?post=57218"}],"version-history":[{"count":0,"href":"https:\/\/rightstuff.eu\/fr\/wp-json\/wp\/v2\/product\/57218\/revisions"}],"wp:featuredmedia":[{"embeddable":true,"href":"https:\/\/rightstuff.eu\/fr\/wp-json\/wp\/v2\/media\/58425"}],"wp:attachment":[{"href":"https:\/\/rightstuff.eu\/fr\/wp-json\/wp\/v2\/media?parent=57218"}],"wp:term":[{"taxonomy":"product_brand","embeddable":true,"href":"https:\/\/rightstuff.eu\/fr\/wp-json\/wp\/v2\/product_brand?post=57218"},{"taxonomy":"product_cat","embeddable":true,"href":"https:\/\/rightstuff.eu\/fr\/wp-json\/wp\/v2\/product_cat?post=57218"},{"taxonomy":"product_tag","embeddable":true,"href":"https:\/\/rightstuff.eu\/fr\/wp-json\/wp\/v2\/product_tag?post=57218"}],"curies":[{"name":"wp","href":"https:\/\/api.w.org\/{rel}","templated":true}]}}