{"id":56748,"date":"2024-12-21T19:47:24","date_gmt":"2024-12-21T18:47:24","guid":{"rendered":"https:\/\/rightstuff.eu\/?post_type=product&#038;p=56748"},"modified":"2026-01-27T17:59:43","modified_gmt":"2026-01-27T16:59:43","slug":"rotary-tattoo-machine-keg-slide-cherry","status":"publish","type":"product","link":"https:\/\/rightstuff.eu\/fr\/produit\/rotary-tattoo-machine-keg-slide-cherry\/","title":{"rendered":"Machine \u00e0 tatouer rotative - KEG Slide (Cherry)"},"content":{"rendered":"","protected":false},"excerpt":{"rendered":"<h4>Machine \u00e0 tatouer rotative \u00e0 glissi\u00e8re<\/h4>\n<p>4.2 mm stroke<br \/>\n8000 RPM<br \/>\nTension pr\u00e9f\u00e9r\u00e9e 6-13 volts<\/p>\n<p>Recommand\u00e9 <a href=\"https:\/\/rightstuff.eu\/needles\/m1\/9m1\/\">Aiguilles<\/a>: Jusqu'\u00e0 9 Liner, jusqu'\u00e0 23 Mag<br \/>\nCorps en aluminium<br \/>\nPoids 120 gr.<br \/>\nCordon \u00e0 pince et RCA<\/p>\n<p>&nbsp;<\/p>\n<p>La machine \u00e0 tatouer rotative KEG Slide est l'outil id\u00e9al pour les tatoueurs exp\u00e9riment\u00e9s et d\u00e9butants. Gr\u00e2ce \u00e0 sa vitesse de rotation \u00e9lev\u00e9e et \u00e0 sa tension r\u00e9glable, elle permet d'obtenir des lignes et des courbes douces et pr\u00e9cises, ce qui permet de cr\u00e9er n'importe quel style de tatouage. En outre, sa conception l\u00e9g\u00e8re et compacte la rend facile \u00e0 manipuler et \u00e0 transporter, ce qui est parfait pour les artistes en d\u00e9placement.<\/p>\n<p>&nbsp;<\/p>\n<p>&nbsp;<\/p>","protected":false},"featured_media":56897,"comment_status":"open","ping_status":"closed","template":"","meta":{"site-sidebar-layout":"default","site-content-layout":"default","ast-site-content-layout":"default","site-content-style":"default","site-sidebar-style":"default","ast-global-header-display":"","ast-banner-title-visibility":"","ast-main-header-display":"","ast-hfb-above-header-display":"","ast-hfb-below-header-display":"","ast-hfb-mobile-header-display":"","site-post-title":"","ast-breadcrumbs-content":"","ast-featured-img":"","footer-sml-layout":"","ast-disable-related-posts":"","theme-transparent-header-meta":"default","adv-header-id-meta":"","stick-header-meta":"default","header-above-stick-meta":"","header-main-stick-meta":"","header-below-stick-meta":"","astra-migrate-meta-layouts":"set","ast-page-background-enabled":"default","ast-page-background-meta":{"desktop":{"background-color":"var(--ast-global-color-4)","background-image":"","background-repeat":"repeat","background-position":"center center","background-size":"auto","background-attachment":"scroll","background-type":"","background-media":"","overlay-type":"","overlay-color":"","overlay-opacity":"","overlay-gradient":""},"tablet":{"background-color":"","background-image":"","background-repeat":"repeat","background-position":"center center","background-size":"auto","background-attachment":"scroll","background-type":"","background-media":"","overlay-type":"","overlay-color":"","overlay-opacity":"","overlay-gradient":""},"mobile":{"background-color":"","background-image":"","background-repeat":"repeat","background-position":"center center","background-size":"auto","background-attachment":"scroll","background-type":"","background-media":"","overlay-type":"","overlay-color":"","overlay-opacity":"","overlay-gradient":""}},"ast-content-background-meta":{"desktop":{"background-color":"var(--ast-global-color-5)","background-image":"","background-repeat":"repeat","background-position":"center center","background-size":"auto","background-attachment":"scroll","background-type":"","background-media":"","overlay-type":"","overlay-color":"","overlay-opacity":"","overlay-gradient":""},"tablet":{"background-color":"var(--ast-global-color-5)","background-image":"","background-repeat":"repeat","background-position":"center center","background-size":"auto","background-attachment":"scroll","background-type":"","background-media":"","overlay-type":"","overlay-color":"","overlay-opacity":"","overlay-gradient":""},"mobile":{"background-color":"var(--ast-global-color-5)","background-image":"","background-repeat":"repeat","background-position":"center center","background-size":"auto","background-attachment":"scroll","background-type":"","background-media":"","overlay-type":"","overlay-color":"","overlay-opacity":"","overlay-gradient":""}}},"product_brand":[],"product_cat":[1996],"product_tag":[101,93,83,74,100,99,87,98,48,1806,97,1792,91,95,23,72],"class_list":{"0":"post-56748","1":"product","2":"type-product","3":"status-publish","4":"has-post-thumbnail","6":"product_cat-slide","7":"product_tag-custom-rotary-machines","8":"product_tag-custom-tattoo-guns","9":"product_tag-custom-tattoo-machines","10":"product_tag-direct-drive-tattoo-machine","11":"product_tag-handmade-rotary-tattoo-machines","12":"product_tag-handmade-tattoo-machines","13":"product_tag-professional-tattoo-machines","14":"product_tag-rotary-tattoo-guns","15":"product_tag-rotary-tattoo-machine","16":"product_tag-rotary-tattoo-machines","17":"product_tag-rotary-tattoo-pen","18":"product_tag-rotary-tattoomaschinen","19":"product_tag-tattoo-equipment","20":"product_tag-tattoo-guns","21":"product_tag-tattoo-machine","22":"product_tag-tattoo-machine-coils","23":"pa_brand-rightstuff","24":"desktop-align-center","25":"tablet-align-left","26":"mobile-align-left","27":"ast-product-gallery-layout-horizontal-slider","28":"ast-product-tabs-layout-horizontal","30":"first","31":"instock","32":"sale","33":"taxable","34":"shipping-taxable","35":"purchasable","36":"product-type-simple"},"_links":{"self":[{"href":"https:\/\/rightstuff.eu\/fr\/wp-json\/wp\/v2\/product\/56748","targetHints":{"allow":["GET"]}}],"collection":[{"href":"https:\/\/rightstuff.eu\/fr\/wp-json\/wp\/v2\/product"}],"about":[{"href":"https:\/\/rightstuff.eu\/fr\/wp-json\/wp\/v2\/types\/product"}],"replies":[{"embeddable":true,"href":"https:\/\/rightstuff.eu\/fr\/wp-json\/wp\/v2\/comments?post=56748"}],"version-history":[{"count":0,"href":"https:\/\/rightstuff.eu\/fr\/wp-json\/wp\/v2\/product\/56748\/revisions"}],"wp:featuredmedia":[{"embeddable":true,"href":"https:\/\/rightstuff.eu\/fr\/wp-json\/wp\/v2\/media\/56897"}],"wp:attachment":[{"href":"https:\/\/rightstuff.eu\/fr\/wp-json\/wp\/v2\/media?parent=56748"}],"wp:term":[{"taxonomy":"product_brand","embeddable":true,"href":"https:\/\/rightstuff.eu\/fr\/wp-json\/wp\/v2\/product_brand?post=56748"},{"taxonomy":"product_cat","embeddable":true,"href":"https:\/\/rightstuff.eu\/fr\/wp-json\/wp\/v2\/product_cat?post=56748"},{"taxonomy":"product_tag","embeddable":true,"href":"https:\/\/rightstuff.eu\/fr\/wp-json\/wp\/v2\/product_tag?post=56748"}],"curies":[{"name":"wp","href":"https:\/\/api.w.org\/{rel}","templated":true}]}}