{"id":56441,"date":"2024-11-27T18:25:15","date_gmt":"2024-11-27T17:25:15","guid":{"rendered":"https:\/\/rightstuff.eu\/?post_type=product&#038;p=56441"},"modified":"2025-04-26T12:31:47","modified_gmt":"2025-04-26T10:31:47","slug":"spirit-classic-transfer-cream","status":"publish","type":"product","link":"https:\/\/rightstuff.eu\/fr\/produit\/spirit-classic-transfer-cream\/","title":{"rendered":"Cr\u00e8me de transfert Spirit Classic"},"content":{"rendered":"<p data-children-count=\"0\">La cr\u00e8me Spirit Transfer Cream est le seul agent de transfert pour pochoirs sp\u00e9cialement con\u00e7u pour fonctionner avec les papiers de transfert Spirit Tattoo Transfer Papers. Elle est con\u00e7ue pour optimiser la qualit\u00e9 du transfert d'image en \u2018 activant \u2019 la cire pour une clart\u00e9 sup\u00e9rieure sur la peau. Qu'est-ce que cela signifie ? Les transferts sont remarquablement nets et lumineux. Les pochoirs sont durables, ce qui permet aux artistes professionnels de r\u00e9aliser plusieurs s\u00e9ances sans avoir \u00e0 retoucher le pochoir. Et surtout, nous n'utilisons que des ingr\u00e9dients de qualit\u00e9 cosm\u00e9tique, notre cr\u00e8me est donc sans danger pour tous les types de peau et certifi\u00e9e vegan !<\/p>\n<ul data-children-count=\"0\">\n<li>La cr\u00e8me de transfert Spirit Classic fonctionne mieux avec les papiers de transfert Spirit\u00ae Classic.<\/li>\n<li>Disponible en bouteilles de 1 ou 8 oz.<span class=\"redactor-invisible-space\"><br \/>\n<\/span><\/li>\n<li>Certifi\u00e9 v\u00e9g\u00e9talien !<\/li>\n<\/ul>","protected":false},"excerpt":{"rendered":"<ul data-children-count=\"0\">\n<li>La cr\u00e8me de transfert Spirit Classic fonctionne mieux avec les papiers de transfert Spirit\u00ae Classic.<\/li>\n<li>Disponible en bouteilles de 1, 2, 4 ou 8 oz.<span class=\"redactor-invisible-space\"><br \/>\n<\/span><\/li>\n<li>Certifi\u00e9 v\u00e9g\u00e9talien !<\/li>\n<\/ul>","protected":false},"featured_media":56550,"comment_status":"open","ping_status":"closed","template":"","meta":{"site-sidebar-layout":"default","site-content-layout":"","ast-site-content-layout":"default","site-content-style":"default","site-sidebar-style":"default","ast-global-header-display":"","ast-banner-title-visibility":"","ast-main-header-display":"","ast-hfb-above-header-display":"","ast-hfb-below-header-display":"","ast-hfb-mobile-header-display":"","site-post-title":"","ast-breadcrumbs-content":"","ast-featured-img":"","footer-sml-layout":"","ast-disable-related-posts":"","theme-transparent-header-meta":"default","adv-header-id-meta":"","stick-header-meta":"default","header-above-stick-meta":"","header-main-stick-meta":"","header-below-stick-meta":"","astra-migrate-meta-layouts":"set","ast-page-background-enabled":"default","ast-page-background-meta":{"desktop":{"background-color":"var(--ast-global-color-4)","background-image":"","background-repeat":"repeat","background-position":"center center","background-size":"auto","background-attachment":"scroll","background-type":"","background-media":"","overlay-type":"","overlay-color":"","overlay-opacity":"","overlay-gradient":""},"tablet":{"background-color":"","background-image":"","background-repeat":"repeat","background-position":"center center","background-size":"auto","background-attachment":"scroll","background-type":"","background-media":"","overlay-type":"","overlay-color":"","overlay-opacity":"","overlay-gradient":""},"mobile":{"background-color":"","background-image":"","background-repeat":"repeat","background-position":"center center","background-size":"auto","background-attachment":"scroll","background-type":"","background-media":"","overlay-type":"","overlay-color":"","overlay-opacity":"","overlay-gradient":""}},"ast-content-background-meta":{"desktop":{"background-color":"var(--ast-global-color-5)","background-image":"","background-repeat":"repeat","background-position":"center center","background-size":"auto","background-attachment":"scroll","background-type":"","background-media":"","overlay-type":"","overlay-color":"","overlay-opacity":"","overlay-gradient":""},"tablet":{"background-color":"var(--ast-global-color-5)","background-image":"","background-repeat":"repeat","background-position":"center center","background-size":"auto","background-attachment":"scroll","background-type":"","background-media":"","overlay-type":"","overlay-color":"","overlay-opacity":"","overlay-gradient":""},"mobile":{"background-color":"var(--ast-global-color-5)","background-image":"","background-repeat":"repeat","background-position":"center center","background-size":"auto","background-attachment":"scroll","background-type":"","background-media":"","overlay-type":"","overlay-color":"","overlay-opacity":"","overlay-gradient":""}}},"product_brand":[],"product_cat":[1986,1985],"product_tag":[],"class_list":{"0":"post-56441","1":"product","2":"type-product","3":"status-publish","4":"has-post-thumbnail","6":"product_cat-transfer","7":"product_cat-tattoo-supply","8":"desktop-align-center","9":"tablet-align-left","10":"mobile-align-left","11":"ast-product-gallery-layout-horizontal-slider","12":"ast-product-gallery-with-no-image","13":"ast-product-single-variable","14":"ast-product-tabs-layout-horizontal","16":"first","17":"outofstock","18":"taxable","19":"shipping-taxable","20":"purchasable","21":"product-type-variable"},"_links":{"self":[{"href":"https:\/\/rightstuff.eu\/fr\/wp-json\/wp\/v2\/product\/56441","targetHints":{"allow":["GET"]}}],"collection":[{"href":"https:\/\/rightstuff.eu\/fr\/wp-json\/wp\/v2\/product"}],"about":[{"href":"https:\/\/rightstuff.eu\/fr\/wp-json\/wp\/v2\/types\/product"}],"replies":[{"embeddable":true,"href":"https:\/\/rightstuff.eu\/fr\/wp-json\/wp\/v2\/comments?post=56441"}],"version-history":[{"count":0,"href":"https:\/\/rightstuff.eu\/fr\/wp-json\/wp\/v2\/product\/56441\/revisions"}],"wp:featuredmedia":[{"embeddable":true,"href":"https:\/\/rightstuff.eu\/fr\/wp-json\/wp\/v2\/media\/56550"}],"wp:attachment":[{"href":"https:\/\/rightstuff.eu\/fr\/wp-json\/wp\/v2\/media?parent=56441"}],"wp:term":[{"taxonomy":"product_brand","embeddable":true,"href":"https:\/\/rightstuff.eu\/fr\/wp-json\/wp\/v2\/product_brand?post=56441"},{"taxonomy":"product_cat","embeddable":true,"href":"https:\/\/rightstuff.eu\/fr\/wp-json\/wp\/v2\/product_cat?post=56441"},{"taxonomy":"product_tag","embeddable":true,"href":"https:\/\/rightstuff.eu\/fr\/wp-json\/wp\/v2\/product_tag?post=56441"}],"curies":[{"name":"wp","href":"https:\/\/api.w.org\/{rel}","templated":true}]}}