{"id":56431,"date":"2024-11-27T17:57:39","date_gmt":"2024-11-27T16:57:39","guid":{"rendered":"https:\/\/rightstuff.eu\/?post_type=product&#038;p=56431"},"modified":"2025-04-29T18:24:24","modified_gmt":"2025-04-29T16:24:24","slug":"transfer-paper-freehand","status":"publish","type":"product","link":"https:\/\/rightstuff.eu\/fr\/produit\/transfer-paper-freehand\/","title":{"rendered":"Spirit A4 Transfer Classic Freehand"},"content":{"rendered":"<div class=\"mb-4 leading-relaxed product-description font-lato-reg text-sm\">\n<p>Les papiers de transfert Spirit Freehand Tattoo sont con\u00e7us pour les pi\u00e8ces uniques. Nous avons pris le colorant violet \u00e0 haute visibilit\u00e9 et l'avons suspendu dans une matrice de cire vraiment unique. Ce m\u00e9lange de cire est lisse comme du beurre et extr\u00eamement sensible \u00e0 la pression, ce qui permet aux artistes d'introduire des d\u00e9tails extr\u00eames dans leurs pochoirs. La feuille de stencil ripstop r\u00e9siste aux trac\u00e9s les plus agressifs.<\/p>\n<p>A utiliser avec la cr\u00e8me de transfert Spirit Classic<\/p>\n<\/div>","protected":false},"excerpt":{"rendered":"<div class=\"product-details-module__title ec-header-h6\">D\u00e9tails du produit<\/div>\n<div class=\"product-details-module__content\">\n<div id=\"productDescription\" class=\"product-details__product-description\">\n<div>\n<ul>\n<li>Haut degr\u00e9 de contr\u00f4le lors du dessin manuel des pochoirs<\/li>\n<li>Aucun outil ou imprimante n'est n\u00e9cessaire pour cr\u00e9er un pochoir de haute qualit\u00e9<\/li>\n<li>Les colorants de qualit\u00e9 restent visibles sur la peau<\/li>\n<li>Sans danger pour la peau et de longue conservation<\/li>\n<li>Certifi\u00e9 v\u00e9g\u00e9talien<\/li>\n<li>100 unit\u00e9s \u00e0 main lev\u00e9e par bo\u00eete<\/li>\n<\/ul>\n<\/div>\n<\/div>\n<\/div>","protected":false},"featured_media":56425,"comment_status":"open","ping_status":"closed","template":"","meta":{"site-sidebar-layout":"default","site-content-layout":"","ast-site-content-layout":"default","site-content-style":"default","site-sidebar-style":"default","ast-global-header-display":"","ast-banner-title-visibility":"","ast-main-header-display":"","ast-hfb-above-header-display":"","ast-hfb-below-header-display":"","ast-hfb-mobile-header-display":"","site-post-title":"","ast-breadcrumbs-content":"","ast-featured-img":"","footer-sml-layout":"","ast-disable-related-posts":"","theme-transparent-header-meta":"default","adv-header-id-meta":"","stick-header-meta":"default","header-above-stick-meta":"","header-main-stick-meta":"","header-below-stick-meta":"","astra-migrate-meta-layouts":"set","ast-page-background-enabled":"default","ast-page-background-meta":{"desktop":{"background-color":"var(--ast-global-color-4)","background-image":"","background-repeat":"repeat","background-position":"center center","background-size":"auto","background-attachment":"scroll","background-type":"","background-media":"","overlay-type":"","overlay-color":"","overlay-opacity":"","overlay-gradient":""},"tablet":{"background-color":"","background-image":"","background-repeat":"repeat","background-position":"center center","background-size":"auto","background-attachment":"scroll","background-type":"","background-media":"","overlay-type":"","overlay-color":"","overlay-opacity":"","overlay-gradient":""},"mobile":{"background-color":"","background-image":"","background-repeat":"repeat","background-position":"center center","background-size":"auto","background-attachment":"scroll","background-type":"","background-media":"","overlay-type":"","overlay-color":"","overlay-opacity":"","overlay-gradient":""}},"ast-content-background-meta":{"desktop":{"background-color":"var(--ast-global-color-5)","background-image":"","background-repeat":"repeat","background-position":"center center","background-size":"auto","background-attachment":"scroll","background-type":"","background-media":"","overlay-type":"","overlay-color":"","overlay-opacity":"","overlay-gradient":""},"tablet":{"background-color":"var(--ast-global-color-5)","background-image":"","background-repeat":"repeat","background-position":"center center","background-size":"auto","background-attachment":"scroll","background-type":"","background-media":"","overlay-type":"","overlay-color":"","overlay-opacity":"","overlay-gradient":""},"mobile":{"background-color":"var(--ast-global-color-5)","background-image":"","background-repeat":"repeat","background-position":"center center","background-size":"auto","background-attachment":"scroll","background-type":"","background-media":"","overlay-type":"","overlay-color":"","overlay-opacity":"","overlay-gradient":""}}},"product_brand":[],"product_cat":[1985,1986],"product_tag":[1991,1990,1989],"class_list":{"0":"post-56431","1":"product","2":"type-product","3":"status-publish","4":"has-post-thumbnail","6":"product_cat-tattoo-supply","7":"product_cat-transfer","8":"product_tag-spirit","9":"product_tag-thermal-paper","10":"product_tag-transfer","11":"desktop-align-center","12":"tablet-align-left","13":"mobile-align-left","14":"ast-product-gallery-layout-horizontal-slider","15":"ast-product-gallery-with-no-image","16":"ast-product-single-variable","17":"ast-product-tabs-layout-horizontal","19":"first","20":"instock","21":"taxable","22":"shipping-taxable","23":"purchasable","24":"product-type-variable"},"_links":{"self":[{"href":"https:\/\/rightstuff.eu\/fr\/wp-json\/wp\/v2\/product\/56431","targetHints":{"allow":["GET"]}}],"collection":[{"href":"https:\/\/rightstuff.eu\/fr\/wp-json\/wp\/v2\/product"}],"about":[{"href":"https:\/\/rightstuff.eu\/fr\/wp-json\/wp\/v2\/types\/product"}],"replies":[{"embeddable":true,"href":"https:\/\/rightstuff.eu\/fr\/wp-json\/wp\/v2\/comments?post=56431"}],"version-history":[{"count":0,"href":"https:\/\/rightstuff.eu\/fr\/wp-json\/wp\/v2\/product\/56431\/revisions"}],"wp:featuredmedia":[{"embeddable":true,"href":"https:\/\/rightstuff.eu\/fr\/wp-json\/wp\/v2\/media\/56425"}],"wp:attachment":[{"href":"https:\/\/rightstuff.eu\/fr\/wp-json\/wp\/v2\/media?parent=56431"}],"wp:term":[{"taxonomy":"product_brand","embeddable":true,"href":"https:\/\/rightstuff.eu\/fr\/wp-json\/wp\/v2\/product_brand?post=56431"},{"taxonomy":"product_cat","embeddable":true,"href":"https:\/\/rightstuff.eu\/fr\/wp-json\/wp\/v2\/product_cat?post=56431"},{"taxonomy":"product_tag","embeddable":true,"href":"https:\/\/rightstuff.eu\/fr\/wp-json\/wp\/v2\/product_tag?post=56431"}],"curies":[{"name":"wp","href":"https:\/\/api.w.org\/{rel}","templated":true}]}}