{"id":56368,"date":"2024-11-23T18:40:39","date_gmt":"2024-11-23T17:40:39","guid":{"rendered":"https:\/\/rightstuff.eu\/?post_type=product&#038;p=56368"},"modified":"2025-10-02T10:09:23","modified_gmt":"2025-10-02T08:09:23","slug":"killer-ink-disposable-tubes-13mg","status":"publish","type":"product","link":"https:\/\/rightstuff.eu\/fr\/produit\/killer-ink-disposable-tubes-13mg\/","title":{"rendered":"Killer Ink Tubes jetables 30MM 13MG"},"content":{"rendered":"<p>Bo\u00eete de 20 tubes jetables Killer Ink Premium avec un grip de 30 mm et une pointe magnum ferm\u00e9e de 13 mm.<\/p>\n<p>Les tubes jetables Killer Ink Premium sont con\u00e7us de mani\u00e8re ergonomique pour assurer le confort et le d\u00e9bit d'encre. La pointe et la tige arri\u00e8re sont fabriqu\u00e9es \u00e0 partir d'un mat\u00e9riau polycarbonate tr\u00e8s r\u00e9sistant, qui ne se d\u00e9grade pas pendant l'utilisation et permet \u00e0 l'aiguille de glisser sans effort. Ils sont l\u00e9g\u00e8rement teint\u00e9s pour un look premium, tout en permettant une visibilit\u00e9 totale pendant le tatouage. Les poign\u00e9es sont fabriqu\u00e9es \u00e0 partir d'un mat\u00e9riau en silicone de haute qualit\u00e9 et sont parfaitement \u00e9quilibr\u00e9es et pond\u00e9r\u00e9es.<\/p>","protected":false},"excerpt":{"rendered":"<p>Bo\u00eete de 20 tubes jetables Killer Ink Premium avec un grip de 30 mm et une pointe magnum ferm\u00e9e.<\/p>","protected":false},"featured_media":56356,"comment_status":"open","ping_status":"closed","template":"","meta":{"site-sidebar-layout":"default","site-content-layout":"","ast-site-content-layout":"default","site-content-style":"default","site-sidebar-style":"default","ast-global-header-display":"","ast-banner-title-visibility":"","ast-main-header-display":"","ast-hfb-above-header-display":"","ast-hfb-below-header-display":"","ast-hfb-mobile-header-display":"","site-post-title":"","ast-breadcrumbs-content":"","ast-featured-img":"","footer-sml-layout":"","ast-disable-related-posts":"","theme-transparent-header-meta":"default","adv-header-id-meta":"","stick-header-meta":"default","header-above-stick-meta":"","header-main-stick-meta":"","header-below-stick-meta":"","astra-migrate-meta-layouts":"set","ast-page-background-enabled":"default","ast-page-background-meta":{"desktop":{"background-color":"var(--ast-global-color-4)","background-image":"","background-repeat":"repeat","background-position":"center center","background-size":"auto","background-attachment":"scroll","background-type":"","background-media":"","overlay-type":"","overlay-color":"","overlay-opacity":"","overlay-gradient":""},"tablet":{"background-color":"","background-image":"","background-repeat":"repeat","background-position":"center center","background-size":"auto","background-attachment":"scroll","background-type":"","background-media":"","overlay-type":"","overlay-color":"","overlay-opacity":"","overlay-gradient":""},"mobile":{"background-color":"","background-image":"","background-repeat":"repeat","background-position":"center center","background-size":"auto","background-attachment":"scroll","background-type":"","background-media":"","overlay-type":"","overlay-color":"","overlay-opacity":"","overlay-gradient":""}},"ast-content-background-meta":{"desktop":{"background-color":"var(--ast-global-color-5)","background-image":"","background-repeat":"repeat","background-position":"center center","background-size":"auto","background-attachment":"scroll","background-type":"","background-media":"","overlay-type":"","overlay-color":"","overlay-opacity":"","overlay-gradient":""},"tablet":{"background-color":"var(--ast-global-color-5)","background-image":"","background-repeat":"repeat","background-position":"center center","background-size":"auto","background-attachment":"scroll","background-type":"","background-media":"","overlay-type":"","overlay-color":"","overlay-opacity":"","overlay-gradient":""},"mobile":{"background-color":"var(--ast-global-color-5)","background-image":"","background-repeat":"repeat","background-position":"center center","background-size":"auto","background-attachment":"scroll","background-type":"","background-media":"","overlay-type":"","overlay-color":"","overlay-opacity":"","overlay-gradient":""}}},"product_brand":[2012],"product_cat":[67],"product_tag":[88,90,91,92,86,94,69],"class_list":{"0":"post-56368","1":"product","2":"type-product","3":"status-publish","4":"has-post-thumbnail","6":"product_brand-killer-ink","7":"product_cat-tips-grips-tubes","8":"product_tag-professional-tattoo-kit","9":"product_tag-tattoo-accessories","10":"product_tag-tattoo-equipment","11":"product_tag-tattoo-machines-parts","12":"product_tag-tattoo-needle-supply","13":"product_tag-tattoo-sets","14":"product_tag-tattoo-supplies","15":"desktop-align-center","16":"tablet-align-left","17":"mobile-align-left","18":"ast-product-gallery-layout-horizontal-slider","19":"ast-product-single-variable","20":"ast-product-tabs-layout-horizontal","22":"first","23":"instock","24":"taxable","25":"shipping-taxable","26":"purchasable","27":"product-type-variable"},"_links":{"self":[{"href":"https:\/\/rightstuff.eu\/fr\/wp-json\/wp\/v2\/product\/56368","targetHints":{"allow":["GET"]}}],"collection":[{"href":"https:\/\/rightstuff.eu\/fr\/wp-json\/wp\/v2\/product"}],"about":[{"href":"https:\/\/rightstuff.eu\/fr\/wp-json\/wp\/v2\/types\/product"}],"replies":[{"embeddable":true,"href":"https:\/\/rightstuff.eu\/fr\/wp-json\/wp\/v2\/comments?post=56368"}],"version-history":[{"count":0,"href":"https:\/\/rightstuff.eu\/fr\/wp-json\/wp\/v2\/product\/56368\/revisions"}],"wp:featuredmedia":[{"embeddable":true,"href":"https:\/\/rightstuff.eu\/fr\/wp-json\/wp\/v2\/media\/56356"}],"wp:attachment":[{"href":"https:\/\/rightstuff.eu\/fr\/wp-json\/wp\/v2\/media?parent=56368"}],"wp:term":[{"taxonomy":"product_brand","embeddable":true,"href":"https:\/\/rightstuff.eu\/fr\/wp-json\/wp\/v2\/product_brand?post=56368"},{"taxonomy":"product_cat","embeddable":true,"href":"https:\/\/rightstuff.eu\/fr\/wp-json\/wp\/v2\/product_cat?post=56368"},{"taxonomy":"product_tag","embeddable":true,"href":"https:\/\/rightstuff.eu\/fr\/wp-json\/wp\/v2\/product_tag?post=56368"}],"curies":[{"name":"wp","href":"https:\/\/api.w.org\/{rel}","templated":true}]}}