{"id":56335,"date":"2024-11-23T13:17:46","date_gmt":"2024-11-23T12:17:46","guid":{"rendered":"https:\/\/rightstuff.eu\/?post_type=product&#038;p=56335"},"modified":"2024-11-23T13:19:53","modified_gmt":"2024-11-23T12:19:53","slug":"kuro-sumi-matcha-tea-v2","status":"publish","type":"product","link":"https:\/\/rightstuff.eu\/fr\/produit\/kuro-sumi-matcha-tea-v2\/","title":{"rendered":"Encre imp\u00e9riale de tatouage Kuro Sumi - Th\u00e9 Matcha V2"},"content":{"rendered":"<div class=\"mb-4 leading-relaxed product-description font-lato-reg text-sm\">\n<p>Matcha Tea v2 fait partie de la gamme reformul\u00e9e de bleus et de verts de Kuro Sumi Imperial, conforme \u00e0 la directive REACH de l'UE. Cette reformulation \u00e9tait n\u00e9cessaire en raison de l'interdiction des pigments verts 7 et bleus 15 qui est entr\u00e9e en vigueur en janvier 2023.<\/p>\n<p>Kuro Sumi a \u00e9t\u00e9 formul\u00e9 \u00e0 l'origine au Japon. La nouvelle gamme Imperial est enti\u00e8rement conforme \u00e0 la nouvelle r\u00e9glementation REACH de l'UE, ce qui garantit l'utilisation des meilleures mati\u00e8res premi\u00e8res et du meilleur processus de fabrication. Le r\u00e9sultat est une encre impeccable et vibrante.<\/p>\n<p>Veuillez s\u00e9lectionner la taille souhait\u00e9e.<\/p>\n<p><strong>Caract\u00e9ristiques principales :<\/strong><\/p>\n<ul>\n<li>Volume : 22 ou 44 ml<\/li>\n<li>Enti\u00e8rement conforme \u00e0 la derni\u00e8re r\u00e9glementation REACH de l'UE<\/li>\n<\/ul>\n<\/div>","protected":false},"excerpt":{"rendered":"<p>Th\u00e9 Matcha V2 de la gamme Kuro Sumi Imperial.<\/p>\n<p>Veuillez s\u00e9lectionner la taille souhait\u00e9e.<\/p>\n<p><strong>Caract\u00e9ristiques principales :<\/strong><\/p>\n<ul>\n<li>Volume : 22 ou 44 ml<\/li>\n<li>Enti\u00e8rement conforme \u00e0 la derni\u00e8re r\u00e9glementation REACH de l'UE<\/li>\n<\/ul>","protected":false},"featured_media":56304,"comment_status":"closed","ping_status":"closed","template":"","meta":{"site-sidebar-layout":"default","site-content-layout":"","ast-site-content-layout":"default","site-content-style":"default","site-sidebar-style":"default","ast-global-header-display":"","ast-banner-title-visibility":"","ast-main-header-display":"","ast-hfb-above-header-display":"","ast-hfb-below-header-display":"","ast-hfb-mobile-header-display":"","site-post-title":"","ast-breadcrumbs-content":"","ast-featured-img":"","footer-sml-layout":"","ast-disable-related-posts":"","theme-transparent-header-meta":"default","adv-header-id-meta":"","stick-header-meta":"default","header-above-stick-meta":"","header-main-stick-meta":"","header-below-stick-meta":"","astra-migrate-meta-layouts":"set","ast-page-background-enabled":"default","ast-page-background-meta":{"desktop":{"background-color":"var(--ast-global-color-4)","background-image":"","background-repeat":"repeat","background-position":"center center","background-size":"auto","background-attachment":"scroll","background-type":"","background-media":"","overlay-type":"","overlay-color":"","overlay-opacity":"","overlay-gradient":""},"tablet":{"background-color":"","background-image":"","background-repeat":"repeat","background-position":"center center","background-size":"auto","background-attachment":"scroll","background-type":"","background-media":"","overlay-type":"","overlay-color":"","overlay-opacity":"","overlay-gradient":""},"mobile":{"background-color":"","background-image":"","background-repeat":"repeat","background-position":"center center","background-size":"auto","background-attachment":"scroll","background-type":"","background-media":"","overlay-type":"","overlay-color":"","overlay-opacity":"","overlay-gradient":""}},"ast-content-background-meta":{"desktop":{"background-color":"var(--ast-global-color-5)","background-image":"","background-repeat":"repeat","background-position":"center center","background-size":"auto","background-attachment":"scroll","background-type":"","background-media":"","overlay-type":"","overlay-color":"","overlay-opacity":"","overlay-gradient":""},"tablet":{"background-color":"var(--ast-global-color-5)","background-image":"","background-repeat":"repeat","background-position":"center center","background-size":"auto","background-attachment":"scroll","background-type":"","background-media":"","overlay-type":"","overlay-color":"","overlay-opacity":"","overlay-gradient":""},"mobile":{"background-color":"var(--ast-global-color-5)","background-image":"","background-repeat":"repeat","background-position":"center center","background-size":"auto","background-attachment":"scroll","background-type":"","background-media":"","overlay-type":"","overlay-color":"","overlay-opacity":"","overlay-gradient":""}}},"product_brand":[],"product_cat":[1956,1966],"product_tag":[1970,1954,1976],"class_list":{"0":"post-56335","1":"product","2":"type-product","3":"status-publish","4":"has-post-thumbnail","6":"product_cat-inks","7":"product_cat-kuro-sumi-ink","8":"product_tag-green-ink","9":"product_tag-ink","10":"product_tag-kuro-sumi","11":"desktop-align-center","12":"tablet-align-left","13":"mobile-align-left","14":"ast-product-gallery-layout-horizontal-slider","15":"ast-product-gallery-with-no-image","16":"ast-product-single-variable","17":"ast-product-tabs-layout-horizontal","19":"first","20":"instock","21":"taxable","22":"shipping-taxable","23":"purchasable","24":"product-type-variable"},"_links":{"self":[{"href":"https:\/\/rightstuff.eu\/fr\/wp-json\/wp\/v2\/product\/56335","targetHints":{"allow":["GET"]}}],"collection":[{"href":"https:\/\/rightstuff.eu\/fr\/wp-json\/wp\/v2\/product"}],"about":[{"href":"https:\/\/rightstuff.eu\/fr\/wp-json\/wp\/v2\/types\/product"}],"replies":[{"embeddable":true,"href":"https:\/\/rightstuff.eu\/fr\/wp-json\/wp\/v2\/comments?post=56335"}],"version-history":[{"count":0,"href":"https:\/\/rightstuff.eu\/fr\/wp-json\/wp\/v2\/product\/56335\/revisions"}],"wp:featuredmedia":[{"embeddable":true,"href":"https:\/\/rightstuff.eu\/fr\/wp-json\/wp\/v2\/media\/56304"}],"wp:attachment":[{"href":"https:\/\/rightstuff.eu\/fr\/wp-json\/wp\/v2\/media?parent=56335"}],"wp:term":[{"taxonomy":"product_brand","embeddable":true,"href":"https:\/\/rightstuff.eu\/fr\/wp-json\/wp\/v2\/product_brand?post=56335"},{"taxonomy":"product_cat","embeddable":true,"href":"https:\/\/rightstuff.eu\/fr\/wp-json\/wp\/v2\/product_cat?post=56335"},{"taxonomy":"product_tag","embeddable":true,"href":"https:\/\/rightstuff.eu\/fr\/wp-json\/wp\/v2\/product_tag?post=56335"}],"curies":[{"name":"wp","href":"https:\/\/api.w.org\/{rel}","templated":true}]}}