{"id":56316,"date":"2024-11-22T17:51:44","date_gmt":"2024-11-22T16:51:44","guid":{"rendered":"https:\/\/rightstuff.eu\/?post_type=product&#038;p=56316"},"modified":"2024-11-22T17:53:58","modified_gmt":"2024-11-22T16:53:58","slug":"kuro-sumi-lavender-secret","status":"publish","type":"product","link":"https:\/\/rightstuff.eu\/fr\/produit\/kuro-sumi-lavender-secret\/","title":{"rendered":"Encre imp\u00e9riale de tatouage Kuro Sumi - Lavender Secret"},"content":{"rendered":"<div class=\"mb-4 leading-relaxed product-description font-lato-reg text-sm\">\n<p>Kuro Sumi a \u00e9t\u00e9 formul\u00e9 \u00e0 l'origine au Japon. La nouvelle gamme Imperial est enti\u00e8rement conforme \u00e0 la nouvelle r\u00e9glementation REACH de l'UE, ce qui garantit l'utilisation des meilleures mati\u00e8res premi\u00e8res et du meilleur processus de fabrication. Le r\u00e9sultat est une encre impeccable et vibrante.<\/p>\n<p>Lavender Secret de la gamme Kuro Sumi Imperial.<\/p>\n<p>Veuillez s\u00e9lectionner la taille souhait\u00e9e.<\/p>\n<\/div>","protected":false},"excerpt":{"rendered":"<p>Lavender Secret de la gamme Kuro Sumi Imperial.<\/p>\n<p>Veuillez s\u00e9lectionner la taille souhait\u00e9e.<\/p>\n<p><strong>Caract\u00e9ristiques principales :<\/strong><\/p>\n<ul>\n<li>Volume : 22 ou 44 ml<\/li>\n<li>Enti\u00e8rement conforme \u00e0 la derni\u00e8re r\u00e9glementation REACH de l'UE<\/li>\n<\/ul>","protected":false},"featured_media":56307,"comment_status":"closed","ping_status":"closed","template":"","meta":{"site-sidebar-layout":"default","site-content-layout":"","ast-site-content-layout":"default","site-content-style":"default","site-sidebar-style":"default","ast-global-header-display":"","ast-banner-title-visibility":"","ast-main-header-display":"","ast-hfb-above-header-display":"","ast-hfb-below-header-display":"","ast-hfb-mobile-header-display":"","site-post-title":"","ast-breadcrumbs-content":"","ast-featured-img":"","footer-sml-layout":"","ast-disable-related-posts":"","theme-transparent-header-meta":"default","adv-header-id-meta":"","stick-header-meta":"default","header-above-stick-meta":"","header-main-stick-meta":"","header-below-stick-meta":"","astra-migrate-meta-layouts":"set","ast-page-background-enabled":"default","ast-page-background-meta":{"desktop":{"background-color":"var(--ast-global-color-4)","background-image":"","background-repeat":"repeat","background-position":"center center","background-size":"auto","background-attachment":"scroll","background-type":"","background-media":"","overlay-type":"","overlay-color":"","overlay-opacity":"","overlay-gradient":""},"tablet":{"background-color":"","background-image":"","background-repeat":"repeat","background-position":"center center","background-size":"auto","background-attachment":"scroll","background-type":"","background-media":"","overlay-type":"","overlay-color":"","overlay-opacity":"","overlay-gradient":""},"mobile":{"background-color":"","background-image":"","background-repeat":"repeat","background-position":"center center","background-size":"auto","background-attachment":"scroll","background-type":"","background-media":"","overlay-type":"","overlay-color":"","overlay-opacity":"","overlay-gradient":""}},"ast-content-background-meta":{"desktop":{"background-color":"var(--ast-global-color-5)","background-image":"","background-repeat":"repeat","background-position":"center center","background-size":"auto","background-attachment":"scroll","background-type":"","background-media":"","overlay-type":"","overlay-color":"","overlay-opacity":"","overlay-gradient":""},"tablet":{"background-color":"var(--ast-global-color-5)","background-image":"","background-repeat":"repeat","background-position":"center center","background-size":"auto","background-attachment":"scroll","background-type":"","background-media":"","overlay-type":"","overlay-color":"","overlay-opacity":"","overlay-gradient":""},"mobile":{"background-color":"var(--ast-global-color-5)","background-image":"","background-repeat":"repeat","background-position":"center center","background-size":"auto","background-attachment":"scroll","background-type":"","background-media":"","overlay-type":"","overlay-color":"","overlay-opacity":"","overlay-gradient":""}}},"product_brand":[],"product_cat":[1956,1966],"product_tag":[1954,1976,1977],"class_list":{"0":"post-56316","1":"product","2":"type-product","3":"status-publish","4":"has-post-thumbnail","6":"product_cat-inks","7":"product_cat-kuro-sumi-ink","8":"product_tag-ink","9":"product_tag-kuro-sumi","10":"product_tag-purple-ink","11":"desktop-align-center","12":"tablet-align-left","13":"mobile-align-left","14":"ast-product-gallery-layout-horizontal-slider","15":"ast-product-gallery-with-no-image","16":"ast-product-single-variable","17":"ast-product-tabs-layout-horizontal","19":"first","20":"instock","21":"taxable","22":"shipping-taxable","23":"purchasable","24":"product-type-variable"},"_links":{"self":[{"href":"https:\/\/rightstuff.eu\/fr\/wp-json\/wp\/v2\/product\/56316","targetHints":{"allow":["GET"]}}],"collection":[{"href":"https:\/\/rightstuff.eu\/fr\/wp-json\/wp\/v2\/product"}],"about":[{"href":"https:\/\/rightstuff.eu\/fr\/wp-json\/wp\/v2\/types\/product"}],"replies":[{"embeddable":true,"href":"https:\/\/rightstuff.eu\/fr\/wp-json\/wp\/v2\/comments?post=56316"}],"version-history":[{"count":0,"href":"https:\/\/rightstuff.eu\/fr\/wp-json\/wp\/v2\/product\/56316\/revisions"}],"wp:featuredmedia":[{"embeddable":true,"href":"https:\/\/rightstuff.eu\/fr\/wp-json\/wp\/v2\/media\/56307"}],"wp:attachment":[{"href":"https:\/\/rightstuff.eu\/fr\/wp-json\/wp\/v2\/media?parent=56316"}],"wp:term":[{"taxonomy":"product_brand","embeddable":true,"href":"https:\/\/rightstuff.eu\/fr\/wp-json\/wp\/v2\/product_brand?post=56316"},{"taxonomy":"product_cat","embeddable":true,"href":"https:\/\/rightstuff.eu\/fr\/wp-json\/wp\/v2\/product_cat?post=56316"},{"taxonomy":"product_tag","embeddable":true,"href":"https:\/\/rightstuff.eu\/fr\/wp-json\/wp\/v2\/product_tag?post=56316"}],"curies":[{"name":"wp","href":"https:\/\/api.w.org\/{rel}","templated":true}]}}