{"id":56288,"date":"2024-11-22T17:14:20","date_gmt":"2024-11-22T16:14:20","guid":{"rendered":"https:\/\/rightstuff.eu\/?post_type=product&#038;p=56288"},"modified":"2024-11-22T17:16:41","modified_gmt":"2024-11-22T16:16:41","slug":"eternal-ink-rich-espresso","status":"publish","type":"product","link":"https:\/\/rightstuff.eu\/fr\/produit\/eternal-ink-rich-espresso\/","title":{"rendered":"Encre \u00e9ternelle - Espresso riche (30 ml)"},"content":{"rendered":"<p>Cette nuance d'Eternal Ink Rich Espresso brown est une excellente option pour une grande vari\u00e9t\u00e9 de dessins de tatouage, mais plus particuli\u00e8rement pour les tatouages de portrait en raison de la nature facile \u00e0 m\u00e9langer de la couleur. Elle peut fournir un excellent ombrage lorsqu'elle est m\u00e9lang\u00e9e aux d\u00e9tails du visage pour donner de la profondeur, et une excellente couleur \u00e0 incorporer dans une vari\u00e9t\u00e9 de couleurs de cheveux ou m\u00eame la base d'un portrait d'animal de compagnie de couleur chocolat que vous avez peut-\u00eatre \u00e9t\u00e9 invit\u00e9 \u00e0 dessiner. Les possibilit\u00e9s sont presque infinies et nous faisons tout notre possible pour que l'encre ne vous d\u00e9\u00e7oive pas. Il s'agit d'une encre organique non toxique, disponible dans une s\u00e9lection de tailles pour vous assurer que vous avez tout ce dont vous avez besoin. Nous veillons \u00e9galement \u00e0 ce que l'encre soit st\u00e9rilis\u00e9e et ne soit jamais congel\u00e9e, afin que tout ce que vous commandez soit propre et frais.<\/p>","protected":false},"excerpt":{"rendered":"<p>Cette nuance d'Eternal Ink Rich Espresso brown est une excellente option pour une grande vari\u00e9t\u00e9 de motifs de tatouage, mais plus particuli\u00e8rement pour les tatouages de portrait en raison de la nature facile \u00e0 m\u00e9langer de la couleur.<\/p>","protected":false},"featured_media":56266,"comment_status":"closed","ping_status":"closed","template":"","meta":{"site-sidebar-layout":"default","site-content-layout":"","ast-site-content-layout":"default","site-content-style":"default","site-sidebar-style":"default","ast-global-header-display":"","ast-banner-title-visibility":"","ast-main-header-display":"","ast-hfb-above-header-display":"","ast-hfb-below-header-display":"","ast-hfb-mobile-header-display":"","site-post-title":"","ast-breadcrumbs-content":"","ast-featured-img":"","footer-sml-layout":"","ast-disable-related-posts":"","theme-transparent-header-meta":"default","adv-header-id-meta":"","stick-header-meta":"default","header-above-stick-meta":"","header-main-stick-meta":"","header-below-stick-meta":"","astra-migrate-meta-layouts":"set","ast-page-background-enabled":"default","ast-page-background-meta":{"desktop":{"background-color":"var(--ast-global-color-4)","background-image":"","background-repeat":"repeat","background-position":"center center","background-size":"auto","background-attachment":"scroll","background-type":"","background-media":"","overlay-type":"","overlay-color":"","overlay-opacity":"","overlay-gradient":""},"tablet":{"background-color":"","background-image":"","background-repeat":"repeat","background-position":"center center","background-size":"auto","background-attachment":"scroll","background-type":"","background-media":"","overlay-type":"","overlay-color":"","overlay-opacity":"","overlay-gradient":""},"mobile":{"background-color":"","background-image":"","background-repeat":"repeat","background-position":"center center","background-size":"auto","background-attachment":"scroll","background-type":"","background-media":"","overlay-type":"","overlay-color":"","overlay-opacity":"","overlay-gradient":""}},"ast-content-background-meta":{"desktop":{"background-color":"var(--ast-global-color-5)","background-image":"","background-repeat":"repeat","background-position":"center center","background-size":"auto","background-attachment":"scroll","background-type":"","background-media":"","overlay-type":"","overlay-color":"","overlay-opacity":"","overlay-gradient":""},"tablet":{"background-color":"var(--ast-global-color-5)","background-image":"","background-repeat":"repeat","background-position":"center center","background-size":"auto","background-attachment":"scroll","background-type":"","background-media":"","overlay-type":"","overlay-color":"","overlay-opacity":"","overlay-gradient":""},"mobile":{"background-color":"var(--ast-global-color-5)","background-image":"","background-repeat":"repeat","background-position":"center center","background-size":"auto","background-attachment":"scroll","background-type":"","background-media":"","overlay-type":"","overlay-color":"","overlay-opacity":"","overlay-gradient":""}}},"product_brand":[],"product_cat":[1956,1965],"product_tag":[1971,1962,1954],"class_list":{"0":"post-56288","1":"product","2":"type-product","3":"status-publish","4":"has-post-thumbnail","6":"product_cat-inks","7":"product_cat-eternal-ink","8":"product_tag-brown-ink","9":"product_tag-eternal","10":"product_tag-ink","11":"desktop-align-center","12":"tablet-align-left","13":"mobile-align-left","14":"ast-product-gallery-layout-horizontal-slider","15":"ast-product-gallery-with-no-image","16":"ast-product-tabs-layout-horizontal","18":"first","19":"instock","20":"taxable","21":"shipping-taxable","22":"purchasable","23":"product-type-simple"},"_links":{"self":[{"href":"https:\/\/rightstuff.eu\/fr\/wp-json\/wp\/v2\/product\/56288","targetHints":{"allow":["GET"]}}],"collection":[{"href":"https:\/\/rightstuff.eu\/fr\/wp-json\/wp\/v2\/product"}],"about":[{"href":"https:\/\/rightstuff.eu\/fr\/wp-json\/wp\/v2\/types\/product"}],"replies":[{"embeddable":true,"href":"https:\/\/rightstuff.eu\/fr\/wp-json\/wp\/v2\/comments?post=56288"}],"version-history":[{"count":0,"href":"https:\/\/rightstuff.eu\/fr\/wp-json\/wp\/v2\/product\/56288\/revisions"}],"wp:featuredmedia":[{"embeddable":true,"href":"https:\/\/rightstuff.eu\/fr\/wp-json\/wp\/v2\/media\/56266"}],"wp:attachment":[{"href":"https:\/\/rightstuff.eu\/fr\/wp-json\/wp\/v2\/media?parent=56288"}],"wp:term":[{"taxonomy":"product_brand","embeddable":true,"href":"https:\/\/rightstuff.eu\/fr\/wp-json\/wp\/v2\/product_brand?post=56288"},{"taxonomy":"product_cat","embeddable":true,"href":"https:\/\/rightstuff.eu\/fr\/wp-json\/wp\/v2\/product_cat?post=56288"},{"taxonomy":"product_tag","embeddable":true,"href":"https:\/\/rightstuff.eu\/fr\/wp-json\/wp\/v2\/product_tag?post=56288"}],"curies":[{"name":"wp","href":"https:\/\/api.w.org\/{rel}","templated":true}]}}