{"id":56280,"date":"2024-11-22T17:05:12","date_gmt":"2024-11-22T16:05:12","guid":{"rendered":"https:\/\/rightstuff.eu\/?post_type=product&#038;p=56280"},"modified":"2024-11-22T17:06:55","modified_gmt":"2024-11-22T16:06:55","slug":"eternal-ink-magenta","status":"publish","type":"product","link":"https:\/\/rightstuff.eu\/fr\/produit\/eternal-ink-magenta\/","title":{"rendered":"Encre \u00e9ternelle - Magenta (30 ml)"},"content":{"rendered":"<p>Eternal Magenta est une couleur forte, attrayante et durable qui fait partie de la gamme compl\u00e8te des encres \u00e9ternelles. La haute qualit\u00e9 de la couleur ainsi que la flexibilit\u00e9 d'utilisation qu'elle offre en font une option de plus en plus populaire pour un certain nombre de conceptions. L'encre est bien s\u00fbr disponible dans une s\u00e9lection de tailles diff\u00e9rentes et, comme toutes les encres \u00e9ternelles, elle est produite \u00e0 partir d'ingr\u00e9dients naturels, ce qui signifie qu'il s'agit d'une encre non toxique et biologique. Nous sommes \u00e9galement l'un des rares fournisseurs \u00e0 garantir que toutes nos encres ne sont jamais congel\u00e9es, ce qui vous permet de vous assurer de la fra\u00eecheur de toutes les encres que vous commandez, et toutes les encres sont st\u00e9rilis\u00e9es, ce qui vous permet d'\u00eatre certain de leur propret\u00e9.<\/p>","protected":false},"excerpt":{"rendered":"<p>Eternal Magenta est une couleur forte, attrayante et durable qui fait partie de la gamme compl\u00e8te des encres \u00e9ternelles. La haute qualit\u00e9 de cette couleur ainsi que la souplesse d'utilisation qu'elle offre en font une option de plus en plus populaire pour un certain nombre de conceptions.<\/p>","protected":false},"featured_media":56263,"comment_status":"closed","ping_status":"closed","template":"","meta":{"site-sidebar-layout":"default","site-content-layout":"","ast-site-content-layout":"default","site-content-style":"default","site-sidebar-style":"default","ast-global-header-display":"","ast-banner-title-visibility":"","ast-main-header-display":"","ast-hfb-above-header-display":"","ast-hfb-below-header-display":"","ast-hfb-mobile-header-display":"","site-post-title":"","ast-breadcrumbs-content":"","ast-featured-img":"","footer-sml-layout":"","ast-disable-related-posts":"","theme-transparent-header-meta":"default","adv-header-id-meta":"","stick-header-meta":"default","header-above-stick-meta":"","header-main-stick-meta":"","header-below-stick-meta":"","astra-migrate-meta-layouts":"set","ast-page-background-enabled":"default","ast-page-background-meta":{"desktop":{"background-color":"var(--ast-global-color-4)","background-image":"","background-repeat":"repeat","background-position":"center center","background-size":"auto","background-attachment":"scroll","background-type":"","background-media":"","overlay-type":"","overlay-color":"","overlay-opacity":"","overlay-gradient":""},"tablet":{"background-color":"","background-image":"","background-repeat":"repeat","background-position":"center center","background-size":"auto","background-attachment":"scroll","background-type":"","background-media":"","overlay-type":"","overlay-color":"","overlay-opacity":"","overlay-gradient":""},"mobile":{"background-color":"","background-image":"","background-repeat":"repeat","background-position":"center center","background-size":"auto","background-attachment":"scroll","background-type":"","background-media":"","overlay-type":"","overlay-color":"","overlay-opacity":"","overlay-gradient":""}},"ast-content-background-meta":{"desktop":{"background-color":"var(--ast-global-color-5)","background-image":"","background-repeat":"repeat","background-position":"center center","background-size":"auto","background-attachment":"scroll","background-type":"","background-media":"","overlay-type":"","overlay-color":"","overlay-opacity":"","overlay-gradient":""},"tablet":{"background-color":"var(--ast-global-color-5)","background-image":"","background-repeat":"repeat","background-position":"center center","background-size":"auto","background-attachment":"scroll","background-type":"","background-media":"","overlay-type":"","overlay-color":"","overlay-opacity":"","overlay-gradient":""},"mobile":{"background-color":"var(--ast-global-color-5)","background-image":"","background-repeat":"repeat","background-position":"center center","background-size":"auto","background-attachment":"scroll","background-type":"","background-media":"","overlay-type":"","overlay-color":"","overlay-opacity":"","overlay-gradient":""}}},"product_brand":[],"product_cat":[1956,1965],"product_tag":[1962,1954,1969],"class_list":{"0":"post-56280","1":"product","2":"type-product","3":"status-publish","4":"has-post-thumbnail","6":"product_cat-inks","7":"product_cat-eternal-ink","8":"product_tag-eternal","9":"product_tag-ink","10":"product_tag-red-ink","11":"desktop-align-center","12":"tablet-align-left","13":"mobile-align-left","14":"ast-product-gallery-layout-horizontal-slider","15":"ast-product-gallery-with-no-image","16":"ast-product-tabs-layout-horizontal","18":"first","19":"instock","20":"taxable","21":"shipping-taxable","22":"purchasable","23":"product-type-simple"},"_links":{"self":[{"href":"https:\/\/rightstuff.eu\/fr\/wp-json\/wp\/v2\/product\/56280","targetHints":{"allow":["GET"]}}],"collection":[{"href":"https:\/\/rightstuff.eu\/fr\/wp-json\/wp\/v2\/product"}],"about":[{"href":"https:\/\/rightstuff.eu\/fr\/wp-json\/wp\/v2\/types\/product"}],"replies":[{"embeddable":true,"href":"https:\/\/rightstuff.eu\/fr\/wp-json\/wp\/v2\/comments?post=56280"}],"version-history":[{"count":0,"href":"https:\/\/rightstuff.eu\/fr\/wp-json\/wp\/v2\/product\/56280\/revisions"}],"wp:featuredmedia":[{"embeddable":true,"href":"https:\/\/rightstuff.eu\/fr\/wp-json\/wp\/v2\/media\/56263"}],"wp:attachment":[{"href":"https:\/\/rightstuff.eu\/fr\/wp-json\/wp\/v2\/media?parent=56280"}],"wp:term":[{"taxonomy":"product_brand","embeddable":true,"href":"https:\/\/rightstuff.eu\/fr\/wp-json\/wp\/v2\/product_brand?post=56280"},{"taxonomy":"product_cat","embeddable":true,"href":"https:\/\/rightstuff.eu\/fr\/wp-json\/wp\/v2\/product_cat?post=56280"},{"taxonomy":"product_tag","embeddable":true,"href":"https:\/\/rightstuff.eu\/fr\/wp-json\/wp\/v2\/product_tag?post=56280"}],"curies":[{"name":"wp","href":"https:\/\/api.w.org\/{rel}","templated":true}]}}