{"id":56233,"date":"2024-11-20T19:04:07","date_gmt":"2024-11-20T18:04:07","guid":{"rendered":"https:\/\/rightstuff.eu\/?post_type=product&#038;p=56233"},"modified":"2026-02-23T12:41:40","modified_gmt":"2026-02-23T11:41:40","slug":"panthera-ink-black-gold","status":"publish","type":"product","link":"https:\/\/rightstuff.eu\/fr\/produit\/panthera-ink-black-gold\/","title":{"rendered":"Encre Panthera - Or noir"},"content":{"rendered":"<p>Panthera Ink Black Gold est une encre noire de tatouage de nouvelle g\u00e9n\u00e9ration, conforme aux derni\u00e8res r\u00e9glementations europ\u00e9ennes REACH. Les techniciens de Panthera Ink ont \u00e9limin\u00e9 l'utilisation de l'alcool isopropylique pour cr\u00e9er une encre noire brillante et sans conservateur.<\/p>\n<p>Black Gold de Panthera Ink est une encre de tatouage qui s'adapte \u00e0 tous les styles et qui est parfaite pour le trac\u00e9, l'ombrage et le remplissage. Pensez-y comme une seule encre noire pour tous vos tatouages !<\/p>\n<p>Panthera Ink Black Gold est compatible avec les produits v\u00e9g\u00e9taliens et sans cruaut\u00e9.<\/p>\n<p><strong>Caract\u00e9ristiques principales :<\/strong><\/p>\n<ul>\n<li>Volume : 30 ou 150 ml<\/li>\n<li>Conforme aux derni\u00e8res r\u00e9glementations REACH de l'UE<\/li>\n<li>Sans danger pour les v\u00e9g\u00e9tariens et sans cruaut\u00e9<\/li>\n<li>St\u00e9rilis\u00e9 par irradiation<\/li>\n<li>Ne contient pas de substances canc\u00e9rig\u00e8nes<\/li>\n<\/ul>","protected":false},"excerpt":{"rendered":"<ul>\n<li>Volume : 30 ou 150 ml<\/li>\n<li>Conforme aux derni\u00e8res r\u00e9glementations REACH de l'UE<\/li>\n<li>Sans danger pour les v\u00e9g\u00e9tariens et sans cruaut\u00e9<\/li>\n<li>St\u00e9rilis\u00e9 par irradiation<\/li>\n<li>Ne contient pas de substances canc\u00e9rig\u00e8nes<\/li>\n<\/ul>","protected":false},"featured_media":56547,"comment_status":"closed","ping_status":"closed","template":"","meta":{"site-sidebar-layout":"default","site-content-layout":"","ast-site-content-layout":"default","site-content-style":"default","site-sidebar-style":"default","ast-global-header-display":"","ast-banner-title-visibility":"","ast-main-header-display":"","ast-hfb-above-header-display":"","ast-hfb-below-header-display":"","ast-hfb-mobile-header-display":"","site-post-title":"","ast-breadcrumbs-content":"","ast-featured-img":"","footer-sml-layout":"","ast-disable-related-posts":"","theme-transparent-header-meta":"default","adv-header-id-meta":"","stick-header-meta":"default","header-above-stick-meta":"","header-main-stick-meta":"","header-below-stick-meta":"","astra-migrate-meta-layouts":"set","ast-page-background-enabled":"default","ast-page-background-meta":{"desktop":{"background-color":"var(--ast-global-color-4)","background-image":"","background-repeat":"repeat","background-position":"center center","background-size":"auto","background-attachment":"scroll","background-type":"","background-media":"","overlay-type":"","overlay-color":"","overlay-opacity":"","overlay-gradient":""},"tablet":{"background-color":"","background-image":"","background-repeat":"repeat","background-position":"center center","background-size":"auto","background-attachment":"scroll","background-type":"","background-media":"","overlay-type":"","overlay-color":"","overlay-opacity":"","overlay-gradient":""},"mobile":{"background-color":"","background-image":"","background-repeat":"repeat","background-position":"center center","background-size":"auto","background-attachment":"scroll","background-type":"","background-media":"","overlay-type":"","overlay-color":"","overlay-opacity":"","overlay-gradient":""}},"ast-content-background-meta":{"desktop":{"background-color":"var(--ast-global-color-5)","background-image":"","background-repeat":"repeat","background-position":"center center","background-size":"auto","background-attachment":"scroll","background-type":"","background-media":"","overlay-type":"","overlay-color":"","overlay-opacity":"","overlay-gradient":""},"tablet":{"background-color":"var(--ast-global-color-5)","background-image":"","background-repeat":"repeat","background-position":"center center","background-size":"auto","background-attachment":"scroll","background-type":"","background-media":"","overlay-type":"","overlay-color":"","overlay-opacity":"","overlay-gradient":""},"mobile":{"background-color":"var(--ast-global-color-5)","background-image":"","background-repeat":"repeat","background-position":"center center","background-size":"auto","background-attachment":"scroll","background-type":"","background-media":"","overlay-type":"","overlay-color":"","overlay-opacity":"","overlay-gradient":""}}},"product_brand":[],"product_cat":[1956,1964],"product_tag":[1954,1960],"class_list":{"0":"post-56233","1":"product","2":"type-product","3":"status-publish","4":"has-post-thumbnail","6":"product_cat-inks","7":"product_cat-black-white-inks","8":"product_tag-ink","9":"product_tag-panther","10":"desktop-align-center","11":"tablet-align-left","12":"mobile-align-left","13":"ast-product-gallery-layout-horizontal-slider","14":"ast-product-gallery-with-no-image","15":"ast-product-single-variable","16":"ast-product-tabs-layout-horizontal","18":"first","19":"outofstock","20":"taxable","21":"shipping-taxable","22":"purchasable","23":"product-type-variable"},"_links":{"self":[{"href":"https:\/\/rightstuff.eu\/fr\/wp-json\/wp\/v2\/product\/56233","targetHints":{"allow":["GET"]}}],"collection":[{"href":"https:\/\/rightstuff.eu\/fr\/wp-json\/wp\/v2\/product"}],"about":[{"href":"https:\/\/rightstuff.eu\/fr\/wp-json\/wp\/v2\/types\/product"}],"replies":[{"embeddable":true,"href":"https:\/\/rightstuff.eu\/fr\/wp-json\/wp\/v2\/comments?post=56233"}],"version-history":[{"count":0,"href":"https:\/\/rightstuff.eu\/fr\/wp-json\/wp\/v2\/product\/56233\/revisions"}],"wp:featuredmedia":[{"embeddable":true,"href":"https:\/\/rightstuff.eu\/fr\/wp-json\/wp\/v2\/media\/56547"}],"wp:attachment":[{"href":"https:\/\/rightstuff.eu\/fr\/wp-json\/wp\/v2\/media?parent=56233"}],"wp:term":[{"taxonomy":"product_brand","embeddable":true,"href":"https:\/\/rightstuff.eu\/fr\/wp-json\/wp\/v2\/product_brand?post=56233"},{"taxonomy":"product_cat","embeddable":true,"href":"https:\/\/rightstuff.eu\/fr\/wp-json\/wp\/v2\/product_cat?post=56233"},{"taxonomy":"product_tag","embeddable":true,"href":"https:\/\/rightstuff.eu\/fr\/wp-json\/wp\/v2\/product_tag?post=56233"}],"curies":[{"name":"wp","href":"https:\/\/api.w.org\/{rel}","templated":true}]}}