{"id":56122,"date":"2024-09-27T00:59:01","date_gmt":"2024-09-26T22:59:01","guid":{"rendered":"https:\/\/rightstuff.eu\/?post_type=product&#038;p=56122"},"modified":"2025-07-15T14:29:49","modified_gmt":"2025-07-15T12:29:49","slug":"minidozzer-trueliner-rs-x-stm","status":"publish","type":"product","link":"https:\/\/rightstuff.eu\/fr\/produit\/minidozzer-trueliner-rs-x-stm\/","title":{"rendered":"miniDOZZER TrueLiner RS x STM"},"content":{"rendered":"<p>Les artistes qui viennent de faire leurs premiers pas timides dans une activit\u00e9 qui s'appelle le tatouage, commettent souvent la plus grosse erreur. Ils commencent \u00e0 \u00e9conomiser sur l'\u00e9quipement et essaient m\u00eame de remplacer les appareils fabriqu\u00e9s dans le commerce par ceux qu'ils fabriquent eux-m\u00eames. D\u00e9sireux d'aider chaque ma\u00eetre, travaillant avec des peintures de peau, le magasin Right Stuff leur propose de commander une machine \u00e0 tatouer miniDOZZER TrueLiner bon march\u00e9. Contrairement aux appareils l\u00e9gers non professionnels tr\u00e8s bon march\u00e9, cet appareil a une dur\u00e9e de vie plus longue et la meilleure qualit\u00e9 pour cr\u00e9er des lignes r\u00e9guli\u00e8res et des images claires sans aucun flou.<\/p>\n<p>Cet article avec des bobines de 26 mm et 9 spires, dont l'armature est cr\u00e9\u00e9e en bronze patin\u00e9, a un poids de 220 grammes. Cela peut te sembler un peu lourd au d\u00e9but. Cependant, cet appareil a \u00e9t\u00e9 con\u00e7u pour te faciliter la t\u00e2che, et tu ne tarderas donc pas \u00e0 l'appr\u00e9cier. Lorsque tu cr\u00e9eras le contour d'un tatouage pour un client, tu ne sentiras aucune vibration ou seulement une tr\u00e8s l\u00e9g\u00e8re secousse. Utilise des aiguilles de 7 \u00e0 14 Rl avec ce liner ; fais-le fonctionner \u00e0 une fr\u00e9quence de 140 Hz et \u00e0 une tension de 6,5 V.<\/p>","protected":false},"excerpt":{"rendered":"<p>Le cadre est usin\u00e9 \u00e0 partir d'une seule pi\u00e8ce de laiton.<\/p>\n<p>Carved and engraved by Sancez \u2013 STM Tattoo Machine<\/p>\n<p>Carving may differ from the one shown on the photo<br \/>\nHigh quality custom coils \u2013 26 mm * 8 wraps<br \/>\nQuincaillerie en acier<br \/>\nAiguilles pr\u00e9f\u00e9r\u00e9es 7-14rl<br \/>\nCourse longue<br \/>\nRuns 130hz at 6,5 volt -unloaded<\/p>\n<p>Le poids de la machine \u00e0 tatouer est de 200 gr.<\/p>","protected":false},"featured_media":57051,"comment_status":"open","ping_status":"closed","template":"","meta":{"site-sidebar-layout":"default","site-content-layout":"","ast-site-content-layout":"default","site-content-style":"default","site-sidebar-style":"default","ast-global-header-display":"","ast-banner-title-visibility":"","ast-main-header-display":"","ast-hfb-above-header-display":"","ast-hfb-below-header-display":"","ast-hfb-mobile-header-display":"","site-post-title":"","ast-breadcrumbs-content":"","ast-featured-img":"","footer-sml-layout":"","ast-disable-related-posts":"","theme-transparent-header-meta":"default","adv-header-id-meta":"","stick-header-meta":"default","header-above-stick-meta":"","header-main-stick-meta":"","header-below-stick-meta":"","astra-migrate-meta-layouts":"set","ast-page-background-enabled":"default","ast-page-background-meta":{"desktop":{"background-color":"var(--ast-global-color-4)","background-image":"","background-repeat":"repeat","background-position":"center center","background-size":"auto","background-attachment":"scroll","background-type":"","background-media":"","overlay-type":"","overlay-color":"","overlay-opacity":"","overlay-gradient":""},"tablet":{"background-color":"","background-image":"","background-repeat":"repeat","background-position":"center center","background-size":"auto","background-attachment":"scroll","background-type":"","background-media":"","overlay-type":"","overlay-color":"","overlay-opacity":"","overlay-gradient":""},"mobile":{"background-color":"","background-image":"","background-repeat":"repeat","background-position":"center center","background-size":"auto","background-attachment":"scroll","background-type":"","background-media":"","overlay-type":"","overlay-color":"","overlay-opacity":"","overlay-gradient":""}},"ast-content-background-meta":{"desktop":{"background-color":"var(--ast-global-color-5)","background-image":"","background-repeat":"repeat","background-position":"center center","background-size":"auto","background-attachment":"scroll","background-type":"","background-media":"","overlay-type":"","overlay-color":"","overlay-opacity":"","overlay-gradient":""},"tablet":{"background-color":"var(--ast-global-color-5)","background-image":"","background-repeat":"repeat","background-position":"center center","background-size":"auto","background-attachment":"scroll","background-type":"","background-media":"","overlay-type":"","overlay-color":"","overlay-opacity":"","overlay-gradient":""},"mobile":{"background-color":"var(--ast-global-color-5)","background-image":"","background-repeat":"repeat","background-position":"center center","background-size":"auto","background-attachment":"scroll","background-type":"","background-media":"","overlay-type":"","overlay-color":"","overlay-opacity":"","overlay-gradient":""}}},"product_brand":[],"product_cat":[32],"product_tag":[82,93,83,99,1801,87,91,95,72],"class_list":{"0":"post-56122","1":"product","2":"type-product","3":"status-publish","4":"has-post-thumbnail","6":"product_cat-dozzer","7":"product_tag-coil-tattoo-machines","8":"product_tag-custom-tattoo-guns","9":"product_tag-custom-tattoo-machines","10":"product_tag-handmade-tattoo-machines","11":"product_tag-machines-a-tatouer-les-bobines","12":"product_tag-professional-tattoo-machines","13":"product_tag-tattoo-equipment","14":"product_tag-tattoo-guns","15":"product_tag-tattoo-machine-coils","16":"desktop-align-center","17":"tablet-align-left","18":"mobile-align-left","19":"ast-product-gallery-layout-horizontal-slider","20":"ast-product-tabs-layout-horizontal","22":"first","23":"outofstock","24":"taxable","25":"shipping-taxable","26":"purchasable","27":"product-type-simple"},"_links":{"self":[{"href":"https:\/\/rightstuff.eu\/fr\/wp-json\/wp\/v2\/product\/56122","targetHints":{"allow":["GET"]}}],"collection":[{"href":"https:\/\/rightstuff.eu\/fr\/wp-json\/wp\/v2\/product"}],"about":[{"href":"https:\/\/rightstuff.eu\/fr\/wp-json\/wp\/v2\/types\/product"}],"replies":[{"embeddable":true,"href":"https:\/\/rightstuff.eu\/fr\/wp-json\/wp\/v2\/comments?post=56122"}],"version-history":[{"count":0,"href":"https:\/\/rightstuff.eu\/fr\/wp-json\/wp\/v2\/product\/56122\/revisions"}],"wp:featuredmedia":[{"embeddable":true,"href":"https:\/\/rightstuff.eu\/fr\/wp-json\/wp\/v2\/media\/57051"}],"wp:attachment":[{"href":"https:\/\/rightstuff.eu\/fr\/wp-json\/wp\/v2\/media?parent=56122"}],"wp:term":[{"taxonomy":"product_brand","embeddable":true,"href":"https:\/\/rightstuff.eu\/fr\/wp-json\/wp\/v2\/product_brand?post=56122"},{"taxonomy":"product_cat","embeddable":true,"href":"https:\/\/rightstuff.eu\/fr\/wp-json\/wp\/v2\/product_cat?post=56122"},{"taxonomy":"product_tag","embeddable":true,"href":"https:\/\/rightstuff.eu\/fr\/wp-json\/wp\/v2\/product_tag?post=56122"}],"curies":[{"name":"wp","href":"https:\/\/api.w.org\/{rel}","templated":true}]}}